{"id":1084,"date":"2022-02-03T09:19:54","date_gmt":"2022-02-03T09:19:54","guid":{"rendered":"https:\/\/aplanet.org\/campaign\/?page_id=1084"},"modified":"2023-05-24T13:36:44","modified_gmt":"2023-05-24T13:36:44","slug":"pt-netzero","status":"publish","type":"page","link":"https:\/\/aplanet.org\/campaign\/pt-netzero\/","title":{"rendered":"NetZero-PT"},"content":{"rendered":"\t\t<div data-elementor-type=\"wp-page\" data-elementor-id=\"1084\" class=\"elementor elementor-1084\">\n\t\t\t\t\t\t<section class=\"elementor-section elementor-top-section elementor-element elementor-element-8ef0c43 elementor-section-boxed elementor-section-height-default elementor-section-height-default\" data-id=\"8ef0c43\" data-element_type=\"section\" data-e-type=\"section\" data-settings=\"{&quot;background_background&quot;:&quot;classic&quot;}\">\n\t\t\t\t\t\t<div class=\"elementor-container elementor-column-gap-default\">\n\t\t\t\t\t<div class=\"elementor-column elementor-col-50 elementor-top-column elementor-element elementor-element-7eef0ab\" data-id=\"7eef0ab\" data-element_type=\"column\" data-e-type=\"column\">\n\t\t\t<div class=\"elementor-widget-wrap elementor-element-populated\">\n\t\t\t\t\t\t<div class=\"elementor-element elementor-element-8d6326f elementor-widget elementor-widget-image\" data-id=\"8d6326f\" data-element_type=\"widget\" data-e-type=\"widget\" data-widget_type=\"image.default\">\n\t\t\t\t<div class=\"elementor-widget-container\">\n\t\t\t\t\t\t\t\t\t\t\t\t\t\t\t<img decoding=\"async\" width=\"300\" height=\"36\" src=\"https:\/\/aplanet.org\/campaign\/wp-content\/uploads\/2023\/03\/APLANET_logoN-1.png\" class=\"attachment-large size-large wp-image-4089\" alt=\"\" \/>\t\t\t\t\t\t\t\t\t\t\t\t\t\t\t<\/div>\n\t\t\t\t<\/div>\n\t\t\t\t\t<\/div>\n\t\t<\/div>\n\t\t\t\t<div class=\"elementor-column elementor-col-50 elementor-top-column elementor-element elementor-element-d55cb24\" data-id=\"d55cb24\" data-element_type=\"column\" data-e-type=\"column\">\n\t\t\t<div class=\"elementor-widget-wrap elementor-element-populated\">\n\t\t\t\t\t\t<div class=\"elementor-element elementor-element-4cbcbe2 elementor-hidden-mobile elementor-widget elementor-widget-heading\" data-id=\"4cbcbe2\" data-element_type=\"widget\" data-e-type=\"widget\" data-widget_type=\"heading.default\">\n\t\t\t\t<div class=\"elementor-widget-container\">\n\t\t\t\t\t<h4 class=\"elementor-heading-title elementor-size-default\">Net Zero<\/h4>\t\t\t\t<\/div>\n\t\t\t\t<\/div>\n\t\t\t\t\t<\/div>\n\t\t<\/div>\n\t\t\t\t\t<\/div>\n\t\t<\/section>\n\t\t\t\t<section class=\"elementor-section elementor-top-section elementor-element elementor-element-bf55f12 elementor-section-boxed elementor-section-height-default elementor-section-height-default\" data-id=\"bf55f12\" data-element_type=\"section\" data-e-type=\"section\" data-settings=\"{&quot;background_background&quot;:&quot;classic&quot;}\">\n\t\t\t\t\t\t<div class=\"elementor-container elementor-column-gap-default\">\n\t\t\t\t\t<div class=\"elementor-column elementor-col-100 elementor-top-column elementor-element elementor-element-ea5e906\" data-id=\"ea5e906\" data-element_type=\"column\" data-e-type=\"column\">\n\t\t\t<div class=\"elementor-widget-wrap elementor-element-populated\">\n\t\t\t\t\t\t<div class=\"elementor-element elementor-element-3774b2c elementor-widget-divider--view-line elementor-widget elementor-widget-divider\" data-id=\"3774b2c\" data-element_type=\"widget\" data-e-type=\"widget\" data-widget_type=\"divider.default\">\n\t\t\t\t<div class=\"elementor-widget-container\">\n\t\t\t\t\t\t\t<div class=\"elementor-divider\">\n\t\t\t<span class=\"elementor-divider-separator\">\n\t\t\t\t\t\t<\/span>\n\t\t<\/div>\n\t\t\t\t\t\t<\/div>\n\t\t\t\t<\/div>\n\t\t\t\t\t<\/div>\n\t\t<\/div>\n\t\t\t\t\t<\/div>\n\t\t<\/section>\n\t\t\t\t<section class=\"elementor-section elementor-top-section elementor-element elementor-element-7674fed elementor-section-boxed elementor-section-height-default elementor-section-height-default\" data-id=\"7674fed\" data-element_type=\"section\" data-e-type=\"section\" data-settings=\"{&quot;background_background&quot;:&quot;classic&quot;}\">\n\t\t\t\t\t\t<div class=\"elementor-container elementor-column-gap-default\">\n\t\t\t\t\t<div class=\"elementor-column elementor-col-100 elementor-top-column elementor-element elementor-element-40f9e63\" data-id=\"40f9e63\" data-element_type=\"column\" data-e-type=\"column\">\n\t\t\t<div class=\"elementor-widget-wrap elementor-element-populated\">\n\t\t\t\t\t\t<div class=\"elementor-element elementor-element-5448cd3 elementor-widget elementor-widget-spacer\" data-id=\"5448cd3\" data-element_type=\"widget\" data-e-type=\"widget\" data-widget_type=\"spacer.default\">\n\t\t\t\t<div class=\"elementor-widget-container\">\n\t\t\t\t\t\t\t<div class=\"elementor-spacer\">\n\t\t\t<div class=\"elementor-spacer-inner\"><\/div>\n\t\t<\/div>\n\t\t\t\t\t\t<\/div>\n\t\t\t\t<\/div>\n\t\t\t\t<section class=\"elementor-section elementor-inner-section elementor-element elementor-element-2b6619e elementor-section-boxed elementor-section-height-default elementor-section-height-default\" data-id=\"2b6619e\" data-element_type=\"section\" data-e-type=\"section\">\n\t\t\t\t\t\t<div class=\"elementor-container elementor-column-gap-default\">\n\t\t\t\t\t<div class=\"elementor-column elementor-col-50 elementor-inner-column elementor-element elementor-element-ca99cf6\" data-id=\"ca99cf6\" data-element_type=\"column\" data-e-type=\"column\">\n\t\t\t<div class=\"elementor-widget-wrap elementor-element-populated\">\n\t\t\t\t\t\t<div class=\"elementor-element elementor-element-236f49a elementor-widget elementor-widget-text-editor\" data-id=\"236f49a\" data-element_type=\"widget\" data-e-type=\"widget\" data-widget_type=\"text-editor.default\">\n\t\t\t\t<div class=\"elementor-widget-container\">\n\t\t\t\t\t\t\t\t\t<p><\/p>\n<p><span style=\"font-weight: 400; color: #000000;\">Abordar o impacto ambiental da sua empresa \u00e9 essencial para o sucesso e para a longevidade do seu modelo de neg\u00f3cio, independentemente da dimens\u00e3o da empresa.<\/span><\/p>\n<p><span style=\"color: #000000;\"><span style=\"font-weight: 400;\">\u00a0A <\/span><b>descarboniza\u00e7\u00e3o<\/b><span style=\"font-weight: 400;\"> est\u00e1 no centro de todas as agendas da pol\u00edtica clim\u00e1tica, por isso, quanto mais cedo conseguir fazer esta transi\u00e7\u00e3o na sua atividade, melhor ser\u00e1 o resultado, quer para para a empresa, quer para a sociedade como um todo.\u00a0<\/span><\/span><\/p>\n<p><span style=\"color: #000000;\"><span style=\"font-weight: 400;\">Assim, e no sentido de lhe disponibilizar informa\u00e7\u00e3o \u00fatil e pr\u00e1tica, prepar\u00e1mos um guia, que pode facilmente descarregar, descrevendo de que <\/span><b>forma uma organiza\u00e7\u00e3o pode atingir emiss\u00f5es l\u00edquidas zero.\u00a0<\/b><\/span><\/p>\n<p><br \/><span style=\"color: #000000;\"><span style=\"font-weight: 400;\">Com este guia poder\u00e1 compreender o que s\u00e3o emiss\u00f5es l\u00edquidas zero (de uma forma cred\u00edvel e exequ\u00edvel) no \u00e2mbito do seu neg\u00f3cio, que <\/span><b>passos dar para criar uma estrat\u00e9gia de emiss\u00f5es zero<\/b><span style=\"font-weight: 400;\"> e diferentes medidas a implementar para a gest\u00e3o das emiss\u00f5es.<\/span><\/span><\/p>\t\t\t\t\t\t\t\t<\/div>\n\t\t\t\t<\/div>\n\t\t\t\t\t<\/div>\n\t\t<\/div>\n\t\t\t\t<div class=\"elementor-column elementor-col-50 elementor-inner-column elementor-element elementor-element-6c694c8\" data-id=\"6c694c8\" data-element_type=\"column\" data-e-type=\"column\">\n\t\t\t<div class=\"elementor-widget-wrap elementor-element-populated\">\n\t\t\t\t\t\t<div class=\"elementor-element elementor-element-eaa290c elementor-widget elementor-widget-image\" data-id=\"eaa290c\" data-element_type=\"widget\" data-e-type=\"widget\" data-widget_type=\"image.default\">\n\t\t\t\t<div class=\"elementor-widget-container\">\n\t\t\t\t\t\t\t\t\t\t\t\t\t\t\t<img fetchpriority=\"high\" decoding=\"async\" width=\"1200\" height=\"1200\" src=\"https:\/\/aplanet.org\/campaign\/wp-content\/uploads\/2023\/05\/GUIA_NetZero_Mockup_Landing_1200x1200_PTBR-1.png\" class=\"attachment-full size-full wp-image-5855\" alt=\"\" srcset=\"https:\/\/aplanet.org\/campaign\/wp-content\/uploads\/2023\/05\/GUIA_NetZero_Mockup_Landing_1200x1200_PTBR-1.png 1200w, https:\/\/aplanet.org\/campaign\/wp-content\/uploads\/2023\/05\/GUIA_NetZero_Mockup_Landing_1200x1200_PTBR-1-300x300.png 300w, https:\/\/aplanet.org\/campaign\/wp-content\/uploads\/2023\/05\/GUIA_NetZero_Mockup_Landing_1200x1200_PTBR-1-1024x1024.png 1024w, https:\/\/aplanet.org\/campaign\/wp-content\/uploads\/2023\/05\/GUIA_NetZero_Mockup_Landing_1200x1200_PTBR-1-150x150.png 150w, https:\/\/aplanet.org\/campaign\/wp-content\/uploads\/2023\/05\/GUIA_NetZero_Mockup_Landing_1200x1200_PTBR-1-768x768.png 768w\" sizes=\"(max-width: 1200px) 100vw, 1200px\" \/>\t\t\t\t\t\t\t\t\t\t\t\t\t\t\t<\/div>\n\t\t\t\t<\/div>\n\t\t\t\t\t<\/div>\n\t\t<\/div>\n\t\t\t\t\t<\/div>\n\t\t<\/section>\n\t\t\t\t<div class=\"elementor-element elementor-element-985131d elementor-widget-divider--view-line elementor-widget elementor-widget-divider\" data-id=\"985131d\" data-element_type=\"widget\" data-e-type=\"widget\" data-widget_type=\"divider.default\">\n\t\t\t\t<div class=\"elementor-widget-container\">\n\t\t\t\t\t\t\t<div class=\"elementor-divider\">\n\t\t\t<span class=\"elementor-divider-separator\">\n\t\t\t\t\t\t<\/span>\n\t\t<\/div>\n\t\t\t\t\t\t<\/div>\n\t\t\t\t<\/div>\n\t\t\t\t<div class=\"elementor-element elementor-element-b34bdd6 elementor-widget elementor-widget-html\" data-id=\"b34bdd6\" data-element_type=\"widget\" data-e-type=\"widget\" data-widget_type=\"html.default\">\n\t\t\t\t<div class=\"elementor-widget-container\">\n\t\t\t\t\t<!-- [if lte IE 8]>\r\n<script charset=\"utf-8\" type=\"text\/javascript\" src=\"\/\/js.hsforms.net\/forms\/v2-legacy.js\"><\/script>\r\n<![endif]-->\r\n<p><script charset=\"utf-8\" type=\"text\/javascript\" src=\"\/\/js.hsforms.net\/forms\/v2.js\"><\/script> <script>\r\n  hbspt.forms.create({\r\n\tregion: \"na1\",\r\n\tportalId: \"5618409\",\r\n\tformId: \"af28a84c-7617-49d5-923b-d9c90edf88d1\"\r\n});\r\n<\/script><\/p>\t\t\t\t<\/div>\n\t\t\t\t<\/div>\n\t\t\t\t\t<\/div>\n\t\t<\/div>\n\t\t\t\t\t<\/div>\n\t\t<\/section>\n\t\t\t\t<section class=\"elementor-section elementor-top-section elementor-element elementor-element-5466bb6 elementor-section-boxed elementor-section-height-default elementor-section-height-default\" data-id=\"5466bb6\" data-element_type=\"section\" data-e-type=\"section\">\n\t\t\t\t\t\t<div class=\"elementor-container elementor-column-gap-default\">\n\t\t\t\t\t<div class=\"elementor-column elementor-col-100 elementor-top-column elementor-element elementor-element-e58e6fc\" data-id=\"e58e6fc\" data-element_type=\"column\" data-e-type=\"column\">\n\t\t\t<div class=\"elementor-widget-wrap elementor-element-populated\">\n\t\t\t\t\t\t<div class=\"elementor-element elementor-element-f57e188 elementor-widget-divider--view-line elementor-widget elementor-widget-divider\" data-id=\"f57e188\" data-element_type=\"widget\" data-e-type=\"widget\" data-widget_type=\"divider.default\">\n\t\t\t\t<div class=\"elementor-widget-container\">\n\t\t\t\t\t\t\t<div class=\"elementor-divider\">\n\t\t\t<span class=\"elementor-divider-separator\">\n\t\t\t\t\t\t<\/span>\n\t\t<\/div>\n\t\t\t\t\t\t<\/div>\n\t\t\t\t<\/div>\n\t\t\t\t\t<\/div>\n\t\t<\/div>\n\t\t\t\t\t<\/div>\n\t\t<\/section>\n\t\t\t\t<section class=\"elementor-section elementor-top-section elementor-element elementor-element-90b9478 elementor-section-boxed elementor-section-height-default elementor-section-height-default\" data-id=\"90b9478\" data-element_type=\"section\" data-e-type=\"section\">\n\t\t\t\t\t\t<div class=\"elementor-container elementor-column-gap-default\">\n\t\t\t\t\t<div class=\"elementor-column elementor-col-50 elementor-top-column elementor-element elementor-element-12c5d64\" data-id=\"12c5d64\" data-element_type=\"column\" data-e-type=\"column\">\n\t\t\t<div class=\"elementor-widget-wrap elementor-element-populated\">\n\t\t\t\t\t\t<div class=\"elementor-element elementor-element-3e1cab7 elementor-widget elementor-widget-text-editor\" data-id=\"3e1cab7\" data-element_type=\"widget\" data-e-type=\"widget\" data-widget_type=\"text-editor.default\">\n\t\t\t\t<div class=\"elementor-widget-container\">\n\t\t\t\t\t\t\t\t\t<p style=\"text-align: left;\"><span style=\"color: #000000;\"><a style=\"color: #000000;\" href=\"https:\/\/aplanet.org\/fr\/termes-et-les-conditions\/\" target=\"_blank\" rel=\"noopener\">Termes et les conditions<\/a> &#8211;\u00a0<\/span><span style=\"color: #000000;\"><a style=\"color: #000000;\" href=\"https:\/\/aplanet.org\/fr\/politique-de-confidentialite\/\" target=\"_blank\" rel=\"noopener\">Politique de Confidentialite<\/a> &#8211;\u00a0<\/span><span style=\"color: #000000;\"><a style=\"color: #000000;\" href=\"https:\/\/aplanet.org\/fr\/politique-de-cookies\/\" target=\"_blank\" rel=\"noopener\">Politique de Cookies<\/a><\/span><\/p><p>Copyright 2023 @APLANET<\/p>\t\t\t\t\t\t\t\t<\/div>\n\t\t\t\t<\/div>\n\t\t\t\t\t<\/div>\n\t\t<\/div>\n\t\t\t\t<div class=\"elementor-column elementor-col-50 elementor-top-column elementor-element elementor-element-780054a\" data-id=\"780054a\" data-element_type=\"column\" data-e-type=\"column\">\n\t\t\t<div class=\"elementor-widget-wrap elementor-element-populated\">\n\t\t\t\t\t\t<div class=\"elementor-element elementor-element-747da26 elementor-widget elementor-widget-image\" data-id=\"747da26\" data-element_type=\"widget\" data-e-type=\"widget\" data-widget_type=\"image.default\">\n\t\t\t\t<div class=\"elementor-widget-container\">\n\t\t\t\t\t\t\t\t\t\t\t\t\t\t\t<img decoding=\"async\" width=\"293\" height=\"92\" src=\"https:\/\/aplanet.org\/campaign\/wp-content\/uploads\/2023\/04\/footer_TaglineAPLANET.png\" class=\"attachment-large size-large wp-image-4405\" alt=\"\" \/>\t\t\t\t\t\t\t\t\t\t\t\t\t\t\t<\/div>\n\t\t\t\t<\/div>\n\t\t\t\t\t<\/div>\n\t\t<\/div>\n\t\t\t\t\t<\/div>\n\t\t<\/section>\n\t\t\t\t<\/div>\n\t\t","protected":false},"excerpt":{"rendered":"<p>Net Zero Abordar o impacto ambiental da sua empresa \u00e9 essencial para o sucesso e para a longevidade do seu modelo de neg\u00f3cio, independentemente da dimens\u00e3o da empresa. \u00a0A descarboniza\u00e7\u00e3o est\u00e1 no centro de todas as agendas da pol\u00edtica clim\u00e1tica, por isso, quanto mais cedo conseguir fazer esta transi\u00e7\u00e3o na sua atividade, melhor ser\u00e1 o &#8230; <a title=\"NetZero-PT\" class=\"read-more\" href=\"https:\/\/aplanet.org\/campaign\/pt-netzero\/\" aria-label=\"Leer m\u00e1s sobre NetZero-PT\">Leer m\u00e1s<\/a><\/p>\n","protected":false},"author":5,"featured_media":0,"parent":0,"menu_order":0,"comment_status":"closed","ping_status":"closed","template":"elementor_canvas","meta":{"inline_featured_image":false,"footnotes":""},"categories":[],"tags":[8],"class_list":{"0":"post-1084","1":"page","2":"type-page","3":"status-publish","5":"tag-pt"},"_links":{"self":[{"href":"https:\/\/aplanet.org\/campaign\/wp-json\/wp\/v2\/pages\/1084","targetHints":{"allow":["GET"]}}],"collection":[{"href":"https:\/\/aplanet.org\/campaign\/wp-json\/wp\/v2\/pages"}],"about":[{"href":"https:\/\/aplanet.org\/campaign\/wp-json\/wp\/v2\/types\/page"}],"author":[{"embeddable":true,"href":"https:\/\/aplanet.org\/campaign\/wp-json\/wp\/v2\/users\/5"}],"replies":[{"embeddable":true,"href":"https:\/\/aplanet.org\/campaign\/wp-json\/wp\/v2\/comments?post=1084"}],"version-history":[{"count":20,"href":"https:\/\/aplanet.org\/campaign\/wp-json\/wp\/v2\/pages\/1084\/revisions"}],"predecessor-version":[{"id":5858,"href":"https:\/\/aplanet.org\/campaign\/wp-json\/wp\/v2\/pages\/1084\/revisions\/5858"}],"wp:attachment":[{"href":"https:\/\/aplanet.org\/campaign\/wp-json\/wp\/v2\/media?parent=1084"}],"wp:term":[{"taxonomy":"category","embeddable":true,"href":"https:\/\/aplanet.org\/campaign\/wp-json\/wp\/v2\/categories?post=1084"},{"taxonomy":"post_tag","embeddable":true,"href":"https:\/\/aplanet.org\/campaign\/wp-json\/wp\/v2\/tags?post=1084"}],"curies":[{"name":"wp","href":"https:\/\/api.w.org\/{rel}","templated":true}]}}