{"id":12,"date":"2021-09-16T11:12:46","date_gmt":"2021-09-16T11:12:46","guid":{"rendered":"https:\/\/aplanet.org\/campaign\/?page_id=12"},"modified":"2022-10-03T16:06:15","modified_gmt":"2022-10-03T16:06:15","slug":"es-guia-einf-2021","status":"publish","type":"page","link":"https:\/\/aplanet.org\/campaign\/es-guia-einf-2021\/","title":{"rendered":"ES\/Guia-EINF-2021"},"content":{"rendered":"\t\t<div data-elementor-type=\"wp-page\" data-elementor-id=\"12\" class=\"elementor elementor-12\">\n\t\t\t\t\t\t<section class=\"elementor-section elementor-top-section elementor-element elementor-element-8467817 elementor-section-height-min-height elementor-section-stretched elementor-section-boxed elementor-section-height-default elementor-section-items-middle\" data-id=\"8467817\" data-element_type=\"section\" data-e-type=\"section\" data-settings=\"{&quot;stretch_section&quot;:&quot;section-stretched&quot;,&quot;background_background&quot;:&quot;gradient&quot;}\">\n\t\t\t\t\t\t<div class=\"elementor-container elementor-column-gap-wide\">\n\t\t\t\t\t<div class=\"elementor-column elementor-col-50 elementor-top-column elementor-element elementor-element-82ca4c2\" data-id=\"82ca4c2\" data-element_type=\"column\" data-e-type=\"column\">\n\t\t\t<div class=\"elementor-widget-wrap elementor-element-populated\">\n\t\t\t\t\t\t<div class=\"elementor-element elementor-element-7185e82 elementor-widget elementor-widget-heading\" data-id=\"7185e82\" data-element_type=\"widget\" data-e-type=\"widget\" data-widget_type=\"heading.default\">\n\t\t\t\t<div class=\"elementor-widget-container\">\n\t\t\t\t\t<h1 class=\"elementor-heading-title elementor-size-default\"><h1><strong>\u00bfEst\u00e1 tu organizaci\u00f3n obligada a presentar un informe no financiero?<\/strong><\/h1><\/h1>\t\t\t\t<\/div>\n\t\t\t\t<\/div>\n\t\t\t\t<div class=\"elementor-element elementor-element-969e4e8 elementor-widget elementor-widget-text-editor\" data-id=\"969e4e8\" data-element_type=\"widget\" data-e-type=\"widget\" data-widget_type=\"text-editor.default\">\n\t\t\t\t<div class=\"elementor-widget-container\">\n\t\t\t\t\t\t\t\t\t<div class=\"p-rich_text_section\">En Espa\u00f1a hay miles de empresas obligadas por ley a presentar su informaci\u00f3n no financiera.<\/div>\n<div>&nbsp;<\/div>\n<div class=\"p-rich_text_section\">Nuestra gu\u00eda te ofrece una visi\u00f3n pr\u00e1ctica y una orientaci\u00f3n paso a paso sobre c\u00f3mo elaborar tu EINF para 2022.<\/div>\n<div>&nbsp;<\/div>\n<div class=\"p-rich_text_section\"><b>\u00bfQu\u00e9 informaci\u00f3n lleva la gu\u00eda practica para la elaboraci\u00f3n del EINF?<\/b><\/div>\n<div>&nbsp;<\/div>\n<ul class=\"p-rich_text_list p-rich_text_list__bullet\" data-stringify-type=\"unordered-list\" data-indent=\"0\" data-border=\"false\" data-border-radius-top-cap=\"false\" data-border-radius-bottom-cap=\"false\">\n<li data-stringify-indent=\"0\" data-stringify-border=\"0\">Contexto y objetivos principales.<\/li>\n<li data-stringify-indent=\"0\" data-stringify-border=\"0\">\u00bfQu\u00e9 organizaciones est\u00e1n obligadas?<\/li>\n<li data-stringify-indent=\"0\" data-stringify-border=\"0\">Plazos para presentar el EINF.<\/li>\n<li data-stringify-indent=\"0\" data-stringify-border=\"0\">\u00bfQu\u00e9 contenido debes incluir en el informe?<\/li>\n<li data-stringify-indent=\"0\" data-stringify-border=\"0\">12 pasos para elaborar tu EINF.<\/li>\n<li data-stringify-indent=\"0\" data-stringify-border=\"0\">Consejos claves para elaborar tu EINF.<\/li>\n<\/ul>\t\t\t\t\t\t\t\t<\/div>\n\t\t\t\t<\/div>\n\t\t\t\t<div class=\"elementor-element elementor-element-47a1920 elementor-widget elementor-widget-spacer\" data-id=\"47a1920\" data-element_type=\"widget\" data-e-type=\"widget\" data-widget_type=\"spacer.default\">\n\t\t\t\t<div class=\"elementor-widget-container\">\n\t\t\t\t\t\t\t<div class=\"elementor-spacer\">\n\t\t\t<div class=\"elementor-spacer-inner\"><\/div>\n\t\t<\/div>\n\t\t\t\t\t\t<\/div>\n\t\t\t\t<\/div>\n\t\t\t\t\t<\/div>\n\t\t<\/div>\n\t\t\t\t<div class=\"elementor-column elementor-col-50 elementor-top-column elementor-element elementor-element-c2c4598 elementor-invisible\" data-id=\"c2c4598\" data-element_type=\"column\" data-e-type=\"column\" data-settings=\"{&quot;animation&quot;:&quot;fadeIn&quot;}\">\n\t\t\t<div class=\"elementor-widget-wrap elementor-element-populated\">\n\t\t\t\t\t\t<div class=\"elementor-element elementor-element-4d4e28c elementor-widget elementor-widget-spacer\" data-id=\"4d4e28c\" data-element_type=\"widget\" data-e-type=\"widget\" data-widget_type=\"spacer.default\">\n\t\t\t\t<div class=\"elementor-widget-container\">\n\t\t\t\t\t\t\t<div class=\"elementor-spacer\">\n\t\t\t<div class=\"elementor-spacer-inner\"><\/div>\n\t\t<\/div>\n\t\t\t\t\t\t<\/div>\n\t\t\t\t<\/div>\n\t\t\t\t<div class=\"elementor-element elementor-element-695fbad elementor-widget elementor-widget-html\" data-id=\"695fbad\" data-element_type=\"widget\" data-e-type=\"widget\" data-widget_type=\"html.default\">\n\t\t\t\t<div class=\"elementor-widget-container\">\n\t\t\t\t\t<!--[if lte IE 8]>\r\n<script charset=\"utf-8\" type=\"text\/javascript\" src=\"\/\/js.hsforms.net\/forms\/v2-legacy.js\"><\/script>\r\n<![endif]-->\r\n<script charset=\"utf-8\" type=\"text\/javascript\" src=\"\/\/js.hsforms.net\/forms\/v2.js\"><\/script>\r\n<script>\r\n  hbspt.forms.create({\r\n\tregion: \"na1\",\r\n\tportalId: \"5618409\",\r\n\tformId: \"50c67ec4-cbcc-4d8e-9ca5-ae0f6af7deba\"\r\n});\r\n<\/script>\t\t\t\t<\/div>\n\t\t\t\t<\/div>\n\t\t\t\t\t<\/div>\n\t\t<\/div>\n\t\t\t\t\t<\/div>\n\t\t<\/section>\n\t\t\t\t<\/div>\n\t\t","protected":false},"excerpt":{"rendered":"<p>\u00bfEst\u00e1 tu organizaci\u00f3n obligada a presentar un informe no financiero? En Espa\u00f1a hay miles de empresas obligadas por ley a presentar su informaci\u00f3n no financiera. &nbsp; Nuestra gu\u00eda te ofrece una visi\u00f3n pr\u00e1ctica y una orientaci\u00f3n paso a paso sobre c\u00f3mo elaborar tu EINF para 2022. &nbsp; \u00bfQu\u00e9 informaci\u00f3n lleva la gu\u00eda practica para la &#8230; <a title=\"ES\/Guia-EINF-2021\" class=\"read-more\" href=\"https:\/\/aplanet.org\/campaign\/es-guia-einf-2021\/\" aria-label=\"Leer m\u00e1s sobre ES\/Guia-EINF-2021\">Leer m\u00e1s<\/a><\/p>\n","protected":false},"author":5,"featured_media":0,"parent":0,"menu_order":0,"comment_status":"closed","ping_status":"closed","template":"elementor_canvas","meta":{"inline_featured_image":false,"footnotes":""},"categories":[],"tags":[],"class_list":["post-12","page","type-page","status-publish"],"_links":{"self":[{"href":"https:\/\/aplanet.org\/campaign\/wp-json\/wp\/v2\/pages\/12","targetHints":{"allow":["GET"]}}],"collection":[{"href":"https:\/\/aplanet.org\/campaign\/wp-json\/wp\/v2\/pages"}],"about":[{"href":"https:\/\/aplanet.org\/campaign\/wp-json\/wp\/v2\/types\/page"}],"author":[{"embeddable":true,"href":"https:\/\/aplanet.org\/campaign\/wp-json\/wp\/v2\/users\/5"}],"replies":[{"embeddable":true,"href":"https:\/\/aplanet.org\/campaign\/wp-json\/wp\/v2\/comments?post=12"}],"version-history":[{"count":31,"href":"https:\/\/aplanet.org\/campaign\/wp-json\/wp\/v2\/pages\/12\/revisions"}],"predecessor-version":[{"id":3266,"href":"https:\/\/aplanet.org\/campaign\/wp-json\/wp\/v2\/pages\/12\/revisions\/3266"}],"wp:attachment":[{"href":"https:\/\/aplanet.org\/campaign\/wp-json\/wp\/v2\/media?parent=12"}],"wp:term":[{"taxonomy":"category","embeddable":true,"href":"https:\/\/aplanet.org\/campaign\/wp-json\/wp\/v2\/categories?post=12"},{"taxonomy":"post_tag","embeddable":true,"href":"https:\/\/aplanet.org\/campaign\/wp-json\/wp\/v2\/tags?post=12"}],"curies":[{"name":"wp","href":"https:\/\/api.w.org\/{rel}","templated":true}]}}