{"id":1328,"date":"2022-03-31T09:22:21","date_gmt":"2022-03-31T09:22:21","guid":{"rendered":"https:\/\/aplanet.org\/campaign\/?page_id=1328"},"modified":"2024-03-05T08:36:49","modified_gmt":"2024-03-05T08:36:49","slug":"es-corporate-sustainability-due-diligence","status":"publish","type":"page","link":"https:\/\/aplanet.org\/campaign\/es-corporate-sustainability-due-diligence\/","title":{"rendered":"Corporate Sustainability Due Diligence-ES"},"content":{"rendered":"\t\t<div data-elementor-type=\"wp-page\" data-elementor-id=\"1328\" class=\"elementor elementor-1328\">\n\t\t\t\t\t\t<section class=\"elementor-section elementor-top-section elementor-element elementor-element-7120d29 elementor-section-boxed elementor-section-height-default elementor-section-height-default\" data-id=\"7120d29\" data-element_type=\"section\" data-e-type=\"section\" data-settings=\"{&quot;background_background&quot;:&quot;classic&quot;}\">\n\t\t\t\t\t\t<div class=\"elementor-container elementor-column-gap-default\">\n\t\t\t\t\t<div class=\"elementor-column elementor-col-50 elementor-top-column elementor-element elementor-element-6ec01fc\" data-id=\"6ec01fc\" data-element_type=\"column\" data-e-type=\"column\">\n\t\t\t<div class=\"elementor-widget-wrap elementor-element-populated\">\n\t\t\t\t\t\t<div class=\"elementor-element elementor-element-cf3727a elementor-widget elementor-widget-image\" data-id=\"cf3727a\" data-element_type=\"widget\" data-e-type=\"widget\" data-widget_type=\"image.default\">\n\t\t\t\t<div class=\"elementor-widget-container\">\n\t\t\t\t\t\t\t\t\t\t\t\t\t\t\t<img decoding=\"async\" width=\"300\" height=\"36\" src=\"https:\/\/aplanet.org\/campaign\/wp-content\/uploads\/2023\/03\/APLANET_logoN-1.png\" class=\"attachment-large size-large wp-image-4089\" alt=\"\" \/>\t\t\t\t\t\t\t\t\t\t\t\t\t\t\t<\/div>\n\t\t\t\t<\/div>\n\t\t\t\t\t<\/div>\n\t\t<\/div>\n\t\t\t\t<div class=\"elementor-column elementor-col-50 elementor-top-column elementor-element elementor-element-abaea01\" data-id=\"abaea01\" data-element_type=\"column\" data-e-type=\"column\">\n\t\t\t<div class=\"elementor-widget-wrap elementor-element-populated\">\n\t\t\t\t\t\t<div class=\"elementor-element elementor-element-3ca9b8b elementor-hidden-mobile elementor-widget elementor-widget-heading\" data-id=\"3ca9b8b\" data-element_type=\"widget\" data-e-type=\"widget\" data-widget_type=\"heading.default\">\n\t\t\t\t<div class=\"elementor-widget-container\">\n\t\t\t\t\t<h4 class=\"elementor-heading-title elementor-size-default\"> Diligencia Debida\n<\/h4>\t\t\t\t<\/div>\n\t\t\t\t<\/div>\n\t\t\t\t\t<\/div>\n\t\t<\/div>\n\t\t\t\t\t<\/div>\n\t\t<\/section>\n\t\t\t\t<section class=\"elementor-section elementor-top-section elementor-element elementor-element-6b09007 elementor-section-boxed elementor-section-height-default elementor-section-height-default\" data-id=\"6b09007\" data-element_type=\"section\" data-e-type=\"section\" data-settings=\"{&quot;background_background&quot;:&quot;classic&quot;}\">\n\t\t\t\t\t\t<div class=\"elementor-container elementor-column-gap-default\">\n\t\t\t\t\t<div class=\"elementor-column elementor-col-100 elementor-top-column elementor-element elementor-element-d09adda\" data-id=\"d09adda\" data-element_type=\"column\" data-e-type=\"column\">\n\t\t\t<div class=\"elementor-widget-wrap elementor-element-populated\">\n\t\t\t\t\t\t<div class=\"elementor-element elementor-element-a44e1c3 elementor-widget-divider--view-line elementor-widget elementor-widget-divider\" data-id=\"a44e1c3\" data-element_type=\"widget\" data-e-type=\"widget\" data-widget_type=\"divider.default\">\n\t\t\t\t<div class=\"elementor-widget-container\">\n\t\t\t\t\t\t\t<div class=\"elementor-divider\">\n\t\t\t<span class=\"elementor-divider-separator\">\n\t\t\t\t\t\t<\/span>\n\t\t<\/div>\n\t\t\t\t\t\t<\/div>\n\t\t\t\t<\/div>\n\t\t\t\t\t<\/div>\n\t\t<\/div>\n\t\t\t\t\t<\/div>\n\t\t<\/section>\n\t\t\t\t<section class=\"elementor-section elementor-top-section elementor-element elementor-element-48338e3 elementor-section-boxed elementor-section-height-default elementor-section-height-default\" data-id=\"48338e3\" data-element_type=\"section\" data-e-type=\"section\" data-settings=\"{&quot;background_background&quot;:&quot;classic&quot;}\">\n\t\t\t\t\t\t<div class=\"elementor-container elementor-column-gap-default\">\n\t\t\t\t\t<div class=\"elementor-column elementor-col-100 elementor-top-column elementor-element elementor-element-452e7bf\" data-id=\"452e7bf\" data-element_type=\"column\" data-e-type=\"column\">\n\t\t\t<div class=\"elementor-widget-wrap elementor-element-populated\">\n\t\t\t\t\t\t<div class=\"elementor-element elementor-element-5a807e8 elementor-widget elementor-widget-spacer\" data-id=\"5a807e8\" data-element_type=\"widget\" data-e-type=\"widget\" data-widget_type=\"spacer.default\">\n\t\t\t\t<div class=\"elementor-widget-container\">\n\t\t\t\t\t\t\t<div class=\"elementor-spacer\">\n\t\t\t<div class=\"elementor-spacer-inner\"><\/div>\n\t\t<\/div>\n\t\t\t\t\t\t<\/div>\n\t\t\t\t<\/div>\n\t\t\t\t<section class=\"elementor-section elementor-inner-section elementor-element elementor-element-ea1cc1d elementor-section-boxed elementor-section-height-default elementor-section-height-default\" data-id=\"ea1cc1d\" data-element_type=\"section\" data-e-type=\"section\">\n\t\t\t\t\t\t<div class=\"elementor-container elementor-column-gap-default\">\n\t\t\t\t\t<div class=\"elementor-column elementor-col-50 elementor-inner-column elementor-element elementor-element-9457804\" data-id=\"9457804\" data-element_type=\"column\" data-e-type=\"column\">\n\t\t\t<div class=\"elementor-widget-wrap elementor-element-populated\">\n\t\t\t\t\t\t<div class=\"elementor-element elementor-element-0bf57b8 elementor-widget elementor-widget-text-editor\" data-id=\"0bf57b8\" data-element_type=\"widget\" data-e-type=\"widget\" data-widget_type=\"text-editor.default\">\n\t\t\t\t<div class=\"elementor-widget-container\">\n\t\t\t\t\t\t\t\t\t<p><span style=\"font-weight: 400;\">La <\/span><b>Directiva de Diligencia Debida en Sostenibilidad Corporativa (CSDDD)<\/b><span style=\"font-weight: 400;\"> supone nuevo est\u00e1ndar en responsabilidad empresarial y sostenibilidad.<\/span><\/p>\n<p><span style=\"font-weight: 400;\">Adoptar la CSDDD no solo significa cumplir con la ley.&nbsp;<\/span><\/p>\n<p><span style=\"font-weight: 400;\">Tambi\u00e9n es una oportunidad para liderar en sostenibilidad y abrir nuevas oportunidades de negocio.&nbsp;<\/span><\/p>\n<p><span style=\"font-weight: 400;\">Nuestra gu\u00eda completa te equipar\u00e1 con todo lo que necesitas saber para integrar la CSDDD en tu estrategia empresarial:<\/span><\/p>\t\t\t\t\t\t\t\t<\/div>\n\t\t\t\t<\/div>\n\t\t\t\t\t<\/div>\n\t\t<\/div>\n\t\t\t\t<div class=\"elementor-column elementor-col-50 elementor-inner-column elementor-element elementor-element-46f1b20\" data-id=\"46f1b20\" data-element_type=\"column\" data-e-type=\"column\">\n\t\t\t<div class=\"elementor-widget-wrap elementor-element-populated\">\n\t\t\t\t\t\t<div class=\"elementor-element elementor-element-d1d7748 elementor-widget elementor-widget-image\" data-id=\"d1d7748\" data-element_type=\"widget\" data-e-type=\"widget\" data-widget_type=\"image.default\">\n\t\t\t\t<div class=\"elementor-widget-container\">\n\t\t\t\t\t\t\t\t\t\t\t\t\t\t\t<img fetchpriority=\"high\" decoding=\"async\" width=\"1200\" height=\"1200\" src=\"https:\/\/aplanet.org\/campaign\/wp-content\/uploads\/2024\/03\/GUIA_Maturity_Mockup_Landing_1200x1200_ES.png\" class=\"attachment-full size-full wp-image-6887\" alt=\"Due Diligence ES\" \/>\t\t\t\t\t\t\t\t\t\t\t\t\t\t\t<\/div>\n\t\t\t\t<\/div>\n\t\t\t\t\t<\/div>\n\t\t<\/div>\n\t\t\t\t\t<\/div>\n\t\t<\/section>\n\t\t\t\t<div class=\"elementor-element elementor-element-003cf85 elementor-widget elementor-widget-text-editor\" data-id=\"003cf85\" data-element_type=\"widget\" data-e-type=\"widget\" data-widget_type=\"text-editor.default\">\n\t\t\t\t<div class=\"elementor-widget-container\">\n\t\t\t\t\t\t\t\t\t<ul><li style=\"font-weight: 400;\" aria-level=\"1\"><b>Comprensi\u00f3n profunda de la CSDDD<\/b><span style=\"font-weight: 400;\">: Aprende qu\u00e9 es la CSDDD, su prop\u00f3sito y su significado para el futuro de los negocios.<\/span><\/li><li style=\"font-weight: 400;\" aria-level=\"1\"><b>Impacto para Empresas<\/b><span style=\"font-weight: 400;\">: Descubre c\u00f3mo afecta la CSDDD a empresas dentro y fuera de la Uni\u00f3n Europea.<\/span><\/li><li style=\"font-weight: 400;\" aria-level=\"1\"><b>Implementaci\u00f3n Efectiva<\/b><span style=\"font-weight: 400;\">: Consejos paso a paso para implementar procesos de diligencia debida, desde la evaluaci\u00f3n inicial hasta la integraci\u00f3n operativa y el reporte.<\/span><\/li><li style=\"font-weight: 400;\" aria-level=\"1\"><b>Checklist de Preparaci\u00f3n<\/b><span style=\"font-weight: 400;\">: Evalua la preparaci\u00f3n de tu empresa para cumplir con la CSDDD.<\/span><\/li><\/ul><p><span style=\"font-weight: 400;\">\u00a1Descarga la Gu\u00eda GRATIS Ahora y Empieza la Transformaci\u00f3n de tu Empresa hacia la Sostenibilidad!<\/span><\/p>\t\t\t\t\t\t\t\t<\/div>\n\t\t\t\t<\/div>\n\t\t\t\t<div class=\"elementor-element elementor-element-9e1ce6b elementor-widget-divider--view-line elementor-widget elementor-widget-divider\" data-id=\"9e1ce6b\" data-element_type=\"widget\" data-e-type=\"widget\" data-widget_type=\"divider.default\">\n\t\t\t\t<div class=\"elementor-widget-container\">\n\t\t\t\t\t\t\t<div class=\"elementor-divider\">\n\t\t\t<span class=\"elementor-divider-separator\">\n\t\t\t\t\t\t<\/span>\n\t\t<\/div>\n\t\t\t\t\t\t<\/div>\n\t\t\t\t<\/div>\n\t\t\t\t<div class=\"elementor-element elementor-element-5cbea5a elementor-widget elementor-widget-html\" data-id=\"5cbea5a\" data-element_type=\"widget\" data-e-type=\"widget\" data-widget_type=\"html.default\">\n\t\t\t\t<div class=\"elementor-widget-container\">\n\t\t\t\t\t<!-- [if lte IE 8]>\r\n<script charset=\"utf-8\" type=\"text\/javascript\" src=\"\/\/js.hsforms.net\/forms\/v2-legacy.js\"><\/script>\r\n<![endif]-->\r\n<p><script charset=\"utf-8\" type=\"text\/javascript\" src=\"\/\/js.hsforms.net\/forms\/v2.js\"><\/script> <script>\r\n  hbspt.forms.create({\r\n\tregion: \"na1\",\r\n\tportalId: \"5618409\",\r\n\tformId: \"f5fbf883-0bca-469f-9abf-569e2f927228\"\r\n});\r\n<\/script><\/p>\t\t\t\t<\/div>\n\t\t\t\t<\/div>\n\t\t\t\t\t<\/div>\n\t\t<\/div>\n\t\t\t\t\t<\/div>\n\t\t<\/section>\n\t\t\t\t<section class=\"elementor-section elementor-top-section elementor-element elementor-element-7529a6e elementor-section-boxed elementor-section-height-default elementor-section-height-default\" data-id=\"7529a6e\" data-element_type=\"section\" data-e-type=\"section\">\n\t\t\t\t\t\t<div class=\"elementor-container elementor-column-gap-default\">\n\t\t\t\t\t<div class=\"elementor-column elementor-col-100 elementor-top-column elementor-element elementor-element-c2c871d\" data-id=\"c2c871d\" data-element_type=\"column\" data-e-type=\"column\">\n\t\t\t<div class=\"elementor-widget-wrap elementor-element-populated\">\n\t\t\t\t\t\t<div class=\"elementor-element elementor-element-19593d5 elementor-widget-divider--view-line elementor-widget elementor-widget-divider\" data-id=\"19593d5\" data-element_type=\"widget\" data-e-type=\"widget\" data-widget_type=\"divider.default\">\n\t\t\t\t<div class=\"elementor-widget-container\">\n\t\t\t\t\t\t\t<div class=\"elementor-divider\">\n\t\t\t<span class=\"elementor-divider-separator\">\n\t\t\t\t\t\t<\/span>\n\t\t<\/div>\n\t\t\t\t\t\t<\/div>\n\t\t\t\t<\/div>\n\t\t\t\t\t<\/div>\n\t\t<\/div>\n\t\t\t\t\t<\/div>\n\t\t<\/section>\n\t\t\t\t<section class=\"elementor-section elementor-top-section elementor-element elementor-element-3be7272 elementor-section-boxed elementor-section-height-default elementor-section-height-default\" data-id=\"3be7272\" data-element_type=\"section\" data-e-type=\"section\">\n\t\t\t\t\t\t<div class=\"elementor-container elementor-column-gap-default\">\n\t\t\t\t\t<div class=\"elementor-column elementor-col-50 elementor-top-column elementor-element elementor-element-8b38da0\" data-id=\"8b38da0\" data-element_type=\"column\" data-e-type=\"column\">\n\t\t\t<div class=\"elementor-widget-wrap elementor-element-populated\">\n\t\t\t\t\t\t<div class=\"elementor-element elementor-element-894bd27 elementor-widget elementor-widget-text-editor\" data-id=\"894bd27\" data-element_type=\"widget\" data-e-type=\"widget\" data-widget_type=\"text-editor.default\">\n\t\t\t\t<div class=\"elementor-widget-container\">\n\t\t\t\t\t\t\t\t\t<p><span style=\"color: #000000;\"><a style=\"color: #000000;\" href=\"https:\/\/aplanet.org\/es\/terminos-y-condiciones\/\" target=\"_blank\" rel=\"noopener\">T\u00e9rminos y condiciones<\/a> &#8211; <a style=\"color: #000000;\" href=\"https:\/\/aplanet.org\/es\/politica-de-privacidad\/\" target=\"_blank\" rel=\"noopener\">Politicas y privacidad<\/a> &#8211; <a style=\"color: #000000;\" href=\"https:\/\/aplanet.org\/es\/politica-de-cookies\/\" target=\"_blank\" rel=\"noopener\">Pol\u00edtica de cookies<\/a><\/span><\/p><p>Copyright 2023 @APLANET<\/p>\t\t\t\t\t\t\t\t<\/div>\n\t\t\t\t<\/div>\n\t\t\t\t\t<\/div>\n\t\t<\/div>\n\t\t\t\t<div class=\"elementor-column elementor-col-50 elementor-top-column elementor-element elementor-element-33f5146\" data-id=\"33f5146\" data-element_type=\"column\" data-e-type=\"column\">\n\t\t\t<div class=\"elementor-widget-wrap elementor-element-populated\">\n\t\t\t\t\t\t<div class=\"elementor-element elementor-element-218b833 elementor-widget elementor-widget-image\" data-id=\"218b833\" data-element_type=\"widget\" data-e-type=\"widget\" data-widget_type=\"image.default\">\n\t\t\t\t<div class=\"elementor-widget-container\">\n\t\t\t\t\t\t\t\t\t\t\t\t\t\t\t<img decoding=\"async\" width=\"293\" height=\"92\" src=\"https:\/\/aplanet.org\/campaign\/wp-content\/uploads\/2023\/04\/footer_TaglineAPLANET.png\" class=\"attachment-large size-large wp-image-4405\" alt=\"\" \/>\t\t\t\t\t\t\t\t\t\t\t\t\t\t\t<\/div>\n\t\t\t\t<\/div>\n\t\t\t\t\t<\/div>\n\t\t<\/div>\n\t\t\t\t\t<\/div>\n\t\t<\/section>\n\t\t\t\t<\/div>\n\t\t","protected":false},"excerpt":{"rendered":"<p>Diligencia Debida La Directiva de Diligencia Debida en Sostenibilidad Corporativa (CSDDD) supone nuevo est\u00e1ndar en responsabilidad empresarial y sostenibilidad. Adoptar la CSDDD no solo significa cumplir con la ley.&nbsp; Tambi\u00e9n es una oportunidad para liderar en sostenibilidad y abrir nuevas oportunidades de negocio.&nbsp; Nuestra gu\u00eda completa te equipar\u00e1 con todo lo que necesitas saber para &#8230; <a title=\"Corporate Sustainability Due Diligence-ES\" class=\"read-more\" href=\"https:\/\/aplanet.org\/campaign\/es-corporate-sustainability-due-diligence\/\" aria-label=\"Leer m\u00e1s sobre Corporate Sustainability Due Diligence-ES\">Leer m\u00e1s<\/a><\/p>\n","protected":false},"author":5,"featured_media":6887,"parent":0,"menu_order":0,"comment_status":"closed","ping_status":"closed","template":"elementor_canvas","meta":{"inline_featured_image":false,"footnotes":""},"categories":[],"tags":[6],"class_list":{"0":"post-1328","1":"page","2":"type-page","3":"status-publish","4":"has-post-thumbnail","6":"tag-es"},"_links":{"self":[{"href":"https:\/\/aplanet.org\/campaign\/wp-json\/wp\/v2\/pages\/1328","targetHints":{"allow":["GET"]}}],"collection":[{"href":"https:\/\/aplanet.org\/campaign\/wp-json\/wp\/v2\/pages"}],"about":[{"href":"https:\/\/aplanet.org\/campaign\/wp-json\/wp\/v2\/types\/page"}],"author":[{"embeddable":true,"href":"https:\/\/aplanet.org\/campaign\/wp-json\/wp\/v2\/users\/5"}],"replies":[{"embeddable":true,"href":"https:\/\/aplanet.org\/campaign\/wp-json\/wp\/v2\/comments?post=1328"}],"version-history":[{"count":44,"href":"https:\/\/aplanet.org\/campaign\/wp-json\/wp\/v2\/pages\/1328\/revisions"}],"predecessor-version":[{"id":6905,"href":"https:\/\/aplanet.org\/campaign\/wp-json\/wp\/v2\/pages\/1328\/revisions\/6905"}],"wp:featuredmedia":[{"embeddable":true,"href":"https:\/\/aplanet.org\/campaign\/wp-json\/wp\/v2\/media\/6887"}],"wp:attachment":[{"href":"https:\/\/aplanet.org\/campaign\/wp-json\/wp\/v2\/media?parent=1328"}],"wp:term":[{"taxonomy":"category","embeddable":true,"href":"https:\/\/aplanet.org\/campaign\/wp-json\/wp\/v2\/categories?post=1328"},{"taxonomy":"post_tag","embeddable":true,"href":"https:\/\/aplanet.org\/campaign\/wp-json\/wp\/v2\/tags?post=1328"}],"curies":[{"name":"wp","href":"https:\/\/api.w.org\/{rel}","templated":true}]}}