{"id":1341,"date":"2022-03-31T09:45:27","date_gmt":"2022-03-31T09:45:27","guid":{"rendered":"https:\/\/aplanet.org\/campaign\/?page_id=1341"},"modified":"2024-03-05T08:29:48","modified_gmt":"2024-03-05T08:29:48","slug":"it-corporate-sustainability-due-diligence","status":"publish","type":"page","link":"https:\/\/aplanet.org\/campaign\/it-corporate-sustainability-due-diligence\/","title":{"rendered":"Corporate Sustainability Due Diligence- IT"},"content":{"rendered":"\t\t<div data-elementor-type=\"wp-page\" data-elementor-id=\"1341\" class=\"elementor elementor-1341\">\n\t\t\t\t\t\t<section class=\"elementor-section elementor-top-section elementor-element elementor-element-b0e1240 elementor-section-boxed elementor-section-height-default elementor-section-height-default\" data-id=\"b0e1240\" data-element_type=\"section\" data-e-type=\"section\" data-settings=\"{&quot;background_background&quot;:&quot;classic&quot;}\">\n\t\t\t\t\t\t<div class=\"elementor-container elementor-column-gap-default\">\n\t\t\t\t\t<div class=\"elementor-column elementor-col-50 elementor-top-column elementor-element elementor-element-be40b4b\" data-id=\"be40b4b\" data-element_type=\"column\" data-e-type=\"column\">\n\t\t\t<div class=\"elementor-widget-wrap elementor-element-populated\">\n\t\t\t\t\t\t<div class=\"elementor-element elementor-element-eb2f5bc elementor-widget elementor-widget-image\" data-id=\"eb2f5bc\" data-element_type=\"widget\" data-e-type=\"widget\" data-widget_type=\"image.default\">\n\t\t\t\t<div class=\"elementor-widget-container\">\n\t\t\t\t\t\t\t\t\t\t\t\t\t\t\t<img decoding=\"async\" width=\"300\" height=\"36\" src=\"https:\/\/aplanet.org\/campaign\/wp-content\/uploads\/2023\/03\/APLANET_logoN-1.png\" class=\"attachment-large size-large wp-image-4089\" alt=\"\" \/>\t\t\t\t\t\t\t\t\t\t\t\t\t\t\t<\/div>\n\t\t\t\t<\/div>\n\t\t\t\t\t<\/div>\n\t\t<\/div>\n\t\t\t\t<div class=\"elementor-column elementor-col-50 elementor-top-column elementor-element elementor-element-42c40a2\" data-id=\"42c40a2\" data-element_type=\"column\" data-e-type=\"column\">\n\t\t\t<div class=\"elementor-widget-wrap elementor-element-populated\">\n\t\t\t\t\t\t<div class=\"elementor-element elementor-element-4980c7c elementor-hidden-mobile elementor-widget elementor-widget-heading\" data-id=\"4980c7c\" data-element_type=\"widget\" data-e-type=\"widget\" data-widget_type=\"heading.default\">\n\t\t\t\t<div class=\"elementor-widget-container\">\n\t\t\t\t\t<h4 class=\"elementor-heading-title elementor-size-default\">Due Diligence\n<\/h4>\t\t\t\t<\/div>\n\t\t\t\t<\/div>\n\t\t\t\t\t<\/div>\n\t\t<\/div>\n\t\t\t\t\t<\/div>\n\t\t<\/section>\n\t\t\t\t<section class=\"elementor-section elementor-top-section elementor-element elementor-element-7147ea3 elementor-section-boxed elementor-section-height-default elementor-section-height-default\" data-id=\"7147ea3\" data-element_type=\"section\" data-e-type=\"section\" data-settings=\"{&quot;background_background&quot;:&quot;classic&quot;}\">\n\t\t\t\t\t\t<div class=\"elementor-container elementor-column-gap-default\">\n\t\t\t\t\t<div class=\"elementor-column elementor-col-100 elementor-top-column elementor-element elementor-element-871f6fa\" data-id=\"871f6fa\" data-element_type=\"column\" data-e-type=\"column\">\n\t\t\t<div class=\"elementor-widget-wrap elementor-element-populated\">\n\t\t\t\t\t\t<div class=\"elementor-element elementor-element-5813435 elementor-widget-divider--view-line elementor-widget elementor-widget-divider\" data-id=\"5813435\" data-element_type=\"widget\" data-e-type=\"widget\" data-widget_type=\"divider.default\">\n\t\t\t\t<div class=\"elementor-widget-container\">\n\t\t\t\t\t\t\t<div class=\"elementor-divider\">\n\t\t\t<span class=\"elementor-divider-separator\">\n\t\t\t\t\t\t<\/span>\n\t\t<\/div>\n\t\t\t\t\t\t<\/div>\n\t\t\t\t<\/div>\n\t\t\t\t\t<\/div>\n\t\t<\/div>\n\t\t\t\t\t<\/div>\n\t\t<\/section>\n\t\t\t\t<section class=\"elementor-section elementor-top-section elementor-element elementor-element-14bc029 elementor-section-boxed elementor-section-height-default elementor-section-height-default\" data-id=\"14bc029\" data-element_type=\"section\" data-e-type=\"section\" data-settings=\"{&quot;background_background&quot;:&quot;classic&quot;}\">\n\t\t\t\t\t\t<div class=\"elementor-container elementor-column-gap-default\">\n\t\t\t\t\t<div class=\"elementor-column elementor-col-100 elementor-top-column elementor-element elementor-element-27c3846\" data-id=\"27c3846\" data-element_type=\"column\" data-e-type=\"column\">\n\t\t\t<div class=\"elementor-widget-wrap elementor-element-populated\">\n\t\t\t\t\t\t<div class=\"elementor-element elementor-element-c3cd016 elementor-widget elementor-widget-spacer\" data-id=\"c3cd016\" data-element_type=\"widget\" data-e-type=\"widget\" data-widget_type=\"spacer.default\">\n\t\t\t\t<div class=\"elementor-widget-container\">\n\t\t\t\t\t\t\t<div class=\"elementor-spacer\">\n\t\t\t<div class=\"elementor-spacer-inner\"><\/div>\n\t\t<\/div>\n\t\t\t\t\t\t<\/div>\n\t\t\t\t<\/div>\n\t\t\t\t<section class=\"elementor-section elementor-inner-section elementor-element elementor-element-5581118 elementor-section-boxed elementor-section-height-default elementor-section-height-default\" data-id=\"5581118\" data-element_type=\"section\" data-e-type=\"section\">\n\t\t\t\t\t\t<div class=\"elementor-container elementor-column-gap-default\">\n\t\t\t\t\t<div class=\"elementor-column elementor-col-50 elementor-inner-column elementor-element elementor-element-7eefebd\" data-id=\"7eefebd\" data-element_type=\"column\" data-e-type=\"column\">\n\t\t\t<div class=\"elementor-widget-wrap elementor-element-populated\">\n\t\t\t\t\t\t<div class=\"elementor-element elementor-element-f88b687 elementor-widget elementor-widget-text-editor\" data-id=\"f88b687\" data-element_type=\"widget\" data-e-type=\"widget\" data-widget_type=\"text-editor.default\">\n\t\t\t\t<div class=\"elementor-widget-container\">\n\t\t\t\t\t\t\t\t\t<p><span style=\"font-weight: 400;\">La Corporate Sustainability Due Diligence Directive (CSDDD) stabilisce nuovi standard in materia di responsabilit\u00e0 e sostenibilit\u00e0 aziendale.<\/span><\/p><p><span style=\"font-weight: 400;\">Adottare la CSDDD non significa solo rispettare la legge.\u00a0<\/span><\/p><p><span style=\"font-weight: 400;\">\u00c8 anche un&#8217;opportunit\u00e0 per essere leader nella sostenibilit\u00e0 e aprire nuove opportunit\u00e0 di business.\u00a0<\/span><\/p><p><span style=\"font-weight: 400;\">La nostra guida completa tii fornir\u00e0 tutto ci\u00f2 che devi sapere per integrare la CSDDD nella tua strategia aziendale:<\/span><\/p><ul><li style=\"font-weight: 400;\" aria-level=\"1\"><b>Conoscenza approfondita del CSDDD:<\/b><span style=\"font-weight: 400;\"> Scopri cos&#8217;\u00e8 la CSDDD, il suo scopo e la sua importanza per il futuro del business.<\/span><\/li><li style=\"font-weight: 400;\" aria-level=\"1\"><b>Impatto sulle imprese: <\/b><span style=\"font-weight: 400;\">Scopri come la CSDDD influisce sulle imprese all&#8217;interno e all&#8217;esterno dell&#8217;Unione Europea.<\/span><\/li><li style=\"font-weight: 400;\" aria-level=\"1\"><b>Implementazione efficace: <\/b><span style=\"font-weight: 400;\">Suggerimenti passo dopo passo per l&#8217;implementazione dei processi di due diligence, dalla valutazione iniziale all&#8217;integrazione operativa e al reporting.<\/span><\/li><li style=\"font-weight: 400;\" aria-level=\"1\"><b>Lista di controllo della preparazione: <\/b><span style=\"font-weight: 400;\">Valuta il grado di preparazione della tua azienda a conformarsi al CSDDD.<\/span><\/li><\/ul><p><span style=\"font-weight: 400;\">Scarica subito la Guida GRATUITA ed inizia a trasformare la tua azienda verso la sostenibilit\u00e0!<\/span><\/p>\t\t\t\t\t\t\t\t<\/div>\n\t\t\t\t<\/div>\n\t\t\t\t\t<\/div>\n\t\t<\/div>\n\t\t\t\t<div class=\"elementor-column elementor-col-50 elementor-inner-column elementor-element elementor-element-72d4c47\" data-id=\"72d4c47\" data-element_type=\"column\" data-e-type=\"column\">\n\t\t\t<div class=\"elementor-widget-wrap elementor-element-populated\">\n\t\t\t\t\t\t<div class=\"elementor-element elementor-element-8247f58 elementor-widget elementor-widget-image\" data-id=\"8247f58\" data-element_type=\"widget\" data-e-type=\"widget\" data-widget_type=\"image.default\">\n\t\t\t\t<div class=\"elementor-widget-container\">\n\t\t\t\t\t\t\t\t\t\t\t\t\t\t\t<img fetchpriority=\"high\" decoding=\"async\" width=\"1200\" height=\"1200\" src=\"https:\/\/aplanet.org\/campaign\/wp-content\/uploads\/2024\/03\/GUIA_Maturity_Mockup_Landing_1200x1200_IT.png\" class=\"attachment-full size-full wp-image-6885\" alt=\"Due Diligence IT\" \/>\t\t\t\t\t\t\t\t\t\t\t\t\t\t\t<\/div>\n\t\t\t\t<\/div>\n\t\t\t\t\t<\/div>\n\t\t<\/div>\n\t\t\t\t\t<\/div>\n\t\t<\/section>\n\t\t\t\t<div class=\"elementor-element elementor-element-5e47ef3 elementor-widget-divider--view-line elementor-widget elementor-widget-divider\" data-id=\"5e47ef3\" data-element_type=\"widget\" data-e-type=\"widget\" data-widget_type=\"divider.default\">\n\t\t\t\t<div class=\"elementor-widget-container\">\n\t\t\t\t\t\t\t<div class=\"elementor-divider\">\n\t\t\t<span class=\"elementor-divider-separator\">\n\t\t\t\t\t\t<\/span>\n\t\t<\/div>\n\t\t\t\t\t\t<\/div>\n\t\t\t\t<\/div>\n\t\t\t\t<div class=\"elementor-element elementor-element-499652a elementor-widget elementor-widget-html\" data-id=\"499652a\" data-element_type=\"widget\" data-e-type=\"widget\" data-widget_type=\"html.default\">\n\t\t\t\t<div class=\"elementor-widget-container\">\n\t\t\t\t\t<!-- [if lte IE 8]>\r\n<script charset=\"utf-8\" type=\"text\/javascript\" src=\"\/\/js.hsforms.net\/forms\/v2-legacy.js\"><\/script>\r\n<![endif]-->\r\n<p><script charset=\"utf-8\" type=\"text\/javascript\" src=\"\/\/js.hsforms.net\/forms\/v2.js\"><\/script> <script>\r\n  hbspt.forms.create({\r\n\tregion: \"na1\",\r\n\tportalId: \"5618409\",\r\n\tformId: \"fa6a0469-60f1-42e8-adf0-21be3bb1446d\"\r\n});\r\n<\/script><\/p>\t\t\t\t<\/div>\n\t\t\t\t<\/div>\n\t\t\t\t\t<\/div>\n\t\t<\/div>\n\t\t\t\t\t<\/div>\n\t\t<\/section>\n\t\t\t\t<section class=\"elementor-section elementor-top-section elementor-element elementor-element-95b609c elementor-section-boxed elementor-section-height-default elementor-section-height-default\" data-id=\"95b609c\" data-element_type=\"section\" data-e-type=\"section\">\n\t\t\t\t\t\t<div class=\"elementor-container elementor-column-gap-default\">\n\t\t\t\t\t<div class=\"elementor-column elementor-col-100 elementor-top-column elementor-element elementor-element-218e3b1\" data-id=\"218e3b1\" data-element_type=\"column\" data-e-type=\"column\">\n\t\t\t<div class=\"elementor-widget-wrap elementor-element-populated\">\n\t\t\t\t\t\t<div class=\"elementor-element elementor-element-2e6e993 elementor-widget-divider--view-line elementor-widget elementor-widget-divider\" data-id=\"2e6e993\" data-element_type=\"widget\" data-e-type=\"widget\" data-widget_type=\"divider.default\">\n\t\t\t\t<div class=\"elementor-widget-container\">\n\t\t\t\t\t\t\t<div class=\"elementor-divider\">\n\t\t\t<span class=\"elementor-divider-separator\">\n\t\t\t\t\t\t<\/span>\n\t\t<\/div>\n\t\t\t\t\t\t<\/div>\n\t\t\t\t<\/div>\n\t\t\t\t\t<\/div>\n\t\t<\/div>\n\t\t\t\t\t<\/div>\n\t\t<\/section>\n\t\t\t\t<section class=\"elementor-section elementor-top-section elementor-element elementor-element-dfdd434 elementor-section-boxed elementor-section-height-default elementor-section-height-default\" data-id=\"dfdd434\" data-element_type=\"section\" data-e-type=\"section\">\n\t\t\t\t\t\t<div class=\"elementor-container elementor-column-gap-default\">\n\t\t\t\t\t<div class=\"elementor-column elementor-col-50 elementor-top-column elementor-element elementor-element-4b32f98\" data-id=\"4b32f98\" data-element_type=\"column\" data-e-type=\"column\">\n\t\t\t<div class=\"elementor-widget-wrap elementor-element-populated\">\n\t\t\t\t\t\t<div class=\"elementor-element elementor-element-8ca49c3 elementor-widget elementor-widget-text-editor\" data-id=\"8ca49c3\" data-element_type=\"widget\" data-e-type=\"widget\" data-widget_type=\"text-editor.default\">\n\t\t\t\t<div class=\"elementor-widget-container\">\n\t\t\t\t\t\t\t\t\t<span style=\"color: #000000;\"><a style=\"color: #000000;\" href=\"https:\/\/aplanet.org\/it\/termini-e-condizioni\/\" target=\"_blank\" rel=\"noopener\">Termini e condizioni &#8211;\u00a0<\/a><\/span><span style=\"color: #000000;\"><a style=\"color: #000000;\" href=\"https:\/\/aplanet.org\/it\/politica-sulla-privacy\/\" target=\"_blank\" rel=\"noopener\">Politica sulla privacy &#8211;\u00a0<\/a><\/span><span style=\"color: #000000;\"><a style=\"color: #000000;\" href=\"https:\/\/aplanet.org\/it\/politica-dei-cookie\/\" target=\"_blank\" rel=\"noopener\">Politica dei cookie<\/a><\/span>\n\nCopyright 2023 @APLANET\t\t\t\t\t\t\t\t<\/div>\n\t\t\t\t<\/div>\n\t\t\t\t\t<\/div>\n\t\t<\/div>\n\t\t\t\t<div class=\"elementor-column elementor-col-50 elementor-top-column elementor-element elementor-element-99c0e8b\" data-id=\"99c0e8b\" data-element_type=\"column\" data-e-type=\"column\">\n\t\t\t<div class=\"elementor-widget-wrap elementor-element-populated\">\n\t\t\t\t\t\t<div class=\"elementor-element elementor-element-a059676 elementor-widget elementor-widget-image\" data-id=\"a059676\" data-element_type=\"widget\" data-e-type=\"widget\" data-widget_type=\"image.default\">\n\t\t\t\t<div class=\"elementor-widget-container\">\n\t\t\t\t\t\t\t\t\t\t\t\t\t\t\t<img decoding=\"async\" width=\"293\" height=\"92\" src=\"https:\/\/aplanet.org\/campaign\/wp-content\/uploads\/2023\/04\/footer_TaglineAPLANET.png\" class=\"attachment-large size-large wp-image-4405\" alt=\"\" \/>\t\t\t\t\t\t\t\t\t\t\t\t\t\t\t<\/div>\n\t\t\t\t<\/div>\n\t\t\t\t\t<\/div>\n\t\t<\/div>\n\t\t\t\t\t<\/div>\n\t\t<\/section>\n\t\t\t\t<\/div>\n\t\t","protected":false},"excerpt":{"rendered":"<p>Due Diligence La Corporate Sustainability Due Diligence Directive (CSDDD) stabilisce nuovi standard in materia di responsabilit\u00e0 e sostenibilit\u00e0 aziendale. Adottare la CSDDD non significa solo rispettare la legge.\u00a0 \u00c8 anche un&#8217;opportunit\u00e0 per essere leader nella sostenibilit\u00e0 e aprire nuove opportunit\u00e0 di business.\u00a0 La nostra guida completa tii fornir\u00e0 tutto ci\u00f2 che devi sapere per integrare &#8230; <a title=\"Corporate Sustainability Due Diligence- IT\" class=\"read-more\" href=\"https:\/\/aplanet.org\/campaign\/it-corporate-sustainability-due-diligence\/\" aria-label=\"Leer m\u00e1s sobre Corporate Sustainability Due Diligence- IT\">Leer m\u00e1s<\/a><\/p>\n","protected":false},"author":5,"featured_media":6885,"parent":0,"menu_order":0,"comment_status":"closed","ping_status":"closed","template":"elementor_canvas","meta":{"inline_featured_image":false,"footnotes":""},"categories":[],"tags":[10],"class_list":{"0":"post-1341","1":"page","2":"type-page","3":"status-publish","4":"has-post-thumbnail","6":"tag-it"},"_links":{"self":[{"href":"https:\/\/aplanet.org\/campaign\/wp-json\/wp\/v2\/pages\/1341","targetHints":{"allow":["GET"]}}],"collection":[{"href":"https:\/\/aplanet.org\/campaign\/wp-json\/wp\/v2\/pages"}],"about":[{"href":"https:\/\/aplanet.org\/campaign\/wp-json\/wp\/v2\/types\/page"}],"author":[{"embeddable":true,"href":"https:\/\/aplanet.org\/campaign\/wp-json\/wp\/v2\/users\/5"}],"replies":[{"embeddable":true,"href":"https:\/\/aplanet.org\/campaign\/wp-json\/wp\/v2\/comments?post=1341"}],"version-history":[{"count":23,"href":"https:\/\/aplanet.org\/campaign\/wp-json\/wp\/v2\/pages\/1341\/revisions"}],"predecessor-version":[{"id":6896,"href":"https:\/\/aplanet.org\/campaign\/wp-json\/wp\/v2\/pages\/1341\/revisions\/6896"}],"wp:featuredmedia":[{"embeddable":true,"href":"https:\/\/aplanet.org\/campaign\/wp-json\/wp\/v2\/media\/6885"}],"wp:attachment":[{"href":"https:\/\/aplanet.org\/campaign\/wp-json\/wp\/v2\/media?parent=1341"}],"wp:term":[{"taxonomy":"category","embeddable":true,"href":"https:\/\/aplanet.org\/campaign\/wp-json\/wp\/v2\/categories?post=1341"},{"taxonomy":"post_tag","embeddable":true,"href":"https:\/\/aplanet.org\/campaign\/wp-json\/wp\/v2\/tags?post=1341"}],"curies":[{"name":"wp","href":"https:\/\/api.w.org\/{rel}","templated":true}]}}