{"id":1353,"date":"2022-03-31T09:53:04","date_gmt":"2022-03-31T09:53:04","guid":{"rendered":"https:\/\/aplanet.org\/campaign\/?page_id=1353"},"modified":"2024-03-05T08:31:55","modified_gmt":"2024-03-05T08:31:55","slug":"pt-corporate-sustainability-due-diligence","status":"publish","type":"page","link":"https:\/\/aplanet.org\/campaign\/pt-corporate-sustainability-due-diligence\/","title":{"rendered":"Corporate Sustainability Due Diligence- PT"},"content":{"rendered":"\t\t<div data-elementor-type=\"wp-page\" data-elementor-id=\"1353\" class=\"elementor elementor-1353\">\n\t\t\t\t\t\t<section class=\"elementor-section elementor-top-section elementor-element elementor-element-cfadf4e elementor-section-boxed elementor-section-height-default elementor-section-height-default\" data-id=\"cfadf4e\" data-element_type=\"section\" data-e-type=\"section\" data-settings=\"{&quot;background_background&quot;:&quot;classic&quot;}\">\n\t\t\t\t\t\t<div class=\"elementor-container elementor-column-gap-default\">\n\t\t\t\t\t<div class=\"elementor-column elementor-col-50 elementor-top-column elementor-element elementor-element-32de1eb\" data-id=\"32de1eb\" data-element_type=\"column\" data-e-type=\"column\">\n\t\t\t<div class=\"elementor-widget-wrap elementor-element-populated\">\n\t\t\t\t\t\t<div class=\"elementor-element elementor-element-6eb89d2 elementor-widget elementor-widget-image\" data-id=\"6eb89d2\" data-element_type=\"widget\" data-e-type=\"widget\" data-widget_type=\"image.default\">\n\t\t\t\t<div class=\"elementor-widget-container\">\n\t\t\t\t\t\t\t\t\t\t\t\t\t\t\t<img decoding=\"async\" width=\"300\" height=\"36\" src=\"https:\/\/aplanet.org\/campaign\/wp-content\/uploads\/2023\/03\/APLANET_logoN-1.png\" class=\"attachment-large size-large wp-image-4089\" alt=\"\" \/>\t\t\t\t\t\t\t\t\t\t\t\t\t\t\t<\/div>\n\t\t\t\t<\/div>\n\t\t\t\t\t<\/div>\n\t\t<\/div>\n\t\t\t\t<div class=\"elementor-column elementor-col-50 elementor-top-column elementor-element elementor-element-a40653f\" data-id=\"a40653f\" data-element_type=\"column\" data-e-type=\"column\">\n\t\t\t<div class=\"elementor-widget-wrap elementor-element-populated\">\n\t\t\t\t\t\t<div class=\"elementor-element elementor-element-c709be1 elementor-hidden-mobile elementor-widget elementor-widget-heading\" data-id=\"c709be1\" data-element_type=\"widget\" data-e-type=\"widget\" data-widget_type=\"heading.default\">\n\t\t\t\t<div class=\"elementor-widget-container\">\n\t\t\t\t\t<h4 class=\"elementor-heading-title elementor-size-default\">Due Diligence\n<\/h4>\t\t\t\t<\/div>\n\t\t\t\t<\/div>\n\t\t\t\t\t<\/div>\n\t\t<\/div>\n\t\t\t\t\t<\/div>\n\t\t<\/section>\n\t\t\t\t<section class=\"elementor-section elementor-top-section elementor-element elementor-element-d1c9ebe elementor-section-boxed elementor-section-height-default elementor-section-height-default\" data-id=\"d1c9ebe\" data-element_type=\"section\" data-e-type=\"section\" data-settings=\"{&quot;background_background&quot;:&quot;classic&quot;}\">\n\t\t\t\t\t\t<div class=\"elementor-container elementor-column-gap-default\">\n\t\t\t\t\t<div class=\"elementor-column elementor-col-100 elementor-top-column elementor-element elementor-element-4e8fc0f\" data-id=\"4e8fc0f\" data-element_type=\"column\" data-e-type=\"column\">\n\t\t\t<div class=\"elementor-widget-wrap elementor-element-populated\">\n\t\t\t\t\t\t<div class=\"elementor-element elementor-element-727d81d elementor-widget-divider--view-line elementor-widget elementor-widget-divider\" data-id=\"727d81d\" data-element_type=\"widget\" data-e-type=\"widget\" data-widget_type=\"divider.default\">\n\t\t\t\t<div class=\"elementor-widget-container\">\n\t\t\t\t\t\t\t<div class=\"elementor-divider\">\n\t\t\t<span class=\"elementor-divider-separator\">\n\t\t\t\t\t\t<\/span>\n\t\t<\/div>\n\t\t\t\t\t\t<\/div>\n\t\t\t\t<\/div>\n\t\t\t\t\t<\/div>\n\t\t<\/div>\n\t\t\t\t\t<\/div>\n\t\t<\/section>\n\t\t\t\t<section class=\"elementor-section elementor-top-section elementor-element elementor-element-ddbf61b elementor-section-boxed elementor-section-height-default elementor-section-height-default\" data-id=\"ddbf61b\" data-element_type=\"section\" data-e-type=\"section\" data-settings=\"{&quot;background_background&quot;:&quot;classic&quot;}\">\n\t\t\t\t\t\t<div class=\"elementor-container elementor-column-gap-default\">\n\t\t\t\t\t<div class=\"elementor-column elementor-col-100 elementor-top-column elementor-element elementor-element-cf27bcc\" data-id=\"cf27bcc\" data-element_type=\"column\" data-e-type=\"column\">\n\t\t\t<div class=\"elementor-widget-wrap elementor-element-populated\">\n\t\t\t\t\t\t<div class=\"elementor-element elementor-element-339861d elementor-widget elementor-widget-spacer\" data-id=\"339861d\" data-element_type=\"widget\" data-e-type=\"widget\" data-widget_type=\"spacer.default\">\n\t\t\t\t<div class=\"elementor-widget-container\">\n\t\t\t\t\t\t\t<div class=\"elementor-spacer\">\n\t\t\t<div class=\"elementor-spacer-inner\"><\/div>\n\t\t<\/div>\n\t\t\t\t\t\t<\/div>\n\t\t\t\t<\/div>\n\t\t\t\t<section class=\"elementor-section elementor-inner-section elementor-element elementor-element-4b35c2d elementor-section-boxed elementor-section-height-default elementor-section-height-default\" data-id=\"4b35c2d\" data-element_type=\"section\" data-e-type=\"section\">\n\t\t\t\t\t\t<div class=\"elementor-container elementor-column-gap-default\">\n\t\t\t\t\t<div class=\"elementor-column elementor-col-50 elementor-inner-column elementor-element elementor-element-52c1745\" data-id=\"52c1745\" data-element_type=\"column\" data-e-type=\"column\">\n\t\t\t<div class=\"elementor-widget-wrap elementor-element-populated\">\n\t\t\t\t\t\t<div class=\"elementor-element elementor-element-1eb999a elementor-widget elementor-widget-text-editor\" data-id=\"1eb999a\" data-element_type=\"widget\" data-e-type=\"widget\" data-widget_type=\"text-editor.default\">\n\t\t\t\t<div class=\"elementor-widget-container\">\n\t\t\t\t\t\t\t\t\t<p><span style=\"font-weight: 400;\">A Diretiva de Due Diligence de Sustentabilidade Corporativa (CSDDD) representa um novo padr\u00e3o em responsabilidade corporativa e sustentabilidade.<\/span><\/p><p><span style=\"font-weight: 400;\">Adotar o CSDDD n\u00e3o significa apenas cumprir a lei.\u00a0<\/span><span style=\"color: #000000;\">\u00c9 tamb\u00e9m uma oportunidade para liderar em sustentabilidade e abrir novas oportunidades de neg\u00f3cios.<\/span><\/p><p><span style=\"font-weight: 400;\">Nosso guia fornecer\u00e1 tudo o que voc\u00ea precisa saber para integrar o CSDDD \u00e0 sua estrat\u00e9gia de neg\u00f3cios:<\/span><\/p><ul><li style=\"font-weight: 400;\" aria-level=\"1\"><b>Compreens\u00e3o profunda do CSDDD: <\/b><span style=\"font-weight: 400;\">Aprenda o que \u00e9 o CSDDD, sua finalidade e o que significa para o futuro dos neg\u00f3cios.<\/span><\/li><li style=\"font-weight: 400;\" aria-level=\"1\"><b>Impacto para as Empresas: <\/b><span style=\"font-weight: 400;\">Descubra como o CSDDD afeta as empresas dentro e fora da Uni\u00e3o Europeia.<\/span><\/li><li style=\"font-weight: 400;\" aria-level=\"1\"><b>Implementa\u00e7\u00e3o Eficaz: <\/b><span style=\"font-weight: 400;\">Dicas passo a passo para implementar processos de due diligence, desde a avalia\u00e7\u00e3o inicial at\u00e9 a integra\u00e7\u00e3o operacional e relat\u00f3rios.<\/span><\/li><li style=\"font-weight: 400;\" aria-level=\"1\"><b>Checklist de Prepara\u00e7\u00e3o: <\/b><span style=\"font-weight: 400;\">Avalie a prepara\u00e7\u00e3o da sua empresa para cumprir o CSDDD.<\/span><\/li><\/ul><p><span style=\"font-weight: 400;\">Baixe agora o Guia GRATUITO e comece a transforma\u00e7\u00e3o da sua empresa rumo \u00e0 sustentabilidade!<\/span><\/p>\t\t\t\t\t\t\t\t<\/div>\n\t\t\t\t<\/div>\n\t\t\t\t\t<\/div>\n\t\t<\/div>\n\t\t\t\t<div class=\"elementor-column elementor-col-50 elementor-inner-column elementor-element elementor-element-00f17d7\" data-id=\"00f17d7\" data-element_type=\"column\" data-e-type=\"column\">\n\t\t\t<div class=\"elementor-widget-wrap elementor-element-populated\">\n\t\t\t\t\t\t<div class=\"elementor-element elementor-element-5dd9216 elementor-widget elementor-widget-image\" data-id=\"5dd9216\" data-element_type=\"widget\" data-e-type=\"widget\" data-widget_type=\"image.default\">\n\t\t\t\t<div class=\"elementor-widget-container\">\n\t\t\t\t\t\t\t\t\t\t\t\t\t\t\t<img fetchpriority=\"high\" decoding=\"async\" width=\"1200\" height=\"1200\" src=\"https:\/\/aplanet.org\/campaign\/wp-content\/uploads\/2024\/03\/GUIA_Maturity_Mockup_Landing_1200x1200_BR.png\" class=\"attachment-full size-full wp-image-6883\" alt=\"Due Diligence BR\" \/>\t\t\t\t\t\t\t\t\t\t\t\t\t\t\t<\/div>\n\t\t\t\t<\/div>\n\t\t\t\t\t<\/div>\n\t\t<\/div>\n\t\t\t\t\t<\/div>\n\t\t<\/section>\n\t\t\t\t<div class=\"elementor-element elementor-element-f958100 elementor-widget-divider--view-line elementor-widget elementor-widget-divider\" data-id=\"f958100\" data-element_type=\"widget\" data-e-type=\"widget\" data-widget_type=\"divider.default\">\n\t\t\t\t<div class=\"elementor-widget-container\">\n\t\t\t\t\t\t\t<div class=\"elementor-divider\">\n\t\t\t<span class=\"elementor-divider-separator\">\n\t\t\t\t\t\t<\/span>\n\t\t<\/div>\n\t\t\t\t\t\t<\/div>\n\t\t\t\t<\/div>\n\t\t\t\t<div class=\"elementor-element elementor-element-51e5c81 elementor-widget elementor-widget-html\" data-id=\"51e5c81\" data-element_type=\"widget\" data-e-type=\"widget\" data-widget_type=\"html.default\">\n\t\t\t\t<div class=\"elementor-widget-container\">\n\t\t\t\t\t<!-- [if lte IE 8]>\r\n<script charset=\"utf-8\" type=\"text\/javascript\" src=\"\/\/js.hsforms.net\/forms\/v2-legacy.js\"><\/script>\r\n<![endif]-->\r\n<p><script charset=\"utf-8\" type=\"text\/javascript\" src=\"\/\/js.hsforms.net\/forms\/v2.js\"><\/script> <script>\r\n  hbspt.forms.create({\r\n\tregion: \"na1\",\r\n\tportalId: \"5618409\",\r\n\tformId: \"af7aed3f-6e10-4e8f-8a10-5b2542bb6801\"\r\n});\r\n<\/script><\/p>\t\t\t\t<\/div>\n\t\t\t\t<\/div>\n\t\t\t\t\t<\/div>\n\t\t<\/div>\n\t\t\t\t\t<\/div>\n\t\t<\/section>\n\t\t\t\t<section class=\"elementor-section elementor-top-section elementor-element elementor-element-944c181 elementor-section-boxed elementor-section-height-default elementor-section-height-default\" data-id=\"944c181\" data-element_type=\"section\" data-e-type=\"section\">\n\t\t\t\t\t\t<div class=\"elementor-container elementor-column-gap-default\">\n\t\t\t\t\t<div class=\"elementor-column elementor-col-100 elementor-top-column elementor-element elementor-element-8a35c7a\" data-id=\"8a35c7a\" data-element_type=\"column\" data-e-type=\"column\">\n\t\t\t<div class=\"elementor-widget-wrap elementor-element-populated\">\n\t\t\t\t\t\t<div class=\"elementor-element elementor-element-b74fef5 elementor-widget-divider--view-line elementor-widget elementor-widget-divider\" data-id=\"b74fef5\" data-element_type=\"widget\" data-e-type=\"widget\" data-widget_type=\"divider.default\">\n\t\t\t\t<div class=\"elementor-widget-container\">\n\t\t\t\t\t\t\t<div class=\"elementor-divider\">\n\t\t\t<span class=\"elementor-divider-separator\">\n\t\t\t\t\t\t<\/span>\n\t\t<\/div>\n\t\t\t\t\t\t<\/div>\n\t\t\t\t<\/div>\n\t\t\t\t\t<\/div>\n\t\t<\/div>\n\t\t\t\t\t<\/div>\n\t\t<\/section>\n\t\t\t\t<section class=\"elementor-section elementor-top-section elementor-element elementor-element-4e8fcd1 elementor-section-boxed elementor-section-height-default elementor-section-height-default\" data-id=\"4e8fcd1\" data-element_type=\"section\" data-e-type=\"section\">\n\t\t\t\t\t\t<div class=\"elementor-container elementor-column-gap-default\">\n\t\t\t\t\t<div class=\"elementor-column elementor-col-50 elementor-top-column elementor-element elementor-element-eef83ba\" data-id=\"eef83ba\" data-element_type=\"column\" data-e-type=\"column\">\n\t\t\t<div class=\"elementor-widget-wrap elementor-element-populated\">\n\t\t\t\t\t\t<div class=\"elementor-element elementor-element-2f9f251 elementor-widget elementor-widget-text-editor\" data-id=\"2f9f251\" data-element_type=\"widget\" data-e-type=\"widget\" data-widget_type=\"text-editor.default\">\n\t\t\t\t<div class=\"elementor-widget-container\">\n\t\t\t\t\t\t\t\t\t<p style=\"text-align: left;\"><span style=\"color: #000000;\"><a style=\"color: #000000;\" href=\"https:\/\/aplanet.org\/fr\/termes-et-les-conditions\/\" target=\"_blank\" rel=\"noopener\">Termes et les conditions<\/a> &#8211;\u00a0<\/span><span style=\"color: #000000;\"><a style=\"color: #000000;\" href=\"https:\/\/aplanet.org\/fr\/politique-de-confidentialite\/\" target=\"_blank\" rel=\"noopener\">Politique de Confidentialite<\/a> &#8211;\u00a0<\/span><span style=\"color: #000000;\"><a style=\"color: #000000;\" href=\"https:\/\/aplanet.org\/fr\/politique-de-cookies\/\" target=\"_blank\" rel=\"noopener\">Politique de Cookies<\/a><\/span><\/p><p>Copyright 2023 @APLANET<\/p>\t\t\t\t\t\t\t\t<\/div>\n\t\t\t\t<\/div>\n\t\t\t\t\t<\/div>\n\t\t<\/div>\n\t\t\t\t<div class=\"elementor-column elementor-col-50 elementor-top-column elementor-element elementor-element-176bb5a\" data-id=\"176bb5a\" data-element_type=\"column\" data-e-type=\"column\">\n\t\t\t<div class=\"elementor-widget-wrap elementor-element-populated\">\n\t\t\t\t\t\t<div class=\"elementor-element elementor-element-8fea016 elementor-widget elementor-widget-image\" data-id=\"8fea016\" data-element_type=\"widget\" data-e-type=\"widget\" data-widget_type=\"image.default\">\n\t\t\t\t<div class=\"elementor-widget-container\">\n\t\t\t\t\t\t\t\t\t\t\t\t\t\t\t<img decoding=\"async\" width=\"293\" height=\"92\" src=\"https:\/\/aplanet.org\/campaign\/wp-content\/uploads\/2023\/04\/footer_TaglineAPLANET.png\" class=\"attachment-large size-large wp-image-4405\" alt=\"\" \/>\t\t\t\t\t\t\t\t\t\t\t\t\t\t\t<\/div>\n\t\t\t\t<\/div>\n\t\t\t\t\t<\/div>\n\t\t<\/div>\n\t\t\t\t\t<\/div>\n\t\t<\/section>\n\t\t\t\t<\/div>\n\t\t","protected":false},"excerpt":{"rendered":"<p>Due Diligence A Diretiva de Due Diligence de Sustentabilidade Corporativa (CSDDD) representa um novo padr\u00e3o em responsabilidade corporativa e sustentabilidade. Adotar o CSDDD n\u00e3o significa apenas cumprir a lei.\u00a0\u00c9 tamb\u00e9m uma oportunidade para liderar em sustentabilidade e abrir novas oportunidades de neg\u00f3cios. Nosso guia fornecer\u00e1 tudo o que voc\u00ea precisa saber para integrar o CSDDD &#8230; <a title=\"Corporate Sustainability Due Diligence- PT\" class=\"read-more\" href=\"https:\/\/aplanet.org\/campaign\/pt-corporate-sustainability-due-diligence\/\" aria-label=\"Leer m\u00e1s sobre Corporate Sustainability Due Diligence- PT\">Leer m\u00e1s<\/a><\/p>\n","protected":false},"author":5,"featured_media":6883,"parent":0,"menu_order":0,"comment_status":"closed","ping_status":"closed","template":"elementor_canvas","meta":{"inline_featured_image":false,"footnotes":""},"categories":[],"tags":[8],"class_list":{"0":"post-1353","1":"page","2":"type-page","3":"status-publish","4":"has-post-thumbnail","6":"tag-pt"},"_links":{"self":[{"href":"https:\/\/aplanet.org\/campaign\/wp-json\/wp\/v2\/pages\/1353","targetHints":{"allow":["GET"]}}],"collection":[{"href":"https:\/\/aplanet.org\/campaign\/wp-json\/wp\/v2\/pages"}],"about":[{"href":"https:\/\/aplanet.org\/campaign\/wp-json\/wp\/v2\/types\/page"}],"author":[{"embeddable":true,"href":"https:\/\/aplanet.org\/campaign\/wp-json\/wp\/v2\/users\/5"}],"replies":[{"embeddable":true,"href":"https:\/\/aplanet.org\/campaign\/wp-json\/wp\/v2\/comments?post=1353"}],"version-history":[{"count":26,"href":"https:\/\/aplanet.org\/campaign\/wp-json\/wp\/v2\/pages\/1353\/revisions"}],"predecessor-version":[{"id":6899,"href":"https:\/\/aplanet.org\/campaign\/wp-json\/wp\/v2\/pages\/1353\/revisions\/6899"}],"wp:featuredmedia":[{"embeddable":true,"href":"https:\/\/aplanet.org\/campaign\/wp-json\/wp\/v2\/media\/6883"}],"wp:attachment":[{"href":"https:\/\/aplanet.org\/campaign\/wp-json\/wp\/v2\/media?parent=1353"}],"wp:term":[{"taxonomy":"category","embeddable":true,"href":"https:\/\/aplanet.org\/campaign\/wp-json\/wp\/v2\/categories?post=1353"},{"taxonomy":"post_tag","embeddable":true,"href":"https:\/\/aplanet.org\/campaign\/wp-json\/wp\/v2\/tags?post=1353"}],"curies":[{"name":"wp","href":"https:\/\/api.w.org\/{rel}","templated":true}]}}