{"id":3212,"date":"2022-09-27T12:01:29","date_gmt":"2022-09-27T12:01:29","guid":{"rendered":"https:\/\/aplanet.org\/campaign\/?page_id=3212"},"modified":"2023-05-24T13:36:19","modified_gmt":"2023-05-24T13:36:19","slug":"netzero-fr","status":"publish","type":"page","link":"https:\/\/aplanet.org\/campaign\/netzero-fr\/","title":{"rendered":"NetZero-FR"},"content":{"rendered":"\t\t<div data-elementor-type=\"wp-page\" data-elementor-id=\"3212\" class=\"elementor elementor-3212\">\n\t\t\t\t\t\t<section class=\"elementor-section elementor-top-section elementor-element elementor-element-1bd4d6b elementor-section-boxed elementor-section-height-default elementor-section-height-default\" data-id=\"1bd4d6b\" data-element_type=\"section\" data-e-type=\"section\" data-settings=\"{&quot;background_background&quot;:&quot;classic&quot;}\">\n\t\t\t\t\t\t<div class=\"elementor-container elementor-column-gap-default\">\n\t\t\t\t\t<div class=\"elementor-column elementor-col-50 elementor-top-column elementor-element elementor-element-dc836ed\" data-id=\"dc836ed\" data-element_type=\"column\" data-e-type=\"column\">\n\t\t\t<div class=\"elementor-widget-wrap elementor-element-populated\">\n\t\t\t\t\t\t<div class=\"elementor-element elementor-element-3b94f5f elementor-widget elementor-widget-image\" data-id=\"3b94f5f\" data-element_type=\"widget\" data-e-type=\"widget\" data-widget_type=\"image.default\">\n\t\t\t\t<div class=\"elementor-widget-container\">\n\t\t\t\t\t\t\t\t\t\t\t\t\t\t\t<img decoding=\"async\" width=\"300\" height=\"36\" src=\"https:\/\/aplanet.org\/campaign\/wp-content\/uploads\/2023\/03\/APLANET_logoN-1.png\" class=\"attachment-large size-large wp-image-4089\" alt=\"\" \/>\t\t\t\t\t\t\t\t\t\t\t\t\t\t\t<\/div>\n\t\t\t\t<\/div>\n\t\t\t\t\t<\/div>\n\t\t<\/div>\n\t\t\t\t<div class=\"elementor-column elementor-col-50 elementor-top-column elementor-element elementor-element-c59d644\" data-id=\"c59d644\" data-element_type=\"column\" data-e-type=\"column\">\n\t\t\t<div class=\"elementor-widget-wrap elementor-element-populated\">\n\t\t\t\t\t\t<div class=\"elementor-element elementor-element-aa4c82a elementor-hidden-mobile elementor-widget elementor-widget-heading\" data-id=\"aa4c82a\" data-element_type=\"widget\" data-e-type=\"widget\" data-widget_type=\"heading.default\">\n\t\t\t\t<div class=\"elementor-widget-container\">\n\t\t\t\t\t<h4 class=\"elementor-heading-title elementor-size-default\">Net Zero\n<\/h4>\t\t\t\t<\/div>\n\t\t\t\t<\/div>\n\t\t\t\t\t<\/div>\n\t\t<\/div>\n\t\t\t\t\t<\/div>\n\t\t<\/section>\n\t\t\t\t<section class=\"elementor-section elementor-top-section elementor-element elementor-element-084c15a elementor-section-boxed elementor-section-height-default elementor-section-height-default\" data-id=\"084c15a\" data-element_type=\"section\" data-e-type=\"section\" data-settings=\"{&quot;background_background&quot;:&quot;classic&quot;}\">\n\t\t\t\t\t\t<div class=\"elementor-container elementor-column-gap-default\">\n\t\t\t\t\t<div class=\"elementor-column elementor-col-100 elementor-top-column elementor-element elementor-element-b6e1aea\" data-id=\"b6e1aea\" data-element_type=\"column\" data-e-type=\"column\">\n\t\t\t<div class=\"elementor-widget-wrap elementor-element-populated\">\n\t\t\t\t\t\t<div class=\"elementor-element elementor-element-5f6515c elementor-widget-divider--view-line elementor-widget elementor-widget-divider\" data-id=\"5f6515c\" data-element_type=\"widget\" data-e-type=\"widget\" data-widget_type=\"divider.default\">\n\t\t\t\t<div class=\"elementor-widget-container\">\n\t\t\t\t\t\t\t<div class=\"elementor-divider\">\n\t\t\t<span class=\"elementor-divider-separator\">\n\t\t\t\t\t\t<\/span>\n\t\t<\/div>\n\t\t\t\t\t\t<\/div>\n\t\t\t\t<\/div>\n\t\t\t\t\t<\/div>\n\t\t<\/div>\n\t\t\t\t\t<\/div>\n\t\t<\/section>\n\t\t\t\t<section class=\"elementor-section elementor-top-section elementor-element elementor-element-7800d93 elementor-section-boxed elementor-section-height-default elementor-section-height-default\" data-id=\"7800d93\" data-element_type=\"section\" data-e-type=\"section\" data-settings=\"{&quot;background_background&quot;:&quot;classic&quot;}\">\n\t\t\t\t\t\t<div class=\"elementor-container elementor-column-gap-default\">\n\t\t\t\t\t<div class=\"elementor-column elementor-col-100 elementor-top-column elementor-element elementor-element-47ca0ce\" data-id=\"47ca0ce\" data-element_type=\"column\" data-e-type=\"column\">\n\t\t\t<div class=\"elementor-widget-wrap elementor-element-populated\">\n\t\t\t\t\t\t<div class=\"elementor-element elementor-element-1b9ec9f elementor-widget elementor-widget-spacer\" data-id=\"1b9ec9f\" data-element_type=\"widget\" data-e-type=\"widget\" data-widget_type=\"spacer.default\">\n\t\t\t\t<div class=\"elementor-widget-container\">\n\t\t\t\t\t\t\t<div class=\"elementor-spacer\">\n\t\t\t<div class=\"elementor-spacer-inner\"><\/div>\n\t\t<\/div>\n\t\t\t\t\t\t<\/div>\n\t\t\t\t<\/div>\n\t\t\t\t<section class=\"elementor-section elementor-inner-section elementor-element elementor-element-5d04adc elementor-section-boxed elementor-section-height-default elementor-section-height-default\" data-id=\"5d04adc\" data-element_type=\"section\" data-e-type=\"section\">\n\t\t\t\t\t\t<div class=\"elementor-container elementor-column-gap-default\">\n\t\t\t\t\t<div class=\"elementor-column elementor-col-50 elementor-inner-column elementor-element elementor-element-4269860\" data-id=\"4269860\" data-element_type=\"column\" data-e-type=\"column\">\n\t\t\t<div class=\"elementor-widget-wrap elementor-element-populated\">\n\t\t\t\t\t\t<div class=\"elementor-element elementor-element-057c512 elementor-widget elementor-widget-text-editor\" data-id=\"057c512\" data-element_type=\"widget\" data-e-type=\"widget\" data-widget_type=\"text-editor.default\">\n\t\t\t\t<div class=\"elementor-widget-container\">\n\t\t\t\t\t\t\t\t\t<p><\/p><p><span style=\"font-weight: 400;\">La prise en compte de l\u2019impact environnemental de votre activit\u00e9 est essentielle \u00e0 votre r\u00e9ussite et \u00e0 la p\u00e9rennit\u00e9 de votre mod\u00e8le, quelle que soit la taille de votre entreprise.\u00a0<\/span><\/p><p>\u00a0<\/p><p><span style=\"font-weight: 400;\">La\u00a0 <\/span><b>d\u00e9carbonisation<\/b><span style=\"font-weight: 400;\"> est au c\u0153ur de tous les programmes de politique climatique. Plus t\u00f4t votre entreprise parviendra \u00e0 effectuer cette transition, mieux ce sera pour elle et pour la soci\u00e9t\u00e9 dans son ensemble.\u00a0<\/span><\/p><p>\u00a0<\/p><p><span style=\"font-weight: 400;\">C\u2019est pourquoi nous avons con\u00e7u un guide, que vous pouvez t\u00e9l\u00e9charger ci-dessous, qui explique <\/span><b>comment une organisation peut atteindre des \u00e9missions nettes nulles.\u00a0<\/b><\/p><p><br \/><span style=\"font-weight: 400;\">Gr\u00e2ce \u00e0 ce guide, vous serez en mesure de comprendre ce que sont les \u00e9missions nettes z\u00e9ro (de mani\u00e8re cr\u00e9dible et r\u00e9alisable) au sein de l\u2019activit\u00e9 d\u2019une entreprise, <\/span><b>les \u00e9tapes de la cr\u00e9ation d\u2019une strat\u00e9gie d\u2019\u00e9missions z\u00e9ro<\/b><span style=\"font-weight: 400;\"> et les moyens de g\u00e9rer les \u00e9missions.<\/span><\/p><p><\/p>\t\t\t\t\t\t\t\t<\/div>\n\t\t\t\t<\/div>\n\t\t\t\t\t<\/div>\n\t\t<\/div>\n\t\t\t\t<div class=\"elementor-column elementor-col-50 elementor-inner-column elementor-element elementor-element-b2fb326\" data-id=\"b2fb326\" data-element_type=\"column\" data-e-type=\"column\">\n\t\t\t<div class=\"elementor-widget-wrap elementor-element-populated\">\n\t\t\t\t\t\t<div class=\"elementor-element elementor-element-06af6ae elementor-widget elementor-widget-image\" data-id=\"06af6ae\" data-element_type=\"widget\" data-e-type=\"widget\" data-widget_type=\"image.default\">\n\t\t\t\t<div class=\"elementor-widget-container\">\n\t\t\t\t\t\t\t\t\t\t\t\t\t\t\t<img fetchpriority=\"high\" decoding=\"async\" width=\"1200\" height=\"1200\" src=\"https:\/\/aplanet.org\/campaign\/wp-content\/uploads\/2023\/05\/GUIA_NetZero_Mockup_Landing_1200x1200_FR.png\" class=\"attachment-full size-full wp-image-5847\" alt=\"\" srcset=\"https:\/\/aplanet.org\/campaign\/wp-content\/uploads\/2023\/05\/GUIA_NetZero_Mockup_Landing_1200x1200_FR.png 1200w, https:\/\/aplanet.org\/campaign\/wp-content\/uploads\/2023\/05\/GUIA_NetZero_Mockup_Landing_1200x1200_FR-300x300.png 300w, https:\/\/aplanet.org\/campaign\/wp-content\/uploads\/2023\/05\/GUIA_NetZero_Mockup_Landing_1200x1200_FR-1024x1024.png 1024w, https:\/\/aplanet.org\/campaign\/wp-content\/uploads\/2023\/05\/GUIA_NetZero_Mockup_Landing_1200x1200_FR-150x150.png 150w, https:\/\/aplanet.org\/campaign\/wp-content\/uploads\/2023\/05\/GUIA_NetZero_Mockup_Landing_1200x1200_FR-768x768.png 768w\" sizes=\"(max-width: 1200px) 100vw, 1200px\" \/>\t\t\t\t\t\t\t\t\t\t\t\t\t\t\t<\/div>\n\t\t\t\t<\/div>\n\t\t\t\t\t<\/div>\n\t\t<\/div>\n\t\t\t\t\t<\/div>\n\t\t<\/section>\n\t\t\t\t<div class=\"elementor-element elementor-element-d8dea31 elementor-widget-divider--view-line elementor-widget elementor-widget-divider\" data-id=\"d8dea31\" data-element_type=\"widget\" data-e-type=\"widget\" data-widget_type=\"divider.default\">\n\t\t\t\t<div class=\"elementor-widget-container\">\n\t\t\t\t\t\t\t<div class=\"elementor-divider\">\n\t\t\t<span class=\"elementor-divider-separator\">\n\t\t\t\t\t\t<\/span>\n\t\t<\/div>\n\t\t\t\t\t\t<\/div>\n\t\t\t\t<\/div>\n\t\t\t\t<div class=\"elementor-element elementor-element-32926b7 elementor-widget elementor-widget-html\" data-id=\"32926b7\" data-element_type=\"widget\" data-e-type=\"widget\" data-widget_type=\"html.default\">\n\t\t\t\t<div class=\"elementor-widget-container\">\n\t\t\t\t\t<script charset=\"utf-8\" type=\"text\/javascript\" src=\"\/\/js.hsforms.net\/forms\/v2.js\"><\/script>\r\n<script>\r\n  hbspt.forms.create({\r\n    region: \"na1\",\r\n    portalId: \"5618409\",\r\n    formId: \"af4eb768-bffd-46da-82ca-94b17bfff6ce\",\r\n    version: \"V2_PRERELEASE\"\r\n  });\r\n<\/script>\t\t\t\t<\/div>\n\t\t\t\t<\/div>\n\t\t\t\t\t<\/div>\n\t\t<\/div>\n\t\t\t\t\t<\/div>\n\t\t<\/section>\n\t\t\t\t<section class=\"elementor-section elementor-top-section elementor-element elementor-element-ff43c3d elementor-section-boxed elementor-section-height-default elementor-section-height-default\" data-id=\"ff43c3d\" data-element_type=\"section\" data-e-type=\"section\" data-settings=\"{&quot;background_background&quot;:&quot;classic&quot;}\">\n\t\t\t\t\t\t<div class=\"elementor-container elementor-column-gap-default\">\n\t\t\t\t\t<div class=\"elementor-column elementor-col-100 elementor-top-column elementor-element elementor-element-1ec6535\" data-id=\"1ec6535\" data-element_type=\"column\" data-e-type=\"column\">\n\t\t\t<div class=\"elementor-widget-wrap elementor-element-populated\">\n\t\t\t\t\t\t<div class=\"elementor-element elementor-element-62eaed0 elementor-widget-divider--view-line elementor-widget elementor-widget-divider\" data-id=\"62eaed0\" data-element_type=\"widget\" data-e-type=\"widget\" data-widget_type=\"divider.default\">\n\t\t\t\t<div class=\"elementor-widget-container\">\n\t\t\t\t\t\t\t<div class=\"elementor-divider\">\n\t\t\t<span class=\"elementor-divider-separator\">\n\t\t\t\t\t\t<\/span>\n\t\t<\/div>\n\t\t\t\t\t\t<\/div>\n\t\t\t\t<\/div>\n\t\t\t\t\t<\/div>\n\t\t<\/div>\n\t\t\t\t\t<\/div>\n\t\t<\/section>\n\t\t\t\t<section class=\"elementor-section elementor-top-section elementor-element elementor-element-3ec34c6 elementor-section-boxed elementor-section-height-default elementor-section-height-default\" data-id=\"3ec34c6\" data-element_type=\"section\" data-e-type=\"section\">\n\t\t\t\t\t\t<div class=\"elementor-container elementor-column-gap-default\">\n\t\t\t\t\t<div class=\"elementor-column elementor-col-50 elementor-top-column elementor-element elementor-element-e218756\" data-id=\"e218756\" data-element_type=\"column\" data-e-type=\"column\">\n\t\t\t<div class=\"elementor-widget-wrap elementor-element-populated\">\n\t\t\t\t\t\t<div class=\"elementor-element elementor-element-8d403aa elementor-widget elementor-widget-text-editor\" data-id=\"8d403aa\" data-element_type=\"widget\" data-e-type=\"widget\" data-widget_type=\"text-editor.default\">\n\t\t\t\t<div class=\"elementor-widget-container\">\n\t\t\t\t\t\t\t\t\t<p style=\"text-align: left;\"><span style=\"color: #000000;\"><a style=\"color: #000000;\" href=\"https:\/\/aplanet.org\/fr\/termes-et-les-conditions\/\" target=\"_blank\" rel=\"noopener\">Termes et les conditions<\/a> &#8211;\u00a0<\/span><span style=\"color: #000000;\"><a style=\"color: #000000;\" href=\"https:\/\/aplanet.org\/fr\/politique-de-confidentialite\/\" target=\"_blank\" rel=\"noopener\">Politique de Confidentialite<\/a> &#8211;\u00a0<\/span><span style=\"color: #000000;\"><a style=\"color: #000000;\" href=\"https:\/\/aplanet.org\/fr\/politique-de-cookies\/\" target=\"_blank\" rel=\"noopener\">Politique de Cookies<\/a><\/span><\/p><p>Copyright 2023 @APLANET<\/p>\t\t\t\t\t\t\t\t<\/div>\n\t\t\t\t<\/div>\n\t\t\t\t\t<\/div>\n\t\t<\/div>\n\t\t\t\t<div class=\"elementor-column elementor-col-50 elementor-top-column elementor-element elementor-element-8227ebd\" data-id=\"8227ebd\" data-element_type=\"column\" data-e-type=\"column\">\n\t\t\t<div class=\"elementor-widget-wrap elementor-element-populated\">\n\t\t\t\t\t\t<div class=\"elementor-element elementor-element-a5f5af5 elementor-widget elementor-widget-image\" data-id=\"a5f5af5\" data-element_type=\"widget\" data-e-type=\"widget\" data-widget_type=\"image.default\">\n\t\t\t\t<div class=\"elementor-widget-container\">\n\t\t\t\t\t\t\t\t\t\t\t\t\t\t\t<img decoding=\"async\" width=\"293\" height=\"92\" src=\"https:\/\/aplanet.org\/campaign\/wp-content\/uploads\/2023\/04\/footer_TaglineAPLANET.png\" class=\"attachment-large size-large wp-image-4405\" alt=\"\" \/>\t\t\t\t\t\t\t\t\t\t\t\t\t\t\t<\/div>\n\t\t\t\t<\/div>\n\t\t\t\t\t<\/div>\n\t\t<\/div>\n\t\t\t\t\t<\/div>\n\t\t<\/section>\n\t\t\t\t<\/div>\n\t\t","protected":false},"excerpt":{"rendered":"<p>Net Zero La prise en compte de l\u2019impact environnemental de votre activit\u00e9 est essentielle \u00e0 votre r\u00e9ussite et \u00e0 la p\u00e9rennit\u00e9 de votre mod\u00e8le, quelle que soit la taille de votre entreprise.\u00a0 \u00a0 La\u00a0 d\u00e9carbonisation est au c\u0153ur de tous les programmes de politique climatique. Plus t\u00f4t votre entreprise parviendra \u00e0 effectuer cette transition, mieux &#8230; <a title=\"NetZero-FR\" class=\"read-more\" href=\"https:\/\/aplanet.org\/campaign\/netzero-fr\/\" aria-label=\"Leer m\u00e1s sobre NetZero-FR\">Leer m\u00e1s<\/a><\/p>\n","protected":false},"author":5,"featured_media":0,"parent":0,"menu_order":0,"comment_status":"closed","ping_status":"closed","template":"elementor_canvas","meta":{"inline_featured_image":false,"footnotes":""},"categories":[],"tags":[11],"class_list":{"0":"post-3212","1":"page","2":"type-page","3":"status-publish","5":"tag-fr"},"_links":{"self":[{"href":"https:\/\/aplanet.org\/campaign\/wp-json\/wp\/v2\/pages\/3212","targetHints":{"allow":["GET"]}}],"collection":[{"href":"https:\/\/aplanet.org\/campaign\/wp-json\/wp\/v2\/pages"}],"about":[{"href":"https:\/\/aplanet.org\/campaign\/wp-json\/wp\/v2\/types\/page"}],"author":[{"embeddable":true,"href":"https:\/\/aplanet.org\/campaign\/wp-json\/wp\/v2\/users\/5"}],"replies":[{"embeddable":true,"href":"https:\/\/aplanet.org\/campaign\/wp-json\/wp\/v2\/comments?post=3212"}],"version-history":[{"count":17,"href":"https:\/\/aplanet.org\/campaign\/wp-json\/wp\/v2\/pages\/3212\/revisions"}],"predecessor-version":[{"id":5850,"href":"https:\/\/aplanet.org\/campaign\/wp-json\/wp\/v2\/pages\/3212\/revisions\/5850"}],"wp:attachment":[{"href":"https:\/\/aplanet.org\/campaign\/wp-json\/wp\/v2\/media?parent=3212"}],"wp:term":[{"taxonomy":"category","embeddable":true,"href":"https:\/\/aplanet.org\/campaign\/wp-json\/wp\/v2\/categories?post=3212"},{"taxonomy":"post_tag","embeddable":true,"href":"https:\/\/aplanet.org\/campaign\/wp-json\/wp\/v2\/tags?post=3212"}],"curies":[{"name":"wp","href":"https:\/\/api.w.org\/{rel}","templated":true}]}}