{"id":3220,"date":"2022-09-27T12:03:18","date_gmt":"2022-09-27T12:03:18","guid":{"rendered":"https:\/\/aplanet.org\/campaign\/?page_id=3220"},"modified":"2024-03-05T08:28:01","modified_gmt":"2024-03-05T08:28:01","slug":"corporate-sustainability-due-diligence-fr","status":"publish","type":"page","link":"https:\/\/aplanet.org\/campaign\/corporate-sustainability-due-diligence-fr\/","title":{"rendered":"Corporate Sustainability Due Diligence- FR"},"content":{"rendered":"\t\t<div data-elementor-type=\"wp-page\" data-elementor-id=\"3220\" class=\"elementor elementor-3220\">\n\t\t\t\t\t\t<section class=\"elementor-section elementor-top-section elementor-element elementor-element-de4d15a elementor-section-boxed elementor-section-height-default elementor-section-height-default\" data-id=\"de4d15a\" data-element_type=\"section\" data-e-type=\"section\" data-settings=\"{&quot;background_background&quot;:&quot;classic&quot;}\">\n\t\t\t\t\t\t<div class=\"elementor-container elementor-column-gap-default\">\n\t\t\t\t\t<div class=\"elementor-column elementor-col-50 elementor-top-column elementor-element elementor-element-d40fe29\" data-id=\"d40fe29\" data-element_type=\"column\" data-e-type=\"column\">\n\t\t\t<div class=\"elementor-widget-wrap elementor-element-populated\">\n\t\t\t\t\t\t<div class=\"elementor-element elementor-element-3cd00a6 elementor-widget elementor-widget-image\" data-id=\"3cd00a6\" data-element_type=\"widget\" data-e-type=\"widget\" data-widget_type=\"image.default\">\n\t\t\t\t<div class=\"elementor-widget-container\">\n\t\t\t\t\t\t\t\t\t\t\t\t\t\t\t<img decoding=\"async\" width=\"300\" height=\"36\" src=\"https:\/\/aplanet.org\/campaign\/wp-content\/uploads\/2023\/03\/APLANET_logoN-1.png\" class=\"attachment-large size-large wp-image-4089\" alt=\"\" \/>\t\t\t\t\t\t\t\t\t\t\t\t\t\t\t<\/div>\n\t\t\t\t<\/div>\n\t\t\t\t\t<\/div>\n\t\t<\/div>\n\t\t\t\t<div class=\"elementor-column elementor-col-50 elementor-top-column elementor-element elementor-element-2083939\" data-id=\"2083939\" data-element_type=\"column\" data-e-type=\"column\">\n\t\t\t<div class=\"elementor-widget-wrap elementor-element-populated\">\n\t\t\t\t\t\t<div class=\"elementor-element elementor-element-e10465f elementor-hidden-mobile elementor-widget elementor-widget-heading\" data-id=\"e10465f\" data-element_type=\"widget\" data-e-type=\"widget\" data-widget_type=\"heading.default\">\n\t\t\t\t<div class=\"elementor-widget-container\">\n\t\t\t\t\t<h4 class=\"elementor-heading-title elementor-size-default\">Diligence Raisonnable<\/h4>\t\t\t\t<\/div>\n\t\t\t\t<\/div>\n\t\t\t\t\t<\/div>\n\t\t<\/div>\n\t\t\t\t\t<\/div>\n\t\t<\/section>\n\t\t\t\t<section class=\"elementor-section elementor-top-section elementor-element elementor-element-3bd3af5 elementor-section-boxed elementor-section-height-default elementor-section-height-default\" data-id=\"3bd3af5\" data-element_type=\"section\" data-e-type=\"section\" data-settings=\"{&quot;background_background&quot;:&quot;classic&quot;}\">\n\t\t\t\t\t\t<div class=\"elementor-container elementor-column-gap-default\">\n\t\t\t\t\t<div class=\"elementor-column elementor-col-100 elementor-top-column elementor-element elementor-element-a4109bd\" data-id=\"a4109bd\" data-element_type=\"column\" data-e-type=\"column\">\n\t\t\t<div class=\"elementor-widget-wrap elementor-element-populated\">\n\t\t\t\t\t\t<div class=\"elementor-element elementor-element-7d592bc elementor-widget-divider--view-line elementor-widget elementor-widget-divider\" data-id=\"7d592bc\" data-element_type=\"widget\" data-e-type=\"widget\" data-widget_type=\"divider.default\">\n\t\t\t\t<div class=\"elementor-widget-container\">\n\t\t\t\t\t\t\t<div class=\"elementor-divider\">\n\t\t\t<span class=\"elementor-divider-separator\">\n\t\t\t\t\t\t<\/span>\n\t\t<\/div>\n\t\t\t\t\t\t<\/div>\n\t\t\t\t<\/div>\n\t\t\t\t\t<\/div>\n\t\t<\/div>\n\t\t\t\t\t<\/div>\n\t\t<\/section>\n\t\t\t\t<section class=\"elementor-section elementor-top-section elementor-element elementor-element-0171c25 elementor-section-boxed elementor-section-height-default elementor-section-height-default\" data-id=\"0171c25\" data-element_type=\"section\" data-e-type=\"section\" data-settings=\"{&quot;background_background&quot;:&quot;classic&quot;}\">\n\t\t\t\t\t\t<div class=\"elementor-container elementor-column-gap-default\">\n\t\t\t\t\t<div class=\"elementor-column elementor-col-100 elementor-top-column elementor-element elementor-element-55d99c0\" data-id=\"55d99c0\" data-element_type=\"column\" data-e-type=\"column\">\n\t\t\t<div class=\"elementor-widget-wrap elementor-element-populated\">\n\t\t\t\t\t\t<div class=\"elementor-element elementor-element-83a55b4 elementor-widget elementor-widget-spacer\" data-id=\"83a55b4\" data-element_type=\"widget\" data-e-type=\"widget\" data-widget_type=\"spacer.default\">\n\t\t\t\t<div class=\"elementor-widget-container\">\n\t\t\t\t\t\t\t<div class=\"elementor-spacer\">\n\t\t\t<div class=\"elementor-spacer-inner\"><\/div>\n\t\t<\/div>\n\t\t\t\t\t\t<\/div>\n\t\t\t\t<\/div>\n\t\t\t\t<section class=\"elementor-section elementor-inner-section elementor-element elementor-element-98972ed elementor-section-boxed elementor-section-height-default elementor-section-height-default\" data-id=\"98972ed\" data-element_type=\"section\" data-e-type=\"section\">\n\t\t\t\t\t\t<div class=\"elementor-container elementor-column-gap-default\">\n\t\t\t\t\t<div class=\"elementor-column elementor-col-50 elementor-inner-column elementor-element elementor-element-b9430d4\" data-id=\"b9430d4\" data-element_type=\"column\" data-e-type=\"column\">\n\t\t\t<div class=\"elementor-widget-wrap elementor-element-populated\">\n\t\t\t\t\t\t<div class=\"elementor-element elementor-element-b21e1b5 elementor-widget elementor-widget-text-editor\" data-id=\"b21e1b5\" data-element_type=\"widget\" data-e-type=\"widget\" data-widget_type=\"text-editor.default\">\n\t\t\t\t<div class=\"elementor-widget-container\">\n\t\t\t\t\t\t\t\t\t<p><\/p>\n<p><span style=\"font-weight: 400;\">La directive sur le devoir de vigilance en mati\u00e8re de d\u00e9veloppement durable des entreprises (CSDDD ou Directive CSDD) \u00e9tablit de nouvelles normes en mati\u00e8re de responsabilit\u00e9 des entreprises et de d\u00e9veloppement durable.<\/span><\/p>\n<p><span style=\"font-weight: 400;\">L&#8217;adoption de la CSDDD ne consiste pas seulement \u00e0 se conformer \u00e0 la loi.<span style=\"color: #000000;\">\u00a0<\/span><\/span><span style=\"color: #000000;\">C&#8217;est aussi l&#8217;occasion d&#8217;\u00eatre leader en mati\u00e8re de d\u00e9veloppement durable et d&#8217;ouvrir de nouvelles perspectives commerciales.<\/span><\/p>\n<p><span style=\"font-weight: 400;\">Notre guide complet vous fournira tout ce que vous devez savoir pour int\u00e9grer la directive dans votre strat\u00e9gie d&#8217;entreprise :<\/span><\/p>\n<p><\/p>\t\t\t\t\t\t\t\t<\/div>\n\t\t\t\t<\/div>\n\t\t\t\t\t<\/div>\n\t\t<\/div>\n\t\t\t\t<div class=\"elementor-column elementor-col-50 elementor-inner-column elementor-element elementor-element-a5ee767\" data-id=\"a5ee767\" data-element_type=\"column\" data-e-type=\"column\">\n\t\t\t<div class=\"elementor-widget-wrap elementor-element-populated\">\n\t\t\t\t\t\t<div class=\"elementor-element elementor-element-33d24f6 elementor-widget elementor-widget-image\" data-id=\"33d24f6\" data-element_type=\"widget\" data-e-type=\"widget\" data-widget_type=\"image.default\">\n\t\t\t\t<div class=\"elementor-widget-container\">\n\t\t\t\t\t\t\t\t\t\t\t\t\t\t\t<img fetchpriority=\"high\" decoding=\"async\" width=\"1200\" height=\"1200\" src=\"https:\/\/aplanet.org\/campaign\/wp-content\/uploads\/2024\/03\/GUIA_Maturity_Mockup_Landing_1200x1200_FR.png\" class=\"attachment-full size-full wp-image-6882\" alt=\"Due Diligence FR\" \/>\t\t\t\t\t\t\t\t\t\t\t\t\t\t\t<\/div>\n\t\t\t\t<\/div>\n\t\t\t\t\t<\/div>\n\t\t<\/div>\n\t\t\t\t\t<\/div>\n\t\t<\/section>\n\t\t\t\t<div class=\"elementor-element elementor-element-fe07092 elementor-widget elementor-widget-text-editor\" data-id=\"fe07092\" data-element_type=\"widget\" data-e-type=\"widget\" data-widget_type=\"text-editor.default\">\n\t\t\t\t<div class=\"elementor-widget-container\">\n\t\t\t\t\t\t\t\t\t<p><\/p>\n<ul><li style=\"font-weight: 400;\" aria-level=\"1\"><b>Compr\u00e9hension approfondie de la<\/b> <b>CSDDD <\/b><span style=\"font-weight: 400;\">: D\u00e9couvrez ce qu&#8217;est la CSDDD, son objectif et son importance pour l&#8217;avenir de l&#8217;entreprise.<\/span><\/li>\n<li style=\"font-weight: 400;\" aria-level=\"1\"><b>Impact sur les entreprises <\/b><span style=\"font-weight: 400;\">: D\u00e9couvrez comment la directive sur le devoir de vigilance en mati\u00e8re de d\u00e9veloppement durable des entreprises affecte les entreprises \u00e0 l&#8217;int\u00e9rieur et \u00e0 l&#8217;ext\u00e9rieur de l&#8217;Union europ\u00e9enne.<\/span><\/li>\n<li style=\"font-weight: 400;\" aria-level=\"1\"><b>Mise en \u0152uvre efficace<\/b><span style=\"font-weight: 400;\">: Conseils \u00e9tape par \u00e9tape pour la mise en \u0153uvre des processus de vigilance, du bilan initial \u00e0 l&#8217;int\u00e9gration op\u00e9rationnelle et \u00e0 la production de Rapports.<\/span><\/li>\n<li style=\"font-weight: 400;\" aria-level=\"1\"><b>Check-list de maturit\u00e9 <\/b><span style=\"font-weight: 400;\">: \u00c9valuez l&#8217;\u00e9tat de pr\u00e9paration de votre entreprise \u00e0 la mise en \u0153uvre de la directive CSDD.<\/span><\/li>\n<\/ul>\n<p><span style=\"font-weight: 400;\">T\u00e9l\u00e9chargez le guide GRATUIT d\u00e8s maintenant et entamez la transformation de votre entreprise vers le d\u00e9veloppement durable !<\/span><\/p>\n<p><\/p>\t\t\t\t\t\t\t\t<\/div>\n\t\t\t\t<\/div>\n\t\t\t\t<div class=\"elementor-element elementor-element-bc8df07 elementor-widget-divider--view-line elementor-widget elementor-widget-divider\" data-id=\"bc8df07\" data-element_type=\"widget\" data-e-type=\"widget\" data-widget_type=\"divider.default\">\n\t\t\t\t<div class=\"elementor-widget-container\">\n\t\t\t\t\t\t\t<div class=\"elementor-divider\">\n\t\t\t<span class=\"elementor-divider-separator\">\n\t\t\t\t\t\t<\/span>\n\t\t<\/div>\n\t\t\t\t\t\t<\/div>\n\t\t\t\t<\/div>\n\t\t\t\t<div class=\"elementor-element elementor-element-5521e0b elementor-widget elementor-widget-html\" data-id=\"5521e0b\" data-element_type=\"widget\" data-e-type=\"widget\" data-widget_type=\"html.default\">\n\t\t\t\t<div class=\"elementor-widget-container\">\n\t\t\t\t\t<p><script charset=\"utf-8\" type=\"text\/javascript\" src=\"\/\/js.hsforms.net\/forms\/v2.js\"><\/script> <script>\r\n  hbspt.forms.create({\r\n    region: \"na1\",\r\n    portalId: \"5618409\",\r\n    formId: \"4f346f7f-c152-4971-929b-9bf85a36e9ed\",\r\n    version: \"V2_PRERELEASE\"\r\n  });\r\n<\/script><\/p>\t\t\t\t<\/div>\n\t\t\t\t<\/div>\n\t\t\t\t\t<\/div>\n\t\t<\/div>\n\t\t\t\t\t<\/div>\n\t\t<\/section>\n\t\t\t\t<section class=\"elementor-section elementor-top-section elementor-element elementor-element-b16057d elementor-section-boxed elementor-section-height-default elementor-section-height-default\" data-id=\"b16057d\" data-element_type=\"section\" data-e-type=\"section\">\n\t\t\t\t\t\t<div class=\"elementor-container elementor-column-gap-default\">\n\t\t\t\t\t<div class=\"elementor-column elementor-col-100 elementor-top-column elementor-element elementor-element-551fb5d\" data-id=\"551fb5d\" data-element_type=\"column\" data-e-type=\"column\">\n\t\t\t<div class=\"elementor-widget-wrap elementor-element-populated\">\n\t\t\t\t\t\t<div class=\"elementor-element elementor-element-408b8b4 elementor-widget-divider--view-line elementor-widget elementor-widget-divider\" data-id=\"408b8b4\" data-element_type=\"widget\" data-e-type=\"widget\" data-widget_type=\"divider.default\">\n\t\t\t\t<div class=\"elementor-widget-container\">\n\t\t\t\t\t\t\t<div class=\"elementor-divider\">\n\t\t\t<span class=\"elementor-divider-separator\">\n\t\t\t\t\t\t<\/span>\n\t\t<\/div>\n\t\t\t\t\t\t<\/div>\n\t\t\t\t<\/div>\n\t\t\t\t\t<\/div>\n\t\t<\/div>\n\t\t\t\t\t<\/div>\n\t\t<\/section>\n\t\t\t\t<section class=\"elementor-section elementor-top-section elementor-element elementor-element-621781b elementor-section-boxed elementor-section-height-default elementor-section-height-default\" data-id=\"621781b\" data-element_type=\"section\" data-e-type=\"section\">\n\t\t\t\t\t\t<div class=\"elementor-container elementor-column-gap-default\">\n\t\t\t\t\t<div class=\"elementor-column elementor-col-50 elementor-top-column elementor-element elementor-element-25632b7\" data-id=\"25632b7\" data-element_type=\"column\" data-e-type=\"column\">\n\t\t\t<div class=\"elementor-widget-wrap elementor-element-populated\">\n\t\t\t\t\t\t<div class=\"elementor-element elementor-element-fdc7837 elementor-widget elementor-widget-text-editor\" data-id=\"fdc7837\" data-element_type=\"widget\" data-e-type=\"widget\" data-widget_type=\"text-editor.default\">\n\t\t\t\t<div class=\"elementor-widget-container\">\n\t\t\t\t\t\t\t\t\t<p style=\"text-align: left;\"><span style=\"color: #000000;\"><a style=\"color: #000000;\" href=\"https:\/\/aplanet.org\/fr\/termes-et-les-conditions\/\" target=\"_blank\" rel=\"noopener\">Termes et les conditions<\/a> &#8211;\u00a0<\/span><span style=\"color: #000000;\"><a style=\"color: #000000;\" href=\"https:\/\/aplanet.org\/fr\/politique-de-confidentialite\/\" target=\"_blank\" rel=\"noopener\">Politique de Confidentialite<\/a> &#8211;\u00a0<\/span><span style=\"color: #000000;\"><a style=\"color: #000000;\" href=\"https:\/\/aplanet.org\/fr\/politique-de-cookies\/\" target=\"_blank\" rel=\"noopener\">Politique de Cookies<\/a><\/span><\/p><p>Copyright 2023 @APLANET<\/p>\t\t\t\t\t\t\t\t<\/div>\n\t\t\t\t<\/div>\n\t\t\t\t\t<\/div>\n\t\t<\/div>\n\t\t\t\t<div class=\"elementor-column elementor-col-50 elementor-top-column elementor-element elementor-element-082581a\" data-id=\"082581a\" data-element_type=\"column\" data-e-type=\"column\">\n\t\t\t<div class=\"elementor-widget-wrap elementor-element-populated\">\n\t\t\t\t\t\t<div class=\"elementor-element elementor-element-f4208e0 elementor-widget elementor-widget-image\" data-id=\"f4208e0\" data-element_type=\"widget\" data-e-type=\"widget\" data-widget_type=\"image.default\">\n\t\t\t\t<div class=\"elementor-widget-container\">\n\t\t\t\t\t\t\t\t\t\t\t\t\t\t\t<img decoding=\"async\" width=\"293\" height=\"92\" src=\"https:\/\/aplanet.org\/campaign\/wp-content\/uploads\/2023\/04\/footer_TaglineAPLANET.png\" class=\"attachment-large size-large wp-image-4405\" alt=\"\" \/>\t\t\t\t\t\t\t\t\t\t\t\t\t\t\t<\/div>\n\t\t\t\t<\/div>\n\t\t\t\t\t<\/div>\n\t\t<\/div>\n\t\t\t\t\t<\/div>\n\t\t<\/section>\n\t\t\t\t<\/div>\n\t\t","protected":false},"excerpt":{"rendered":"<p>Diligence Raisonnable La directive sur le devoir de vigilance en mati\u00e8re de d\u00e9veloppement durable des entreprises (CSDDD ou Directive CSDD) \u00e9tablit de nouvelles normes en mati\u00e8re de responsabilit\u00e9 des entreprises et de d\u00e9veloppement durable. L&#8217;adoption de la CSDDD ne consiste pas seulement \u00e0 se conformer \u00e0 la loi.\u00a0C&#8217;est aussi l&#8217;occasion d&#8217;\u00eatre leader en mati\u00e8re de &#8230; <a title=\"Corporate Sustainability Due Diligence- FR\" class=\"read-more\" href=\"https:\/\/aplanet.org\/campaign\/corporate-sustainability-due-diligence-fr\/\" aria-label=\"Leer m\u00e1s sobre Corporate Sustainability Due Diligence- FR\">Leer m\u00e1s<\/a><\/p>\n","protected":false},"author":5,"featured_media":6882,"parent":0,"menu_order":0,"comment_status":"closed","ping_status":"closed","template":"elementor_canvas","meta":{"inline_featured_image":false,"footnotes":""},"categories":[],"tags":[11],"class_list":{"0":"post-3220","1":"page","2":"type-page","3":"status-publish","4":"has-post-thumbnail","6":"tag-fr"},"_links":{"self":[{"href":"https:\/\/aplanet.org\/campaign\/wp-json\/wp\/v2\/pages\/3220","targetHints":{"allow":["GET"]}}],"collection":[{"href":"https:\/\/aplanet.org\/campaign\/wp-json\/wp\/v2\/pages"}],"about":[{"href":"https:\/\/aplanet.org\/campaign\/wp-json\/wp\/v2\/types\/page"}],"author":[{"embeddable":true,"href":"https:\/\/aplanet.org\/campaign\/wp-json\/wp\/v2\/users\/5"}],"replies":[{"embeddable":true,"href":"https:\/\/aplanet.org\/campaign\/wp-json\/wp\/v2\/comments?post=3220"}],"version-history":[{"count":23,"href":"https:\/\/aplanet.org\/campaign\/wp-json\/wp\/v2\/pages\/3220\/revisions"}],"predecessor-version":[{"id":6893,"href":"https:\/\/aplanet.org\/campaign\/wp-json\/wp\/v2\/pages\/3220\/revisions\/6893"}],"wp:featuredmedia":[{"embeddable":true,"href":"https:\/\/aplanet.org\/campaign\/wp-json\/wp\/v2\/media\/6882"}],"wp:attachment":[{"href":"https:\/\/aplanet.org\/campaign\/wp-json\/wp\/v2\/media?parent=3220"}],"wp:term":[{"taxonomy":"category","embeddable":true,"href":"https:\/\/aplanet.org\/campaign\/wp-json\/wp\/v2\/categories?post=3220"},{"taxonomy":"post_tag","embeddable":true,"href":"https:\/\/aplanet.org\/campaign\/wp-json\/wp\/v2\/tags?post=3220"}],"curies":[{"name":"wp","href":"https:\/\/api.w.org\/{rel}","templated":true}]}}