{"id":3502,"date":"2022-11-16T12:10:54","date_gmt":"2022-11-16T12:10:54","guid":{"rendered":"https:\/\/aplanet.org\/campaign\/?page_id=3502"},"modified":"2023-12-13T08:09:23","modified_gmt":"2023-12-13T08:09:23","slug":"guiareportenofinanciero-br","status":"publish","type":"page","link":"https:\/\/aplanet.org\/campaign\/guiareportenofinanciero-br\/","title":{"rendered":"GuiaReporteNoFinanciero-BR"},"content":{"rendered":"\t\t<div data-elementor-type=\"wp-page\" data-elementor-id=\"3502\" class=\"elementor elementor-3502\">\n\t\t\t\t\t\t<section class=\"elementor-section elementor-top-section elementor-element elementor-element-cbe34c5 elementor-section-boxed elementor-section-height-default elementor-section-height-default\" data-id=\"cbe34c5\" data-element_type=\"section\" data-e-type=\"section\" data-settings=\"{&quot;background_background&quot;:&quot;classic&quot;}\">\n\t\t\t\t\t\t<div class=\"elementor-container elementor-column-gap-default\">\n\t\t\t\t\t<div class=\"elementor-column elementor-col-50 elementor-top-column elementor-element elementor-element-254269e\" data-id=\"254269e\" data-element_type=\"column\" data-e-type=\"column\">\n\t\t\t<div class=\"elementor-widget-wrap elementor-element-populated\">\n\t\t\t\t\t\t<div class=\"elementor-element elementor-element-a2a08a9 elementor-widget elementor-widget-image\" data-id=\"a2a08a9\" data-element_type=\"widget\" data-e-type=\"widget\" data-widget_type=\"image.default\">\n\t\t\t\t<div class=\"elementor-widget-container\">\n\t\t\t\t\t\t\t\t\t\t\t\t\t\t\t<img decoding=\"async\" width=\"300\" height=\"36\" src=\"https:\/\/aplanet.org\/campaign\/wp-content\/uploads\/2023\/03\/APLANET_logoN-1.png\" class=\"attachment-large size-large wp-image-4089\" alt=\"\" \/>\t\t\t\t\t\t\t\t\t\t\t\t\t\t\t<\/div>\n\t\t\t\t<\/div>\n\t\t\t\t\t<\/div>\n\t\t<\/div>\n\t\t\t\t<div class=\"elementor-column elementor-col-50 elementor-top-column elementor-element elementor-element-0404ad0\" data-id=\"0404ad0\" data-element_type=\"column\" data-e-type=\"column\">\n\t\t\t<div class=\"elementor-widget-wrap elementor-element-populated\">\n\t\t\t\t\t\t<div class=\"elementor-element elementor-element-6490078 elementor-hidden-mobile elementor-widget elementor-widget-heading\" data-id=\"6490078\" data-element_type=\"widget\" data-e-type=\"widget\" data-widget_type=\"heading.default\">\n\t\t\t\t<div class=\"elementor-widget-container\">\n\t\t\t\t\t<h4 class=\"elementor-heading-title elementor-size-default\"> Relat\u00f3rio N\u00e3o Financeiro (NFR)<\/h4>\t\t\t\t<\/div>\n\t\t\t\t<\/div>\n\t\t\t\t\t<\/div>\n\t\t<\/div>\n\t\t\t\t\t<\/div>\n\t\t<\/section>\n\t\t\t\t<section class=\"elementor-section elementor-top-section elementor-element elementor-element-5dd3224 elementor-section-boxed elementor-section-height-default elementor-section-height-default\" data-id=\"5dd3224\" data-element_type=\"section\" data-e-type=\"section\" data-settings=\"{&quot;background_background&quot;:&quot;classic&quot;}\">\n\t\t\t\t\t\t<div class=\"elementor-container elementor-column-gap-default\">\n\t\t\t\t\t<div class=\"elementor-column elementor-col-100 elementor-top-column elementor-element elementor-element-1907a8b\" data-id=\"1907a8b\" data-element_type=\"column\" data-e-type=\"column\">\n\t\t\t<div class=\"elementor-widget-wrap elementor-element-populated\">\n\t\t\t\t\t\t<div class=\"elementor-element elementor-element-a36acbc elementor-widget-divider--view-line elementor-widget elementor-widget-divider\" data-id=\"a36acbc\" data-element_type=\"widget\" data-e-type=\"widget\" data-widget_type=\"divider.default\">\n\t\t\t\t<div class=\"elementor-widget-container\">\n\t\t\t\t\t\t\t<div class=\"elementor-divider\">\n\t\t\t<span class=\"elementor-divider-separator\">\n\t\t\t\t\t\t<\/span>\n\t\t<\/div>\n\t\t\t\t\t\t<\/div>\n\t\t\t\t<\/div>\n\t\t\t\t\t<\/div>\n\t\t<\/div>\n\t\t\t\t\t<\/div>\n\t\t<\/section>\n\t\t\t\t<section class=\"elementor-section elementor-top-section elementor-element elementor-element-4948563 elementor-section-boxed elementor-section-height-default elementor-section-height-default\" data-id=\"4948563\" data-element_type=\"section\" data-e-type=\"section\" data-settings=\"{&quot;background_background&quot;:&quot;classic&quot;}\">\n\t\t\t\t\t\t<div class=\"elementor-container elementor-column-gap-default\">\n\t\t\t\t\t<div class=\"elementor-column elementor-col-100 elementor-top-column elementor-element elementor-element-a524783\" data-id=\"a524783\" data-element_type=\"column\" data-e-type=\"column\">\n\t\t\t<div class=\"elementor-widget-wrap elementor-element-populated\">\n\t\t\t\t\t\t<div class=\"elementor-element elementor-element-0ef0f7a elementor-widget elementor-widget-spacer\" data-id=\"0ef0f7a\" data-element_type=\"widget\" data-e-type=\"widget\" data-widget_type=\"spacer.default\">\n\t\t\t\t<div class=\"elementor-widget-container\">\n\t\t\t\t\t\t\t<div class=\"elementor-spacer\">\n\t\t\t<div class=\"elementor-spacer-inner\"><\/div>\n\t\t<\/div>\n\t\t\t\t\t\t<\/div>\n\t\t\t\t<\/div>\n\t\t\t\t<section class=\"elementor-section elementor-inner-section elementor-element elementor-element-bc3c3b9 elementor-section-boxed elementor-section-height-default elementor-section-height-default\" data-id=\"bc3c3b9\" data-element_type=\"section\" data-e-type=\"section\">\n\t\t\t\t\t\t<div class=\"elementor-container elementor-column-gap-default\">\n\t\t\t\t\t<div class=\"elementor-column elementor-col-50 elementor-inner-column elementor-element elementor-element-f09bda8\" data-id=\"f09bda8\" data-element_type=\"column\" data-e-type=\"column\">\n\t\t\t<div class=\"elementor-widget-wrap elementor-element-populated\">\n\t\t\t\t\t\t<div class=\"elementor-element elementor-element-5262f14 elementor-widget elementor-widget-text-editor\" data-id=\"5262f14\" data-element_type=\"widget\" data-e-type=\"widget\" data-widget_type=\"text-editor.default\">\n\t\t\t\t<div class=\"elementor-widget-container\">\n\t\t\t\t\t\t\t\t\t<p><\/p>\n<p><span style=\"font-weight: 400;\">Neste guia, oferecemos todas as informa\u00e7\u00f5es relevantes e dicas importantes para ajudar sua organiza\u00e7\u00e3o na elabora\u00e7\u00e3o de seu <\/span><b>Relat\u00f3rio N\u00e3o Financeiro (NFR)<\/b><span style=\"font-weight: 400;\"> ou o que muitas empresas tamb\u00e9m chamam de Relat\u00f3rio de Sustentabilidade.\u00a0<\/span><\/p>\n<p><br \/><span style=\"font-weight: 400;\">Abordaremos tudo o que voc\u00ea precisa saber para criar o seu relat\u00f3rio de acordo com os<\/span><b> requisitos da For\u00e7a-Tarefa 2022 sobre Divulga\u00e7\u00f5es Financeiras Relacionadas ao Clima<\/b><span style=\"font-weight: 400;\">, promovendo um relat\u00f3rio confi\u00e1vel e transparente para seus stakeholders.<\/span><\/p>\n<p><\/p>\t\t\t\t\t\t\t\t<\/div>\n\t\t\t\t<\/div>\n\t\t\t\t\t<\/div>\n\t\t<\/div>\n\t\t\t\t<div class=\"elementor-column elementor-col-50 elementor-inner-column elementor-element elementor-element-5dc95fc\" data-id=\"5dc95fc\" data-element_type=\"column\" data-e-type=\"column\">\n\t\t\t<div class=\"elementor-widget-wrap elementor-element-populated\">\n\t\t\t\t\t\t<div class=\"elementor-element elementor-element-3b89f65 elementor-widget elementor-widget-image\" data-id=\"3b89f65\" data-element_type=\"widget\" data-e-type=\"widget\" data-widget_type=\"image.default\">\n\t\t\t\t<div class=\"elementor-widget-container\">\n\t\t\t\t\t\t\t\t\t\t\t\t\t\t\t<img fetchpriority=\"high\" decoding=\"async\" width=\"1200\" height=\"1200\" src=\"https:\/\/aplanet.org\/campaign\/wp-content\/uploads\/2023\/12\/GUIA_EINF_Mockup_Landing_1200x1200-BR.png\" class=\"attachment-full size-full wp-image-6552\" alt=\"Informa\u00e7\u00e3o N\u00e3o Financeira (INF)\" \/>\t\t\t\t\t\t\t\t\t\t\t\t\t\t\t<\/div>\n\t\t\t\t<\/div>\n\t\t\t\t\t<\/div>\n\t\t<\/div>\n\t\t\t\t\t<\/div>\n\t\t<\/section>\n\t\t\t\t<div class=\"elementor-element elementor-element-ed34814 elementor-widget-divider--view-line elementor-widget elementor-widget-divider\" data-id=\"ed34814\" data-element_type=\"widget\" data-e-type=\"widget\" data-widget_type=\"divider.default\">\n\t\t\t\t<div class=\"elementor-widget-container\">\n\t\t\t\t\t\t\t<div class=\"elementor-divider\">\n\t\t\t<span class=\"elementor-divider-separator\">\n\t\t\t\t\t\t<\/span>\n\t\t<\/div>\n\t\t\t\t\t\t<\/div>\n\t\t\t\t<\/div>\n\t\t\t\t<div class=\"elementor-element elementor-element-eefa16e elementor-widget elementor-widget-html\" data-id=\"eefa16e\" data-element_type=\"widget\" data-e-type=\"widget\" data-widget_type=\"html.default\">\n\t\t\t\t<div class=\"elementor-widget-container\">\n\t\t\t\t\t<p><script charset=\"utf-8\" type=\"text\/javascript\" src=\"\/\/js.hsforms.net\/forms\/embed\/v2.js\"><\/script> <script>\r\n  hbspt.forms.create({\r\n    region: \"na1\",\r\n    portalId: \"5618409\",\r\n    formId: \"b69a53c3-a281-4e8b-b389-5d901e5979eb\"\r\n  });\r\n<\/script><\/p>\t\t\t\t<\/div>\n\t\t\t\t<\/div>\n\t\t\t\t\t<\/div>\n\t\t<\/div>\n\t\t\t\t\t<\/div>\n\t\t<\/section>\n\t\t\t\t<section class=\"elementor-section elementor-top-section elementor-element elementor-element-3b80dd7 elementor-section-boxed elementor-section-height-default elementor-section-height-default\" data-id=\"3b80dd7\" data-element_type=\"section\" data-e-type=\"section\" data-settings=\"{&quot;background_background&quot;:&quot;classic&quot;}\">\n\t\t\t\t\t\t<div class=\"elementor-container elementor-column-gap-default\">\n\t\t\t\t\t<div class=\"elementor-column elementor-col-100 elementor-top-column elementor-element elementor-element-9a4977e\" data-id=\"9a4977e\" data-element_type=\"column\" data-e-type=\"column\">\n\t\t\t<div class=\"elementor-widget-wrap elementor-element-populated\">\n\t\t\t\t\t\t<div class=\"elementor-element elementor-element-2183410 elementor-widget-divider--view-line elementor-widget elementor-widget-divider\" data-id=\"2183410\" data-element_type=\"widget\" data-e-type=\"widget\" data-widget_type=\"divider.default\">\n\t\t\t\t<div class=\"elementor-widget-container\">\n\t\t\t\t\t\t\t<div class=\"elementor-divider\">\n\t\t\t<span class=\"elementor-divider-separator\">\n\t\t\t\t\t\t<\/span>\n\t\t<\/div>\n\t\t\t\t\t\t<\/div>\n\t\t\t\t<\/div>\n\t\t\t\t\t<\/div>\n\t\t<\/div>\n\t\t\t\t\t<\/div>\n\t\t<\/section>\n\t\t\t\t<section class=\"elementor-section elementor-top-section elementor-element elementor-element-66b97bf elementor-section-boxed elementor-section-height-default elementor-section-height-default\" data-id=\"66b97bf\" data-element_type=\"section\" data-e-type=\"section\">\n\t\t\t\t\t\t<div class=\"elementor-container elementor-column-gap-default\">\n\t\t\t\t\t<div class=\"elementor-column elementor-col-50 elementor-top-column elementor-element elementor-element-5725988\" data-id=\"5725988\" data-element_type=\"column\" data-e-type=\"column\">\n\t\t\t<div class=\"elementor-widget-wrap elementor-element-populated\">\n\t\t\t\t\t\t<div class=\"elementor-element elementor-element-4ba228f elementor-widget elementor-widget-text-editor\" data-id=\"4ba228f\" data-element_type=\"widget\" data-e-type=\"widget\" data-widget_type=\"text-editor.default\">\n\t\t\t\t<div class=\"elementor-widget-container\">\n\t\t\t\t\t\t\t\t\t<p style=\"text-align: left;\"><span style=\"color: #000000;\"><a style=\"color: #000000;\" href=\"https:\/\/aplanet.org\/ptbr\/termos-e-condicoes\/\" target=\"_blank\" rel=\"noopener\">Termos e Condi\u00e7\u00f5es &#8211;\u00a0<\/a><\/span><span style=\"color: #000000;\"><a style=\"color: #000000;\" href=\"https:\/\/aplanet.org\/ptbr\/politica-de-privacidade\/\" target=\"_blank\" rel=\"noopener\">Politica de privacidade &#8211;\u00a0<\/a><\/span><span style=\"color: #000000;\"><a style=\"color: #000000;\" href=\"https:\/\/aplanet.org\/ptbr\/politica-de-cookies\/\" target=\"_blank\" rel=\"noopener\">Politica de cookies<\/a><\/span><\/p><p style=\"text-align: left;\"><span style=\"color: #000000;\">Copyright 2023 @APLANET<\/span><\/p>\t\t\t\t\t\t\t\t<\/div>\n\t\t\t\t<\/div>\n\t\t\t\t\t<\/div>\n\t\t<\/div>\n\t\t\t\t<div class=\"elementor-column elementor-col-50 elementor-top-column elementor-element elementor-element-88254b2\" data-id=\"88254b2\" data-element_type=\"column\" data-e-type=\"column\">\n\t\t\t<div class=\"elementor-widget-wrap elementor-element-populated\">\n\t\t\t\t\t\t<div class=\"elementor-element elementor-element-d1c2022 elementor-widget elementor-widget-image\" data-id=\"d1c2022\" data-element_type=\"widget\" data-e-type=\"widget\" data-widget_type=\"image.default\">\n\t\t\t\t<div class=\"elementor-widget-container\">\n\t\t\t\t\t\t\t\t\t\t\t\t\t\t\t<img decoding=\"async\" width=\"293\" height=\"92\" src=\"https:\/\/aplanet.org\/campaign\/wp-content\/uploads\/2023\/04\/footer_TaglineAPLANET.png\" class=\"attachment-large size-large wp-image-4405\" alt=\"\" \/>\t\t\t\t\t\t\t\t\t\t\t\t\t\t\t<\/div>\n\t\t\t\t<\/div>\n\t\t\t\t\t<\/div>\n\t\t<\/div>\n\t\t\t\t\t<\/div>\n\t\t<\/section>\n\t\t\t\t<\/div>\n\t\t","protected":false},"excerpt":{"rendered":"<p>Relat\u00f3rio N\u00e3o Financeiro (NFR) Neste guia, oferecemos todas as informa\u00e7\u00f5es relevantes e dicas importantes para ajudar sua organiza\u00e7\u00e3o na elabora\u00e7\u00e3o de seu Relat\u00f3rio N\u00e3o Financeiro (NFR) ou o que muitas empresas tamb\u00e9m chamam de Relat\u00f3rio de Sustentabilidade.\u00a0 Abordaremos tudo o que voc\u00ea precisa saber para criar o seu relat\u00f3rio de acordo com os requisitos da &#8230; <a title=\"GuiaReporteNoFinanciero-BR\" class=\"read-more\" href=\"https:\/\/aplanet.org\/campaign\/guiareportenofinanciero-br\/\" aria-label=\"Leer m\u00e1s sobre GuiaReporteNoFinanciero-BR\">Leer m\u00e1s<\/a><\/p>\n","protected":false},"author":5,"featured_media":0,"parent":0,"menu_order":0,"comment_status":"closed","ping_status":"closed","template":"elementor_canvas","meta":{"inline_featured_image":false,"footnotes":""},"categories":[],"tags":[6],"class_list":{"0":"post-3502","1":"page","2":"type-page","3":"status-publish","5":"tag-es"},"_links":{"self":[{"href":"https:\/\/aplanet.org\/campaign\/wp-json\/wp\/v2\/pages\/3502","targetHints":{"allow":["GET"]}}],"collection":[{"href":"https:\/\/aplanet.org\/campaign\/wp-json\/wp\/v2\/pages"}],"about":[{"href":"https:\/\/aplanet.org\/campaign\/wp-json\/wp\/v2\/types\/page"}],"author":[{"embeddable":true,"href":"https:\/\/aplanet.org\/campaign\/wp-json\/wp\/v2\/users\/5"}],"replies":[{"embeddable":true,"href":"https:\/\/aplanet.org\/campaign\/wp-json\/wp\/v2\/comments?post=3502"}],"version-history":[{"count":22,"href":"https:\/\/aplanet.org\/campaign\/wp-json\/wp\/v2\/pages\/3502\/revisions"}],"predecessor-version":[{"id":6555,"href":"https:\/\/aplanet.org\/campaign\/wp-json\/wp\/v2\/pages\/3502\/revisions\/6555"}],"wp:attachment":[{"href":"https:\/\/aplanet.org\/campaign\/wp-json\/wp\/v2\/media?parent=3502"}],"wp:term":[{"taxonomy":"category","embeddable":true,"href":"https:\/\/aplanet.org\/campaign\/wp-json\/wp\/v2\/categories?post=3502"},{"taxonomy":"post_tag","embeddable":true,"href":"https:\/\/aplanet.org\/campaign\/wp-json\/wp\/v2\/tags?post=3502"}],"curies":[{"name":"wp","href":"https:\/\/api.w.org\/{rel}","templated":true}]}}