{"id":3504,"date":"2022-11-16T12:11:08","date_gmt":"2022-11-16T12:11:08","guid":{"rendered":"https:\/\/aplanet.org\/campaign\/?page_id=3504"},"modified":"2023-12-13T08:12:31","modified_gmt":"2023-12-13T08:12:31","slug":"guiareportenofinanciero-pt","status":"publish","type":"page","link":"https:\/\/aplanet.org\/campaign\/guiareportenofinanciero-pt\/","title":{"rendered":"GuiaReporteNoFinanciero-PT"},"content":{"rendered":"\t\t<div data-elementor-type=\"wp-page\" data-elementor-id=\"3504\" class=\"elementor elementor-3504\">\n\t\t\t\t\t\t<section class=\"elementor-section elementor-top-section elementor-element elementor-element-a075c2a elementor-section-boxed elementor-section-height-default elementor-section-height-default\" data-id=\"a075c2a\" data-element_type=\"section\" data-e-type=\"section\" data-settings=\"{&quot;background_background&quot;:&quot;classic&quot;}\">\n\t\t\t\t\t\t<div class=\"elementor-container elementor-column-gap-default\">\n\t\t\t\t\t<div class=\"elementor-column elementor-col-50 elementor-top-column elementor-element elementor-element-546d909\" data-id=\"546d909\" data-element_type=\"column\" data-e-type=\"column\">\n\t\t\t<div class=\"elementor-widget-wrap elementor-element-populated\">\n\t\t\t\t\t\t<div class=\"elementor-element elementor-element-094287f elementor-widget elementor-widget-image\" data-id=\"094287f\" data-element_type=\"widget\" data-e-type=\"widget\" data-widget_type=\"image.default\">\n\t\t\t\t<div class=\"elementor-widget-container\">\n\t\t\t\t\t\t\t\t\t\t\t\t\t\t\t<img decoding=\"async\" width=\"300\" height=\"36\" src=\"https:\/\/aplanet.org\/campaign\/wp-content\/uploads\/2023\/03\/APLANET_logoN-1.png\" class=\"attachment-large size-large wp-image-4089\" alt=\"\" \/>\t\t\t\t\t\t\t\t\t\t\t\t\t\t\t<\/div>\n\t\t\t\t<\/div>\n\t\t\t\t\t<\/div>\n\t\t<\/div>\n\t\t\t\t<div class=\"elementor-column elementor-col-50 elementor-top-column elementor-element elementor-element-8a0477a\" data-id=\"8a0477a\" data-element_type=\"column\" data-e-type=\"column\">\n\t\t\t<div class=\"elementor-widget-wrap elementor-element-populated\">\n\t\t\t\t\t\t<div class=\"elementor-element elementor-element-76676be elementor-hidden-mobile elementor-widget elementor-widget-heading\" data-id=\"76676be\" data-element_type=\"widget\" data-e-type=\"widget\" data-widget_type=\"heading.default\">\n\t\t\t\t<div class=\"elementor-widget-container\">\n\t\t\t\t\t<h4 class=\"elementor-heading-title elementor-size-default\">Demonstra\u00e7\u00e3o N\u00e3o Financeira (INF)<\/h4>\t\t\t\t<\/div>\n\t\t\t\t<\/div>\n\t\t\t\t\t<\/div>\n\t\t<\/div>\n\t\t\t\t\t<\/div>\n\t\t<\/section>\n\t\t\t\t<section class=\"elementor-section elementor-top-section elementor-element elementor-element-78bd989 elementor-section-boxed elementor-section-height-default elementor-section-height-default\" data-id=\"78bd989\" data-element_type=\"section\" data-e-type=\"section\" data-settings=\"{&quot;background_background&quot;:&quot;classic&quot;}\">\n\t\t\t\t\t\t<div class=\"elementor-container elementor-column-gap-default\">\n\t\t\t\t\t<div class=\"elementor-column elementor-col-100 elementor-top-column elementor-element elementor-element-fa41018\" data-id=\"fa41018\" data-element_type=\"column\" data-e-type=\"column\">\n\t\t\t<div class=\"elementor-widget-wrap elementor-element-populated\">\n\t\t\t\t\t\t<div class=\"elementor-element elementor-element-2639434 elementor-widget-divider--view-line elementor-widget elementor-widget-divider\" data-id=\"2639434\" data-element_type=\"widget\" data-e-type=\"widget\" data-widget_type=\"divider.default\">\n\t\t\t\t<div class=\"elementor-widget-container\">\n\t\t\t\t\t\t\t<div class=\"elementor-divider\">\n\t\t\t<span class=\"elementor-divider-separator\">\n\t\t\t\t\t\t<\/span>\n\t\t<\/div>\n\t\t\t\t\t\t<\/div>\n\t\t\t\t<\/div>\n\t\t\t\t\t<\/div>\n\t\t<\/div>\n\t\t\t\t\t<\/div>\n\t\t<\/section>\n\t\t\t\t<section class=\"elementor-section elementor-top-section elementor-element elementor-element-38669c5 elementor-section-boxed elementor-section-height-default elementor-section-height-default\" data-id=\"38669c5\" data-element_type=\"section\" data-e-type=\"section\" data-settings=\"{&quot;background_background&quot;:&quot;classic&quot;}\">\n\t\t\t\t\t\t<div class=\"elementor-container elementor-column-gap-default\">\n\t\t\t\t\t<div class=\"elementor-column elementor-col-100 elementor-top-column elementor-element elementor-element-d2a0c7b\" data-id=\"d2a0c7b\" data-element_type=\"column\" data-e-type=\"column\">\n\t\t\t<div class=\"elementor-widget-wrap elementor-element-populated\">\n\t\t\t\t\t\t<div class=\"elementor-element elementor-element-dc9b11f elementor-widget elementor-widget-spacer\" data-id=\"dc9b11f\" data-element_type=\"widget\" data-e-type=\"widget\" data-widget_type=\"spacer.default\">\n\t\t\t\t<div class=\"elementor-widget-container\">\n\t\t\t\t\t\t\t<div class=\"elementor-spacer\">\n\t\t\t<div class=\"elementor-spacer-inner\"><\/div>\n\t\t<\/div>\n\t\t\t\t\t\t<\/div>\n\t\t\t\t<\/div>\n\t\t\t\t<section class=\"elementor-section elementor-inner-section elementor-element elementor-element-1c4f786 elementor-section-boxed elementor-section-height-default elementor-section-height-default\" data-id=\"1c4f786\" data-element_type=\"section\" data-e-type=\"section\">\n\t\t\t\t\t\t<div class=\"elementor-container elementor-column-gap-default\">\n\t\t\t\t\t<div class=\"elementor-column elementor-col-50 elementor-inner-column elementor-element elementor-element-c179a20\" data-id=\"c179a20\" data-element_type=\"column\" data-e-type=\"column\">\n\t\t\t<div class=\"elementor-widget-wrap elementor-element-populated\">\n\t\t\t\t\t\t<div class=\"elementor-element elementor-element-af22612 elementor-widget elementor-widget-text-editor\" data-id=\"af22612\" data-element_type=\"widget\" data-e-type=\"widget\" data-widget_type=\"text-editor.default\">\n\t\t\t\t<div class=\"elementor-widget-container\">\n\t\t\t\t\t\t\t\t\t<p><span style=\"color: #000000;\"><span style=\"font-weight: 400;\">Neste guia fornecemos toda a informa\u00e7\u00e3o relevante e dicas chave para ajudar a sua organiza\u00e7\u00e3o na prepara\u00e7\u00e3o do seu relat\u00f3rio de <\/span><b>Informa\u00e7\u00e3o N\u00e3o Financeira (INF) <\/b><span style=\"font-weight: 400;\">ou aquilo a que muitas empresas tamb\u00e9m se referem como o seu Relat\u00f3rio de Sustentabilidade.\u00a0<\/span><\/span><\/p>\n<p>\u00a0<\/p>\n<p><span style=\"color: #000000;\"><span style=\"font-weight: 400;\">Com a entrada em vigor do <\/span><b>Regulamento de Divulga\u00e7\u00e3o N\u00e3o Financeira (NFRD)<\/b><span style=\"font-weight: 400;\">, as empresas s\u00e3o legalmente obrigadas a realizar um exerc\u00edcio de transpar\u00eancia sobre as suas quest\u00f5es ambientais, sociais e de governan\u00e7a (ESG).<\/span><\/span><\/p>\n<p><br \/><span style=\"color: #000000;\"><span style=\"font-weight: 400;\">Neste guia encontrar\u00e1 tudo o que precisa saber para criar o seu relat\u00f3rio em <\/span><b>conformidade com os requisitos da Lei n\u00ba89\/2017<\/b><span style=\"font-weight: 400;\">, para que este seja um exerc\u00edcio transparente e que gere confian\u00e7a das partes interessadas da sua organiza\u00e7\u00e3o<\/span><\/span><\/p>\t\t\t\t\t\t\t\t<\/div>\n\t\t\t\t<\/div>\n\t\t\t\t\t<\/div>\n\t\t<\/div>\n\t\t\t\t<div class=\"elementor-column elementor-col-50 elementor-inner-column elementor-element elementor-element-082226f\" data-id=\"082226f\" data-element_type=\"column\" data-e-type=\"column\">\n\t\t\t<div class=\"elementor-widget-wrap elementor-element-populated\">\n\t\t\t\t\t\t<div class=\"elementor-element elementor-element-064d3b7 elementor-widget elementor-widget-image\" data-id=\"064d3b7\" data-element_type=\"widget\" data-e-type=\"widget\" data-widget_type=\"image.default\">\n\t\t\t\t<div class=\"elementor-widget-container\">\n\t\t\t\t\t\t\t\t\t\t\t\t\t\t\t<img fetchpriority=\"high\" decoding=\"async\" width=\"1200\" height=\"1200\" src=\"https:\/\/aplanet.org\/campaign\/wp-content\/uploads\/2023\/12\/GUIA_EINF_Mockup_Landing_1200x1200-BR.png\" class=\"attachment-full size-full wp-image-6552\" alt=\"Informa\u00e7\u00e3o N\u00e3o Financeira (INF)\" \/>\t\t\t\t\t\t\t\t\t\t\t\t\t\t\t<\/div>\n\t\t\t\t<\/div>\n\t\t\t\t\t<\/div>\n\t\t<\/div>\n\t\t\t\t\t<\/div>\n\t\t<\/section>\n\t\t\t\t<div class=\"elementor-element elementor-element-29260e7 elementor-widget-divider--view-line elementor-widget elementor-widget-divider\" data-id=\"29260e7\" data-element_type=\"widget\" data-e-type=\"widget\" data-widget_type=\"divider.default\">\n\t\t\t\t<div class=\"elementor-widget-container\">\n\t\t\t\t\t\t\t<div class=\"elementor-divider\">\n\t\t\t<span class=\"elementor-divider-separator\">\n\t\t\t\t\t\t<\/span>\n\t\t<\/div>\n\t\t\t\t\t\t<\/div>\n\t\t\t\t<\/div>\n\t\t\t\t<div class=\"elementor-element elementor-element-db4133c elementor-widget elementor-widget-html\" data-id=\"db4133c\" data-element_type=\"widget\" data-e-type=\"widget\" data-widget_type=\"html.default\">\n\t\t\t\t<div class=\"elementor-widget-container\">\n\t\t\t\t\t<p><script charset=\"utf-8\" type=\"text\/javascript\" src=\"\/\/js.hsforms.net\/forms\/embed\/v2.js\"><\/script> <script>\r\n  hbspt.forms.create({\r\n    region: \"na1\",\r\n    portalId: \"5618409\",\r\n    formId: \"2563207b-68ea-4378-8c3b-564373a75581\"\r\n  });\r\n<\/script><\/p>\t\t\t\t<\/div>\n\t\t\t\t<\/div>\n\t\t\t\t\t<\/div>\n\t\t<\/div>\n\t\t\t\t\t<\/div>\n\t\t<\/section>\n\t\t\t\t<section class=\"elementor-section elementor-top-section elementor-element elementor-element-7703c4a elementor-section-boxed elementor-section-height-default elementor-section-height-default\" data-id=\"7703c4a\" data-element_type=\"section\" data-e-type=\"section\" data-settings=\"{&quot;background_background&quot;:&quot;classic&quot;}\">\n\t\t\t\t\t\t<div class=\"elementor-container elementor-column-gap-default\">\n\t\t\t\t\t<div class=\"elementor-column elementor-col-100 elementor-top-column elementor-element elementor-element-21f58f5\" data-id=\"21f58f5\" data-element_type=\"column\" data-e-type=\"column\">\n\t\t\t<div class=\"elementor-widget-wrap elementor-element-populated\">\n\t\t\t\t\t\t<div class=\"elementor-element elementor-element-6bfc5a7 elementor-widget-divider--view-line elementor-widget elementor-widget-divider\" data-id=\"6bfc5a7\" data-element_type=\"widget\" data-e-type=\"widget\" data-widget_type=\"divider.default\">\n\t\t\t\t<div class=\"elementor-widget-container\">\n\t\t\t\t\t\t\t<div class=\"elementor-divider\">\n\t\t\t<span class=\"elementor-divider-separator\">\n\t\t\t\t\t\t<\/span>\n\t\t<\/div>\n\t\t\t\t\t\t<\/div>\n\t\t\t\t<\/div>\n\t\t\t\t\t<\/div>\n\t\t<\/div>\n\t\t\t\t\t<\/div>\n\t\t<\/section>\n\t\t\t\t<section class=\"elementor-section elementor-top-section elementor-element elementor-element-34a8b5a elementor-section-boxed elementor-section-height-default elementor-section-height-default\" data-id=\"34a8b5a\" data-element_type=\"section\" data-e-type=\"section\">\n\t\t\t\t\t\t<div class=\"elementor-container elementor-column-gap-default\">\n\t\t\t\t\t<div class=\"elementor-column elementor-col-50 elementor-top-column elementor-element elementor-element-b2f4d01\" data-id=\"b2f4d01\" data-element_type=\"column\" data-e-type=\"column\">\n\t\t\t<div class=\"elementor-widget-wrap elementor-element-populated\">\n\t\t\t\t\t\t<div class=\"elementor-element elementor-element-3faf757 elementor-widget elementor-widget-text-editor\" data-id=\"3faf757\" data-element_type=\"widget\" data-e-type=\"widget\" data-widget_type=\"text-editor.default\">\n\t\t\t\t<div class=\"elementor-widget-container\">\n\t\t\t\t\t\t\t\t\t<p style=\"text-align: left;\"><span style=\"color: #000000;\"><a style=\"color: #000000;\" href=\"https:\/\/aplanet.org\/fr\/termes-et-les-conditions\/\" target=\"_blank\" rel=\"noopener\">Termes et les conditions<\/a> &#8211;\u00a0<\/span><span style=\"color: #000000;\"><a style=\"color: #000000;\" href=\"https:\/\/aplanet.org\/fr\/politique-de-confidentialite\/\" target=\"_blank\" rel=\"noopener\">Politique de Confidentialite<\/a> &#8211;\u00a0<\/span><span style=\"color: #000000;\"><a style=\"color: #000000;\" href=\"https:\/\/aplanet.org\/fr\/politique-de-cookies\/\" target=\"_blank\" rel=\"noopener\">Politique de Cookies<\/a><\/span><\/p><p>Copyright 2023 @APLANET<\/p>\t\t\t\t\t\t\t\t<\/div>\n\t\t\t\t<\/div>\n\t\t\t\t\t<\/div>\n\t\t<\/div>\n\t\t\t\t<div class=\"elementor-column elementor-col-50 elementor-top-column elementor-element elementor-element-4258079\" data-id=\"4258079\" data-element_type=\"column\" data-e-type=\"column\">\n\t\t\t<div class=\"elementor-widget-wrap elementor-element-populated\">\n\t\t\t\t\t\t<div class=\"elementor-element elementor-element-132ffad elementor-widget elementor-widget-image\" data-id=\"132ffad\" data-element_type=\"widget\" data-e-type=\"widget\" data-widget_type=\"image.default\">\n\t\t\t\t<div class=\"elementor-widget-container\">\n\t\t\t\t\t\t\t\t\t\t\t\t\t\t\t<img decoding=\"async\" width=\"293\" height=\"92\" src=\"https:\/\/aplanet.org\/campaign\/wp-content\/uploads\/2023\/04\/footer_TaglineAPLANET.png\" class=\"attachment-large size-large wp-image-4405\" alt=\"\" \/>\t\t\t\t\t\t\t\t\t\t\t\t\t\t\t<\/div>\n\t\t\t\t<\/div>\n\t\t\t\t\t<\/div>\n\t\t<\/div>\n\t\t\t\t\t<\/div>\n\t\t<\/section>\n\t\t\t\t<\/div>\n\t\t","protected":false},"excerpt":{"rendered":"<p>Demonstra\u00e7\u00e3o N\u00e3o Financeira (INF) Neste guia fornecemos toda a informa\u00e7\u00e3o relevante e dicas chave para ajudar a sua organiza\u00e7\u00e3o na prepara\u00e7\u00e3o do seu relat\u00f3rio de Informa\u00e7\u00e3o N\u00e3o Financeira (INF) ou aquilo a que muitas empresas tamb\u00e9m se referem como o seu Relat\u00f3rio de Sustentabilidade.\u00a0 \u00a0 Com a entrada em vigor do Regulamento de Divulga\u00e7\u00e3o N\u00e3o &#8230; <a title=\"GuiaReporteNoFinanciero-PT\" class=\"read-more\" href=\"https:\/\/aplanet.org\/campaign\/guiareportenofinanciero-pt\/\" aria-label=\"Leer m\u00e1s sobre GuiaReporteNoFinanciero-PT\">Leer m\u00e1s<\/a><\/p>\n","protected":false},"author":5,"featured_media":0,"parent":0,"menu_order":0,"comment_status":"closed","ping_status":"closed","template":"elementor_canvas","meta":{"inline_featured_image":false,"footnotes":""},"categories":[],"tags":[6],"class_list":{"0":"post-3504","1":"page","2":"type-page","3":"status-publish","5":"tag-es"},"_links":{"self":[{"href":"https:\/\/aplanet.org\/campaign\/wp-json\/wp\/v2\/pages\/3504","targetHints":{"allow":["GET"]}}],"collection":[{"href":"https:\/\/aplanet.org\/campaign\/wp-json\/wp\/v2\/pages"}],"about":[{"href":"https:\/\/aplanet.org\/campaign\/wp-json\/wp\/v2\/types\/page"}],"author":[{"embeddable":true,"href":"https:\/\/aplanet.org\/campaign\/wp-json\/wp\/v2\/users\/5"}],"replies":[{"embeddable":true,"href":"https:\/\/aplanet.org\/campaign\/wp-json\/wp\/v2\/comments?post=3504"}],"version-history":[{"count":28,"href":"https:\/\/aplanet.org\/campaign\/wp-json\/wp\/v2\/pages\/3504\/revisions"}],"predecessor-version":[{"id":6570,"href":"https:\/\/aplanet.org\/campaign\/wp-json\/wp\/v2\/pages\/3504\/revisions\/6570"}],"wp:attachment":[{"href":"https:\/\/aplanet.org\/campaign\/wp-json\/wp\/v2\/media?parent=3504"}],"wp:term":[{"taxonomy":"category","embeddable":true,"href":"https:\/\/aplanet.org\/campaign\/wp-json\/wp\/v2\/categories?post=3504"},{"taxonomy":"post_tag","embeddable":true,"href":"https:\/\/aplanet.org\/campaign\/wp-json\/wp\/v2\/tags?post=3504"}],"curies":[{"name":"wp","href":"https:\/\/api.w.org\/{rel}","templated":true}]}}