{"id":6923,"date":"2024-04-03T08:26:16","date_gmt":"2024-04-03T08:26:16","guid":{"rendered":"https:\/\/aplanet.org\/campaign\/?page_id=6923"},"modified":"2024-04-03T08:26:53","modified_gmt":"2024-04-03T08:26:53","slug":"xbrl-fr","status":"publish","type":"page","link":"https:\/\/aplanet.org\/campaign\/xbrl-fr\/","title":{"rendered":"XBRL &#8211; FR"},"content":{"rendered":"\t\t<div data-elementor-type=\"wp-page\" data-elementor-id=\"6923\" class=\"elementor elementor-6923\">\n\t\t\t\t\t\t<section class=\"elementor-section elementor-top-section elementor-element elementor-element-6ac06f3 elementor-section-boxed elementor-section-height-default elementor-section-height-default\" data-id=\"6ac06f3\" data-element_type=\"section\" data-e-type=\"section\" data-settings=\"{&quot;background_background&quot;:&quot;classic&quot;}\">\n\t\t\t\t\t\t<div class=\"elementor-container elementor-column-gap-default\">\n\t\t\t\t\t<div class=\"elementor-column elementor-col-50 elementor-top-column elementor-element elementor-element-62e781c\" data-id=\"62e781c\" data-element_type=\"column\" data-e-type=\"column\">\n\t\t\t<div class=\"elementor-widget-wrap elementor-element-populated\">\n\t\t\t\t\t\t<div class=\"elementor-element elementor-element-c897eb3 elementor-widget elementor-widget-image\" data-id=\"c897eb3\" data-element_type=\"widget\" data-e-type=\"widget\" data-widget_type=\"image.default\">\n\t\t\t\t<div class=\"elementor-widget-container\">\n\t\t\t\t\t\t\t\t\t\t\t\t\t\t\t<img decoding=\"async\" width=\"300\" height=\"36\" src=\"https:\/\/aplanet.org\/campaign\/wp-content\/uploads\/2023\/03\/APLANET_logoN-1.png\" class=\"attachment-large size-large wp-image-4089\" alt=\"\" \/>\t\t\t\t\t\t\t\t\t\t\t\t\t\t\t<\/div>\n\t\t\t\t<\/div>\n\t\t\t\t\t<\/div>\n\t\t<\/div>\n\t\t\t\t<div class=\"elementor-column elementor-col-50 elementor-top-column elementor-element elementor-element-8a46480\" data-id=\"8a46480\" data-element_type=\"column\" data-e-type=\"column\">\n\t\t\t<div class=\"elementor-widget-wrap elementor-element-populated\">\n\t\t\t\t\t\t<div class=\"elementor-element elementor-element-e891c61 elementor-hidden-mobile elementor-widget elementor-widget-heading\" data-id=\"e891c61\" data-element_type=\"widget\" data-e-type=\"widget\" data-widget_type=\"heading.default\">\n\t\t\t\t<div class=\"elementor-widget-container\">\n\t\t\t\t\t<h4 class=\"elementor-heading-title elementor-size-default\">Guide pratique sur la Taxonomie XBRL<\/h4>\t\t\t\t<\/div>\n\t\t\t\t<\/div>\n\t\t\t\t\t<\/div>\n\t\t<\/div>\n\t\t\t\t\t<\/div>\n\t\t<\/section>\n\t\t\t\t<section class=\"elementor-section elementor-top-section elementor-element elementor-element-e89fe8e elementor-section-boxed elementor-section-height-default elementor-section-height-default\" data-id=\"e89fe8e\" data-element_type=\"section\" data-e-type=\"section\" data-settings=\"{&quot;background_background&quot;:&quot;classic&quot;}\">\n\t\t\t\t\t\t<div class=\"elementor-container elementor-column-gap-default\">\n\t\t\t\t\t<div class=\"elementor-column elementor-col-100 elementor-top-column elementor-element elementor-element-fc92b44\" data-id=\"fc92b44\" data-element_type=\"column\" data-e-type=\"column\">\n\t\t\t<div class=\"elementor-widget-wrap elementor-element-populated\">\n\t\t\t\t\t\t<div class=\"elementor-element elementor-element-a9cd1da elementor-widget-divider--view-line elementor-widget elementor-widget-divider\" data-id=\"a9cd1da\" data-element_type=\"widget\" data-e-type=\"widget\" data-widget_type=\"divider.default\">\n\t\t\t\t<div class=\"elementor-widget-container\">\n\t\t\t\t\t\t\t<div class=\"elementor-divider\">\n\t\t\t<span class=\"elementor-divider-separator\">\n\t\t\t\t\t\t<\/span>\n\t\t<\/div>\n\t\t\t\t\t\t<\/div>\n\t\t\t\t<\/div>\n\t\t\t\t\t<\/div>\n\t\t<\/div>\n\t\t\t\t\t<\/div>\n\t\t<\/section>\n\t\t\t\t<section class=\"elementor-section elementor-top-section elementor-element elementor-element-3b3a028 elementor-section-boxed elementor-section-height-default elementor-section-height-default\" data-id=\"3b3a028\" data-element_type=\"section\" data-e-type=\"section\" data-settings=\"{&quot;background_background&quot;:&quot;classic&quot;}\">\n\t\t\t\t\t\t<div class=\"elementor-container elementor-column-gap-default\">\n\t\t\t\t\t<div class=\"elementor-column elementor-col-100 elementor-top-column elementor-element elementor-element-e1cdfcb\" data-id=\"e1cdfcb\" data-element_type=\"column\" data-e-type=\"column\">\n\t\t\t<div class=\"elementor-widget-wrap elementor-element-populated\">\n\t\t\t\t\t\t<div class=\"elementor-element elementor-element-5303d31 elementor-widget elementor-widget-heading\" data-id=\"5303d31\" data-element_type=\"widget\" data-e-type=\"widget\" data-widget_type=\"heading.default\">\n\t\t\t\t<div class=\"elementor-widget-container\">\n\t\t\t\t\t<h2 class=\"elementor-heading-title elementor-size-default\">Guide complet sur le Balisage XBRL des ESRS<\/h2>\t\t\t\t<\/div>\n\t\t\t\t<\/div>\n\t\t\t\t<div class=\"elementor-element elementor-element-81b0ae4 elementor-widget elementor-widget-spacer\" data-id=\"81b0ae4\" data-element_type=\"widget\" data-e-type=\"widget\" data-widget_type=\"spacer.default\">\n\t\t\t\t<div class=\"elementor-widget-container\">\n\t\t\t\t\t\t\t<div class=\"elementor-spacer\">\n\t\t\t<div class=\"elementor-spacer-inner\"><\/div>\n\t\t<\/div>\n\t\t\t\t\t\t<\/div>\n\t\t\t\t<\/div>\n\t\t\t\t<section class=\"elementor-section elementor-inner-section elementor-element elementor-element-3a76663 elementor-section-boxed elementor-section-height-default elementor-section-height-default\" data-id=\"3a76663\" data-element_type=\"section\" data-e-type=\"section\">\n\t\t\t\t\t\t<div class=\"elementor-container elementor-column-gap-default\">\n\t\t\t\t\t<div class=\"elementor-column elementor-col-50 elementor-inner-column elementor-element elementor-element-f454d5f\" data-id=\"f454d5f\" data-element_type=\"column\" data-e-type=\"column\">\n\t\t\t<div class=\"elementor-widget-wrap elementor-element-populated\">\n\t\t\t\t\t\t<div class=\"elementor-element elementor-element-0e50d41 elementor-widget elementor-widget-text-editor\" data-id=\"0e50d41\" data-element_type=\"widget\" data-e-type=\"widget\" data-widget_type=\"text-editor.default\">\n\t\t\t\t<div class=\"elementor-widget-container\">\n\t\t\t\t\t\t\t\t\t<p><span style=\"font-weight: 400;\">D\u00e9couvrez comment la taxonomie XBRL r\u00e9volutionne le reporting ESG et vous pr\u00e9pare \u00e0 la conformit\u00e9 CSRD.<\/span><\/p><p><span style=\"font-weight: 400;\">Notre guide est con\u00e7u pour vous fournir tout ce que vous devez savoir pour int\u00e9grer la taxonomie XBRL dans votre strat\u00e9gie de reporting sur le d\u00e9veloppement durable :<\/span><\/p><ul><li style=\"font-weight: 400;\" aria-level=\"1\"><b>Pr\u00e9paration et Structure des Rapports : <\/b><span style=\"font-weight: 400;\">Des conseils pratiques pour vos Rapports en mati\u00e8re de d\u00e9veloppement durable en utilisant la Taxonomie XBRL.<\/span><\/li><li style=\"font-weight: 400;\" aria-level=\"1\"><b>Balisage des \u00c9l\u00e9ments Narratifs et Num\u00e9riques :<\/b><span style=\"font-weight: 400;\"> Une d\u00e9marche pas \u00e0 pas pour le balisage pr\u00e9cis des donn\u00e9es dans vos rapports, afin d&#8217;en assurer la clart\u00e9, l&#8217;exactitude et d&#8217;\u00e9viter les recoupements.<\/span><\/li><li style=\"font-weight: 400;\" aria-level=\"1\"><b>Mod\u00e9lisation des IRO et de leur Lien avec les Politiques :<\/b><span style=\"font-weight: 400;\"> Apprenez \u00e0 mod\u00e9liser les impacts, les risques et les opportunit\u00e9s (IRO) et leur corr\u00e9lation avec les politiques, les actions, les objectifs et les mesures \u00e0 l&#8217;aide du langage XBRL.<\/span><\/li><li style=\"font-weight: 400;\" aria-level=\"1\"><b>Int\u00e9gration des Donn\u00e9es Sp\u00e9cifiques et des R\u00e8gles de Validation<\/b><span style=\"font-weight: 400;\"> : Des strat\u00e9gies pour int\u00e9grer dans vos rapports des donn\u00e9es sp\u00e9cifiques \u00e0 l&#8217;entit\u00e9 et la fa\u00e7on d&#8217;utiliser les r\u00e8gles de validation XBRL pour assurer la qualit\u00e9 et la conformit\u00e9.<\/span><\/li><\/ul><p><span style=\"font-weight: 400;\">T\u00e9l\u00e9chargez d\u00e8s maintenant le guide GRATUIT et lancez-vous sur la voie des rapports approfondis sur le d\u00e9veloppement durable !<\/span><\/p><p><em><span style=\"font-weight: 400;\">Format : PDF\u00a0<\/span><\/em><span style=\"font-weight: 400;\"><br \/><\/span><\/p>\t\t\t\t\t\t\t\t<\/div>\n\t\t\t\t<\/div>\n\t\t\t\t\t<\/div>\n\t\t<\/div>\n\t\t\t\t<div class=\"elementor-column elementor-col-50 elementor-inner-column elementor-element elementor-element-c7dac15\" data-id=\"c7dac15\" data-element_type=\"column\" data-e-type=\"column\">\n\t\t\t<div class=\"elementor-widget-wrap elementor-element-populated\">\n\t\t\t\t\t\t<div class=\"elementor-element elementor-element-145f5a8 elementor-widget elementor-widget-image\" data-id=\"145f5a8\" data-element_type=\"widget\" data-e-type=\"widget\" data-widget_type=\"image.default\">\n\t\t\t\t<div class=\"elementor-widget-container\">\n\t\t\t\t\t\t\t\t\t\t\t\t\t\t\t<img fetchpriority=\"high\" decoding=\"async\" width=\"1200\" height=\"1200\" src=\"https:\/\/aplanet.org\/campaign\/wp-content\/uploads\/2024\/04\/GUIA_Maturity_Mockup_Landing_1200x1200_FR.png\" class=\"attachment-full size-full wp-image-6924\" alt=\"\" \/>\t\t\t\t\t\t\t\t\t\t\t\t\t\t\t<\/div>\n\t\t\t\t<\/div>\n\t\t\t\t\t<\/div>\n\t\t<\/div>\n\t\t\t\t\t<\/div>\n\t\t<\/section>\n\t\t\t\t<section class=\"elementor-section elementor-inner-section elementor-element elementor-element-32b75b6 elementor-section-boxed elementor-section-height-default elementor-section-height-default\" data-id=\"32b75b6\" data-element_type=\"section\" data-e-type=\"section\">\n\t\t\t\t\t\t<div class=\"elementor-container elementor-column-gap-default\">\n\t\t\t\t\t<div class=\"elementor-column elementor-col-100 elementor-inner-column elementor-element elementor-element-60db943\" data-id=\"60db943\" data-element_type=\"column\" data-e-type=\"column\">\n\t\t\t<div class=\"elementor-widget-wrap elementor-element-populated\">\n\t\t\t\t\t\t<div class=\"elementor-element elementor-element-9fb2f98 elementor-widget-divider--view-line elementor-widget elementor-widget-divider\" data-id=\"9fb2f98\" data-element_type=\"widget\" data-e-type=\"widget\" data-widget_type=\"divider.default\">\n\t\t\t\t<div class=\"elementor-widget-container\">\n\t\t\t\t\t\t\t<div class=\"elementor-divider\">\n\t\t\t<span class=\"elementor-divider-separator\">\n\t\t\t\t\t\t<\/span>\n\t\t<\/div>\n\t\t\t\t\t\t<\/div>\n\t\t\t\t<\/div>\n\t\t\t\t\t<\/div>\n\t\t<\/div>\n\t\t\t\t\t<\/div>\n\t\t<\/section>\n\t\t\t\t<div class=\"elementor-element elementor-element-b686d4c elementor-widget elementor-widget-html\" data-id=\"b686d4c\" data-element_type=\"widget\" data-e-type=\"widget\" data-widget_type=\"html.default\">\n\t\t\t\t<div class=\"elementor-widget-container\">\n\t\t\t\t\t<script charset=\"utf-8\" type=\"text\/javascript\" src=\"\/\/js.hsforms.net\/forms\/embed\/v2.js\"><\/script>\r\n<script>\r\n  hbspt.forms.create({\r\n    region: \"na1\",\r\n    portalId: \"5618409\",\r\n    formId: \"c2ba1d9b-b0cd-48c9-8844-dade1c25bad1\"\r\n  });\r\n<\/script>\t\t\t\t<\/div>\n\t\t\t\t<\/div>\n\t\t\t\t\t<\/div>\n\t\t<\/div>\n\t\t\t\t\t<\/div>\n\t\t<\/section>\n\t\t\t\t<section class=\"elementor-section elementor-top-section elementor-element elementor-element-5480cfb elementor-section-boxed elementor-section-height-default elementor-section-height-default\" data-id=\"5480cfb\" data-element_type=\"section\" data-e-type=\"section\">\n\t\t\t\t\t\t<div class=\"elementor-container elementor-column-gap-default\">\n\t\t\t\t\t<div class=\"elementor-column elementor-col-100 elementor-top-column elementor-element elementor-element-fd27a3c\" data-id=\"fd27a3c\" data-element_type=\"column\" data-e-type=\"column\">\n\t\t\t<div class=\"elementor-widget-wrap elementor-element-populated\">\n\t\t\t\t\t\t<div class=\"elementor-element elementor-element-89a555c elementor-widget-divider--view-line elementor-widget elementor-widget-divider\" data-id=\"89a555c\" data-element_type=\"widget\" data-e-type=\"widget\" data-widget_type=\"divider.default\">\n\t\t\t\t<div class=\"elementor-widget-container\">\n\t\t\t\t\t\t\t<div class=\"elementor-divider\">\n\t\t\t<span class=\"elementor-divider-separator\">\n\t\t\t\t\t\t<\/span>\n\t\t<\/div>\n\t\t\t\t\t\t<\/div>\n\t\t\t\t<\/div>\n\t\t\t\t\t<\/div>\n\t\t<\/div>\n\t\t\t\t\t<\/div>\n\t\t<\/section>\n\t\t\t\t<section class=\"elementor-section elementor-top-section elementor-element elementor-element-76061ab elementor-section-boxed elementor-section-height-default elementor-section-height-default\" data-id=\"76061ab\" data-element_type=\"section\" data-e-type=\"section\">\n\t\t\t\t\t\t<div class=\"elementor-container elementor-column-gap-default\">\n\t\t\t\t\t<div class=\"elementor-column elementor-col-50 elementor-top-column elementor-element elementor-element-2dab870\" data-id=\"2dab870\" data-element_type=\"column\" data-e-type=\"column\">\n\t\t\t<div class=\"elementor-widget-wrap elementor-element-populated\">\n\t\t\t\t\t\t<div class=\"elementor-element elementor-element-6661587 elementor-widget elementor-widget-text-editor\" data-id=\"6661587\" data-element_type=\"widget\" data-e-type=\"widget\" data-widget_type=\"text-editor.default\">\n\t\t\t\t<div class=\"elementor-widget-container\">\n\t\t\t\t\t\t\t\t\t<p style=\"text-align: left;\"><span style=\"color: #000000;\"><a style=\"color: #000000;\" href=\"https:\/\/aplanet.org\/fr\/termes-et-les-conditions\/\" target=\"_blank\" rel=\"noopener\">Termes et les conditions<\/a> &#8211;\u00a0<\/span><span style=\"color: #000000;\"><a style=\"color: #000000;\" href=\"https:\/\/aplanet.org\/fr\/politique-de-confidentialite\/\" target=\"_blank\" rel=\"noopener\">Politique de Confidentialite<\/a> &#8211;\u00a0<\/span><span style=\"color: #000000;\"><a style=\"color: #000000;\" href=\"https:\/\/aplanet.org\/fr\/politique-de-cookies\/\" target=\"_blank\" rel=\"noopener\">Politique de Cookies<\/a><\/span><\/p><p>Copyright 2023 @APLANET<\/p>\t\t\t\t\t\t\t\t<\/div>\n\t\t\t\t<\/div>\n\t\t\t\t\t<\/div>\n\t\t<\/div>\n\t\t\t\t<div class=\"elementor-column elementor-col-50 elementor-top-column elementor-element elementor-element-a7e893d\" data-id=\"a7e893d\" data-element_type=\"column\" data-e-type=\"column\">\n\t\t\t<div class=\"elementor-widget-wrap elementor-element-populated\">\n\t\t\t\t\t\t<div class=\"elementor-element elementor-element-202fabc elementor-widget elementor-widget-image\" data-id=\"202fabc\" data-element_type=\"widget\" data-e-type=\"widget\" data-widget_type=\"image.default\">\n\t\t\t\t<div class=\"elementor-widget-container\">\n\t\t\t\t\t\t\t\t\t\t\t\t\t\t\t<img decoding=\"async\" width=\"293\" height=\"92\" src=\"https:\/\/aplanet.org\/campaign\/wp-content\/uploads\/2023\/04\/footer_TaglineAPLANET.png\" class=\"attachment-large size-large wp-image-4405\" alt=\"\" \/>\t\t\t\t\t\t\t\t\t\t\t\t\t\t\t<\/div>\n\t\t\t\t<\/div>\n\t\t\t\t\t<\/div>\n\t\t<\/div>\n\t\t\t\t\t<\/div>\n\t\t<\/section>\n\t\t\t\t<\/div>\n\t\t","protected":false},"excerpt":{"rendered":"<p>Guide pratique sur la Taxonomie XBRL Guide complet sur le Balisage XBRL des ESRS D\u00e9couvrez comment la taxonomie XBRL r\u00e9volutionne le reporting ESG et vous pr\u00e9pare \u00e0 la conformit\u00e9 CSRD. Notre guide est con\u00e7u pour vous fournir tout ce que vous devez savoir pour int\u00e9grer la taxonomie XBRL dans votre strat\u00e9gie de reporting sur le &#8230; <a title=\"XBRL &#8211; FR\" class=\"read-more\" href=\"https:\/\/aplanet.org\/campaign\/xbrl-fr\/\" aria-label=\"Leer m\u00e1s sobre XBRL &#8211; FR\">Leer m\u00e1s<\/a><\/p>\n","protected":false},"author":9,"featured_media":6924,"parent":0,"menu_order":0,"comment_status":"closed","ping_status":"closed","template":"elementor_canvas","meta":{"inline_featured_image":false,"footnotes":""},"categories":[],"tags":[11],"class_list":{"0":"post-6923","1":"page","2":"type-page","3":"status-publish","4":"has-post-thumbnail","6":"tag-fr"},"_links":{"self":[{"href":"https:\/\/aplanet.org\/campaign\/wp-json\/wp\/v2\/pages\/6923","targetHints":{"allow":["GET"]}}],"collection":[{"href":"https:\/\/aplanet.org\/campaign\/wp-json\/wp\/v2\/pages"}],"about":[{"href":"https:\/\/aplanet.org\/campaign\/wp-json\/wp\/v2\/types\/page"}],"author":[{"embeddable":true,"href":"https:\/\/aplanet.org\/campaign\/wp-json\/wp\/v2\/users\/9"}],"replies":[{"embeddable":true,"href":"https:\/\/aplanet.org\/campaign\/wp-json\/wp\/v2\/comments?post=6923"}],"version-history":[{"count":3,"href":"https:\/\/aplanet.org\/campaign\/wp-json\/wp\/v2\/pages\/6923\/revisions"}],"predecessor-version":[{"id":6927,"href":"https:\/\/aplanet.org\/campaign\/wp-json\/wp\/v2\/pages\/6923\/revisions\/6927"}],"wp:featuredmedia":[{"embeddable":true,"href":"https:\/\/aplanet.org\/campaign\/wp-json\/wp\/v2\/media\/6924"}],"wp:attachment":[{"href":"https:\/\/aplanet.org\/campaign\/wp-json\/wp\/v2\/media?parent=6923"}],"wp:term":[{"taxonomy":"category","embeddable":true,"href":"https:\/\/aplanet.org\/campaign\/wp-json\/wp\/v2\/categories?post=6923"},{"taxonomy":"post_tag","embeddable":true,"href":"https:\/\/aplanet.org\/campaign\/wp-json\/wp\/v2\/tags?post=6923"}],"curies":[{"name":"wp","href":"https:\/\/api.w.org\/{rel}","templated":true}]}}