{"id":6943,"date":"2024-04-03T19:18:49","date_gmt":"2024-04-03T19:18:49","guid":{"rendered":"https:\/\/aplanet.org\/campaign\/?page_id=6943"},"modified":"2024-04-03T19:22:25","modified_gmt":"2024-04-03T19:22:25","slug":"xbrl-br","status":"publish","type":"page","link":"https:\/\/aplanet.org\/campaign\/xbrl-br\/","title":{"rendered":"XBRL &#8211; BR"},"content":{"rendered":"\t\t<div data-elementor-type=\"wp-page\" data-elementor-id=\"6943\" class=\"elementor elementor-6943\">\n\t\t\t\t\t\t<section class=\"elementor-section elementor-top-section elementor-element elementor-element-6ac06f3 elementor-section-boxed elementor-section-height-default elementor-section-height-default\" data-id=\"6ac06f3\" data-element_type=\"section\" data-e-type=\"section\" data-settings=\"{&quot;background_background&quot;:&quot;classic&quot;}\">\n\t\t\t\t\t\t<div class=\"elementor-container elementor-column-gap-default\">\n\t\t\t\t\t<div class=\"elementor-column elementor-col-50 elementor-top-column elementor-element elementor-element-62e781c\" data-id=\"62e781c\" data-element_type=\"column\" data-e-type=\"column\">\n\t\t\t<div class=\"elementor-widget-wrap elementor-element-populated\">\n\t\t\t\t\t\t<div class=\"elementor-element elementor-element-c897eb3 elementor-widget elementor-widget-image\" data-id=\"c897eb3\" data-element_type=\"widget\" data-e-type=\"widget\" data-widget_type=\"image.default\">\n\t\t\t\t<div class=\"elementor-widget-container\">\n\t\t\t\t\t\t\t\t\t\t\t\t\t\t\t<img decoding=\"async\" width=\"300\" height=\"36\" src=\"https:\/\/aplanet.org\/campaign\/wp-content\/uploads\/2023\/03\/APLANET_logoN-1.png\" class=\"attachment-large size-large wp-image-4089\" alt=\"\" \/>\t\t\t\t\t\t\t\t\t\t\t\t\t\t\t<\/div>\n\t\t\t\t<\/div>\n\t\t\t\t\t<\/div>\n\t\t<\/div>\n\t\t\t\t<div class=\"elementor-column elementor-col-50 elementor-top-column elementor-element elementor-element-8a46480\" data-id=\"8a46480\" data-element_type=\"column\" data-e-type=\"column\">\n\t\t\t<div class=\"elementor-widget-wrap elementor-element-populated\">\n\t\t\t\t\t\t<div class=\"elementor-element elementor-element-e891c61 elementor-hidden-mobile elementor-widget elementor-widget-heading\" data-id=\"e891c61\" data-element_type=\"widget\" data-e-type=\"widget\" data-widget_type=\"heading.default\">\n\t\t\t\t<div class=\"elementor-widget-container\">\n\t\t\t\t\t<h4 class=\"elementor-heading-title elementor-size-default\">Guia pr\u00e1tico para Taxonomia XBRL<\/h4>\t\t\t\t<\/div>\n\t\t\t\t<\/div>\n\t\t\t\t\t<\/div>\n\t\t<\/div>\n\t\t\t\t\t<\/div>\n\t\t<\/section>\n\t\t\t\t<section class=\"elementor-section elementor-top-section elementor-element elementor-element-e89fe8e elementor-section-boxed elementor-section-height-default elementor-section-height-default\" data-id=\"e89fe8e\" data-element_type=\"section\" data-e-type=\"section\" data-settings=\"{&quot;background_background&quot;:&quot;classic&quot;}\">\n\t\t\t\t\t\t<div class=\"elementor-container elementor-column-gap-default\">\n\t\t\t\t\t<div class=\"elementor-column elementor-col-100 elementor-top-column elementor-element elementor-element-fc92b44\" data-id=\"fc92b44\" data-element_type=\"column\" data-e-type=\"column\">\n\t\t\t<div class=\"elementor-widget-wrap elementor-element-populated\">\n\t\t\t\t\t\t<div class=\"elementor-element elementor-element-a9cd1da elementor-widget-divider--view-line elementor-widget elementor-widget-divider\" data-id=\"a9cd1da\" data-element_type=\"widget\" data-e-type=\"widget\" data-widget_type=\"divider.default\">\n\t\t\t\t<div class=\"elementor-widget-container\">\n\t\t\t\t\t\t\t<div class=\"elementor-divider\">\n\t\t\t<span class=\"elementor-divider-separator\">\n\t\t\t\t\t\t<\/span>\n\t\t<\/div>\n\t\t\t\t\t\t<\/div>\n\t\t\t\t<\/div>\n\t\t\t\t\t<\/div>\n\t\t<\/div>\n\t\t\t\t\t<\/div>\n\t\t<\/section>\n\t\t\t\t<section class=\"elementor-section elementor-top-section elementor-element elementor-element-3b3a028 elementor-section-boxed elementor-section-height-default elementor-section-height-default\" data-id=\"3b3a028\" data-element_type=\"section\" data-e-type=\"section\" data-settings=\"{&quot;background_background&quot;:&quot;classic&quot;}\">\n\t\t\t\t\t\t<div class=\"elementor-container elementor-column-gap-default\">\n\t\t\t\t\t<div class=\"elementor-column elementor-col-100 elementor-top-column elementor-element elementor-element-e1cdfcb\" data-id=\"e1cdfcb\" data-element_type=\"column\" data-e-type=\"column\">\n\t\t\t<div class=\"elementor-widget-wrap elementor-element-populated\">\n\t\t\t\t\t\t<div class=\"elementor-element elementor-element-3bb4684 elementor-widget elementor-widget-heading\" data-id=\"3bb4684\" data-element_type=\"widget\" data-e-type=\"widget\" data-widget_type=\"heading.default\">\n\t\t\t\t<div class=\"elementor-widget-container\">\n\t\t\t\t\t<h2 class=\"elementor-heading-title elementor-size-default\">Guia completo para rotulagem XBRL sob a ESRS\n<\/h2>\t\t\t\t<\/div>\n\t\t\t\t<\/div>\n\t\t\t\t<div class=\"elementor-element elementor-element-81b0ae4 elementor-widget elementor-widget-spacer\" data-id=\"81b0ae4\" data-element_type=\"widget\" data-e-type=\"widget\" data-widget_type=\"spacer.default\">\n\t\t\t\t<div class=\"elementor-widget-container\">\n\t\t\t\t\t\t\t<div class=\"elementor-spacer\">\n\t\t\t<div class=\"elementor-spacer-inner\"><\/div>\n\t\t<\/div>\n\t\t\t\t\t\t<\/div>\n\t\t\t\t<\/div>\n\t\t\t\t<section class=\"elementor-section elementor-inner-section elementor-element elementor-element-3a76663 elementor-section-boxed elementor-section-height-default elementor-section-height-default\" data-id=\"3a76663\" data-element_type=\"section\" data-e-type=\"section\">\n\t\t\t\t\t\t<div class=\"elementor-container elementor-column-gap-default\">\n\t\t\t\t\t<div class=\"elementor-column elementor-col-50 elementor-inner-column elementor-element elementor-element-f454d5f\" data-id=\"f454d5f\" data-element_type=\"column\" data-e-type=\"column\">\n\t\t\t<div class=\"elementor-widget-wrap elementor-element-populated\">\n\t\t\t\t\t\t<div class=\"elementor-element elementor-element-00d7d82 elementor-widget elementor-widget-text-editor\" data-id=\"00d7d82\" data-element_type=\"widget\" data-e-type=\"widget\" data-widget_type=\"text-editor.default\">\n\t\t\t\t<div class=\"elementor-widget-container\">\n\t\t\t\t\t\t\t\t\t<p><span style=\"font-weight: 400;\">Descubra como a Taxonomia XBRL revoluciona os relat\u00f3rios ESG e prepara voc\u00ea para a conformidade com a CSRD.<\/span><\/p><p><span style=\"font-weight: 400;\">Nosso guia foi elaborado para fornecer tudo o que voc\u00ea precisa saber para integrar a taxonomia XBRL em sua estrat\u00e9gia de relat\u00f3rios de sustentabilidade:<\/span><\/p><ul><li style=\"font-weight: 400;\" aria-level=\"1\"><b>Prepara\u00e7\u00e3o e Estrutura\u00e7\u00e3o de Relat\u00f3rios: <\/b><span style=\"font-weight: 400;\">Dicas pr\u00e1ticas para a elabora\u00e7\u00e3o eficaz de relat\u00f3rios de sustentabilidade utilizando a Taxonomia XBRL.<\/span><\/li><li style=\"font-weight: 400;\" aria-level=\"1\"><b>Rotulagem de Elementos Narrativos e Num\u00e9ricos: <\/b><span style=\"font-weight: 400;\">Passo a passo na rotulagem precisa das informa\u00e7\u00f5es em seus relat\u00f3rios, garantindo clareza, precis\u00e3o e evitando sobreposi\u00e7\u00f5es.<\/span><\/li><li style=\"font-weight: 400;\" aria-level=\"1\"><b>Modelando IROs e sua conex\u00e3o com pol\u00edticas:<\/b><span style=\"font-weight: 400;\"> Aprenda a modelar Impactos, Riscos e Oportunidades (IROs) e sua rela\u00e7\u00e3o com pol\u00edticas, a\u00e7\u00f5es, objetivos e m\u00e9tricas usando XBRL.<\/span><\/li><li style=\"font-weight: 400;\" aria-level=\"1\"><b>Inclus\u00e3o de divulga\u00e7\u00f5es espec\u00edficas e regras de valida\u00e7\u00e3o: <\/b><span style=\"font-weight: 400;\">estrat\u00e9gias para incorporar informa\u00e7\u00f5es espec\u00edficas da entidade em seus relat\u00f3rios e como usar regras de valida\u00e7\u00e3o XBRL para garantir qualidade e consist\u00eancia.<\/span><\/li><\/ul><p><span style=\"font-weight: 400;\">Baixe o Guia GRATUITO agora e comece o caminho para um Relat\u00f3rio de Sustentabilidade Avan\u00e7ado!<\/span><\/p><p><em><span style=\"font-weight: 400;\">Formato: PDF<\/span><\/em><\/p><p>\u00a0<\/p>\t\t\t\t\t\t\t\t<\/div>\n\t\t\t\t<\/div>\n\t\t\t\t\t<\/div>\n\t\t<\/div>\n\t\t\t\t<div class=\"elementor-column elementor-col-50 elementor-inner-column elementor-element elementor-element-c7dac15\" data-id=\"c7dac15\" data-element_type=\"column\" data-e-type=\"column\">\n\t\t\t<div class=\"elementor-widget-wrap elementor-element-populated\">\n\t\t\t\t\t\t<div class=\"elementor-element elementor-element-145f5a8 elementor-widget elementor-widget-image\" data-id=\"145f5a8\" data-element_type=\"widget\" data-e-type=\"widget\" data-widget_type=\"image.default\">\n\t\t\t\t<div class=\"elementor-widget-container\">\n\t\t\t\t\t\t\t\t\t\t\t\t\t\t\t<img fetchpriority=\"high\" decoding=\"async\" width=\"1200\" height=\"1200\" src=\"https:\/\/aplanet.org\/campaign\/wp-content\/uploads\/2024\/04\/GUIA_Maturity_Mockup_Landing_1200x1200_BR.png\" class=\"attachment-full size-full wp-image-6944\" alt=\"\" \/>\t\t\t\t\t\t\t\t\t\t\t\t\t\t\t<\/div>\n\t\t\t\t<\/div>\n\t\t\t\t\t<\/div>\n\t\t<\/div>\n\t\t\t\t\t<\/div>\n\t\t<\/section>\n\t\t\t\t<div class=\"elementor-element elementor-element-c52dc92 elementor-widget-divider--view-line elementor-widget elementor-widget-divider\" data-id=\"c52dc92\" data-element_type=\"widget\" data-e-type=\"widget\" data-widget_type=\"divider.default\">\n\t\t\t\t<div class=\"elementor-widget-container\">\n\t\t\t\t\t\t\t<div class=\"elementor-divider\">\n\t\t\t<span class=\"elementor-divider-separator\">\n\t\t\t\t\t\t<\/span>\n\t\t<\/div>\n\t\t\t\t\t\t<\/div>\n\t\t\t\t<\/div>\n\t\t\t\t<div class=\"elementor-element elementor-element-b686d4c elementor-widget elementor-widget-html\" data-id=\"b686d4c\" data-element_type=\"widget\" data-e-type=\"widget\" data-widget_type=\"html.default\">\n\t\t\t\t<div class=\"elementor-widget-container\">\n\t\t\t\t\t<script charset=\"utf-8\" type=\"text\/javascript\" src=\"\/\/js.hsforms.net\/forms\/embed\/v2.js\"><\/script>\r\n<script>\r\n  hbspt.forms.create({\r\n    region: \"na1\",\r\n    portalId: \"5618409\",\r\n    formId: \"90899650-d101-4603-b524-f4ac8fcef3f3\"\r\n  });\r\n<\/script>\t\t\t\t<\/div>\n\t\t\t\t<\/div>\n\t\t\t\t\t<\/div>\n\t\t<\/div>\n\t\t\t\t\t<\/div>\n\t\t<\/section>\n\t\t\t\t<section class=\"elementor-section elementor-top-section elementor-element elementor-element-5480cfb elementor-section-boxed elementor-section-height-default elementor-section-height-default\" data-id=\"5480cfb\" data-element_type=\"section\" data-e-type=\"section\">\n\t\t\t\t\t\t<div class=\"elementor-container elementor-column-gap-default\">\n\t\t\t\t\t<div class=\"elementor-column elementor-col-100 elementor-top-column elementor-element elementor-element-fd27a3c\" data-id=\"fd27a3c\" data-element_type=\"column\" data-e-type=\"column\">\n\t\t\t<div class=\"elementor-widget-wrap elementor-element-populated\">\n\t\t\t\t\t\t<div class=\"elementor-element elementor-element-89a555c elementor-widget-divider--view-line elementor-widget elementor-widget-divider\" data-id=\"89a555c\" data-element_type=\"widget\" data-e-type=\"widget\" data-widget_type=\"divider.default\">\n\t\t\t\t<div class=\"elementor-widget-container\">\n\t\t\t\t\t\t\t<div class=\"elementor-divider\">\n\t\t\t<span class=\"elementor-divider-separator\">\n\t\t\t\t\t\t<\/span>\n\t\t<\/div>\n\t\t\t\t\t\t<\/div>\n\t\t\t\t<\/div>\n\t\t\t\t\t<\/div>\n\t\t<\/div>\n\t\t\t\t\t<\/div>\n\t\t<\/section>\n\t\t\t\t<section class=\"elementor-section elementor-top-section elementor-element elementor-element-f95fba8 elementor-section-boxed elementor-section-height-default elementor-section-height-default\" data-id=\"f95fba8\" data-element_type=\"section\" data-e-type=\"section\">\n\t\t\t\t\t\t<div class=\"elementor-container elementor-column-gap-default\">\n\t\t\t\t\t<div class=\"elementor-column elementor-col-50 elementor-top-column elementor-element elementor-element-d662eaa\" data-id=\"d662eaa\" data-element_type=\"column\" data-e-type=\"column\">\n\t\t\t<div class=\"elementor-widget-wrap elementor-element-populated\">\n\t\t\t\t\t\t<div class=\"elementor-element elementor-element-b85e8b2 elementor-widget elementor-widget-text-editor\" data-id=\"b85e8b2\" data-element_type=\"widget\" data-e-type=\"widget\" data-widget_type=\"text-editor.default\">\n\t\t\t\t<div class=\"elementor-widget-container\">\n\t\t\t\t\t\t\t\t\t<p style=\"text-align: left;\"><span style=\"color: #000000;\"><a style=\"color: #000000;\" href=\"https:\/\/aplanet.org\/ptbr\/termos-e-condicoes\/\" target=\"_blank\" rel=\"noopener\">Termos e Condi\u00e7\u00f5es &#8211;\u00a0<\/a><\/span><span style=\"color: #000000;\"><a style=\"color: #000000;\" href=\"https:\/\/aplanet.org\/ptbr\/politica-de-privacidade\/\" target=\"_blank\" rel=\"noopener\">Politica de privacidade &#8211;\u00a0<\/a><\/span><span style=\"color: #000000;\"><a style=\"color: #000000;\" href=\"https:\/\/aplanet.org\/ptbr\/politica-de-cookies\/\" target=\"_blank\" rel=\"noopener\">Politica de cookies<\/a><\/span><\/p><p style=\"text-align: left;\"><span style=\"color: #000000;\">Copyright 2023 @APLANET<\/span><\/p>\t\t\t\t\t\t\t\t<\/div>\n\t\t\t\t<\/div>\n\t\t\t\t\t<\/div>\n\t\t<\/div>\n\t\t\t\t<div class=\"elementor-column elementor-col-50 elementor-top-column elementor-element elementor-element-7bbf0a2\" data-id=\"7bbf0a2\" data-element_type=\"column\" data-e-type=\"column\">\n\t\t\t<div class=\"elementor-widget-wrap elementor-element-populated\">\n\t\t\t\t\t\t<div class=\"elementor-element elementor-element-70feab6 elementor-widget elementor-widget-image\" data-id=\"70feab6\" data-element_type=\"widget\" data-e-type=\"widget\" data-widget_type=\"image.default\">\n\t\t\t\t<div class=\"elementor-widget-container\">\n\t\t\t\t\t\t\t\t\t\t\t\t\t\t\t<img decoding=\"async\" width=\"293\" height=\"92\" src=\"https:\/\/aplanet.org\/campaign\/wp-content\/uploads\/2023\/04\/footer_TaglineAPLANET.png\" class=\"attachment-large size-large wp-image-4405\" alt=\"\" \/>\t\t\t\t\t\t\t\t\t\t\t\t\t\t\t<\/div>\n\t\t\t\t<\/div>\n\t\t\t\t\t<\/div>\n\t\t<\/div>\n\t\t\t\t\t<\/div>\n\t\t<\/section>\n\t\t\t\t<\/div>\n\t\t","protected":false},"excerpt":{"rendered":"<p>Guia pr\u00e1tico para Taxonomia XBRL Guia completo para rotulagem XBRL sob a ESRS Descubra como a Taxonomia XBRL revoluciona os relat\u00f3rios ESG e prepara voc\u00ea para a conformidade com a CSRD. Nosso guia foi elaborado para fornecer tudo o que voc\u00ea precisa saber para integrar a taxonomia XBRL em sua estrat\u00e9gia de relat\u00f3rios de sustentabilidade: &#8230; <a title=\"XBRL &#8211; BR\" class=\"read-more\" href=\"https:\/\/aplanet.org\/campaign\/xbrl-br\/\" aria-label=\"Leer m\u00e1s sobre XBRL &#8211; BR\">Leer m\u00e1s<\/a><\/p>\n","protected":false},"author":9,"featured_media":6944,"parent":0,"menu_order":0,"comment_status":"closed","ping_status":"closed","template":"elementor_canvas","meta":{"inline_featured_image":false,"footnotes":""},"categories":[],"tags":[14],"class_list":{"0":"post-6943","1":"page","2":"type-page","3":"status-publish","4":"has-post-thumbnail","6":"tag-br"},"_links":{"self":[{"href":"https:\/\/aplanet.org\/campaign\/wp-json\/wp\/v2\/pages\/6943","targetHints":{"allow":["GET"]}}],"collection":[{"href":"https:\/\/aplanet.org\/campaign\/wp-json\/wp\/v2\/pages"}],"about":[{"href":"https:\/\/aplanet.org\/campaign\/wp-json\/wp\/v2\/types\/page"}],"author":[{"embeddable":true,"href":"https:\/\/aplanet.org\/campaign\/wp-json\/wp\/v2\/users\/9"}],"replies":[{"embeddable":true,"href":"https:\/\/aplanet.org\/campaign\/wp-json\/wp\/v2\/comments?post=6943"}],"version-history":[{"count":3,"href":"https:\/\/aplanet.org\/campaign\/wp-json\/wp\/v2\/pages\/6943\/revisions"}],"predecessor-version":[{"id":6947,"href":"https:\/\/aplanet.org\/campaign\/wp-json\/wp\/v2\/pages\/6943\/revisions\/6947"}],"wp:featuredmedia":[{"embeddable":true,"href":"https:\/\/aplanet.org\/campaign\/wp-json\/wp\/v2\/media\/6944"}],"wp:attachment":[{"href":"https:\/\/aplanet.org\/campaign\/wp-json\/wp\/v2\/media?parent=6943"}],"wp:term":[{"taxonomy":"category","embeddable":true,"href":"https:\/\/aplanet.org\/campaign\/wp-json\/wp\/v2\/categories?post=6943"},{"taxonomy":"post_tag","embeddable":true,"href":"https:\/\/aplanet.org\/campaign\/wp-json\/wp\/v2\/tags?post=6943"}],"curies":[{"name":"wp","href":"https:\/\/api.w.org\/{rel}","templated":true}]}}