{"id":7989,"date":"2025-03-13T09:28:17","date_gmt":"2025-03-13T09:28:17","guid":{"rendered":"https:\/\/aplanet.org\/campaign\/?page_id=7989"},"modified":"2025-03-13T09:28:34","modified_gmt":"2025-03-13T09:28:34","slug":"omnibus-package-es","status":"publish","type":"page","link":"https:\/\/aplanet.org\/campaign\/omnibus-package-es\/","title":{"rendered":"Omnibus Package &#8211; ES"},"content":{"rendered":"\t\t<div data-elementor-type=\"wp-page\" data-elementor-id=\"7989\" class=\"elementor elementor-7989\">\n\t\t\t\t\t\t<section class=\"elementor-section elementor-top-section elementor-element elementor-element-6ac06f3 elementor-section-boxed elementor-section-height-default elementor-section-height-default\" data-id=\"6ac06f3\" data-element_type=\"section\" data-e-type=\"section\" data-settings=\"{&quot;background_background&quot;:&quot;classic&quot;}\">\n\t\t\t\t\t\t<div class=\"elementor-container elementor-column-gap-default\">\n\t\t\t\t\t<div class=\"elementor-column elementor-col-50 elementor-top-column elementor-element elementor-element-62e781c\" data-id=\"62e781c\" data-element_type=\"column\" data-e-type=\"column\">\n\t\t\t<div class=\"elementor-widget-wrap elementor-element-populated\">\n\t\t\t\t\t\t<div class=\"elementor-element elementor-element-c897eb3 elementor-widget elementor-widget-image\" data-id=\"c897eb3\" data-element_type=\"widget\" data-e-type=\"widget\" data-widget_type=\"image.default\">\n\t\t\t\t<div class=\"elementor-widget-container\">\n\t\t\t\t\t\t\t\t\t\t\t\t\t\t\t<img decoding=\"async\" width=\"300\" height=\"36\" src=\"https:\/\/aplanet.org\/campaign\/wp-content\/uploads\/2023\/03\/APLANET_logoN-1.png\" class=\"attachment-large size-large wp-image-4089\" alt=\"\" \/>\t\t\t\t\t\t\t\t\t\t\t\t\t\t\t<\/div>\n\t\t\t\t<\/div>\n\t\t\t\t\t<\/div>\n\t\t<\/div>\n\t\t\t\t<div class=\"elementor-column elementor-col-50 elementor-top-column elementor-element elementor-element-8a46480\" data-id=\"8a46480\" data-element_type=\"column\" data-e-type=\"column\">\n\t\t\t<div class=\"elementor-widget-wrap elementor-element-populated\">\n\t\t\t\t\t\t<div class=\"elementor-element elementor-element-e891c61 elementor-hidden-mobile elementor-widget elementor-widget-heading\" data-id=\"e891c61\" data-element_type=\"widget\" data-e-type=\"widget\" data-widget_type=\"heading.default\">\n\t\t\t\t<div class=\"elementor-widget-container\">\n\t\t\t\t\t<h4 class=\"elementor-heading-title elementor-size-default\">Gu\u00eda Estrat\u00e9gica sobre el Paquete \u00d3mnibus<\/h4>\t\t\t\t<\/div>\n\t\t\t\t<\/div>\n\t\t\t\t\t<\/div>\n\t\t<\/div>\n\t\t\t\t\t<\/div>\n\t\t<\/section>\n\t\t\t\t<section class=\"elementor-section elementor-top-section elementor-element elementor-element-e89fe8e elementor-section-boxed elementor-section-height-default elementor-section-height-default\" data-id=\"e89fe8e\" data-element_type=\"section\" data-e-type=\"section\" data-settings=\"{&quot;background_background&quot;:&quot;classic&quot;}\">\n\t\t\t\t\t\t<div class=\"elementor-container elementor-column-gap-default\">\n\t\t\t\t\t<div class=\"elementor-column elementor-col-100 elementor-top-column elementor-element elementor-element-fc92b44\" data-id=\"fc92b44\" data-element_type=\"column\" data-e-type=\"column\">\n\t\t\t<div class=\"elementor-widget-wrap elementor-element-populated\">\n\t\t\t\t\t\t<div class=\"elementor-element elementor-element-a9cd1da elementor-widget-divider--view-line elementor-widget elementor-widget-divider\" data-id=\"a9cd1da\" data-element_type=\"widget\" data-e-type=\"widget\" data-widget_type=\"divider.default\">\n\t\t\t\t<div class=\"elementor-widget-container\">\n\t\t\t\t\t\t\t<div class=\"elementor-divider\">\n\t\t\t<span class=\"elementor-divider-separator\">\n\t\t\t\t\t\t<\/span>\n\t\t<\/div>\n\t\t\t\t\t\t<\/div>\n\t\t\t\t<\/div>\n\t\t\t\t\t<\/div>\n\t\t<\/div>\n\t\t\t\t\t<\/div>\n\t\t<\/section>\n\t\t\t\t<section class=\"elementor-section elementor-top-section elementor-element elementor-element-3b3a028 elementor-section-boxed elementor-section-height-default elementor-section-height-default\" data-id=\"3b3a028\" data-element_type=\"section\" data-e-type=\"section\" data-settings=\"{&quot;background_background&quot;:&quot;classic&quot;}\">\n\t\t\t\t\t\t<div class=\"elementor-container elementor-column-gap-default\">\n\t\t\t\t\t<div class=\"elementor-column elementor-col-100 elementor-top-column elementor-element elementor-element-e1cdfcb\" data-id=\"e1cdfcb\" data-element_type=\"column\" data-e-type=\"column\">\n\t\t\t<div class=\"elementor-widget-wrap elementor-element-populated\">\n\t\t\t\t\t\t<div class=\"elementor-element elementor-element-f932dda elementor-widget elementor-widget-heading\" data-id=\"f932dda\" data-element_type=\"widget\" data-e-type=\"widget\" data-widget_type=\"heading.default\">\n\t\t\t\t<div class=\"elementor-widget-container\">\n\t\t\t\t\t<h2 class=\"elementor-heading-title elementor-size-default\">Gu\u00eda Estrat\u00e9gica para Navegar el Paquete \u00d3mnibus de la UE<\/h2>\t\t\t\t<\/div>\n\t\t\t\t<\/div>\n\t\t\t\t<div class=\"elementor-element elementor-element-81b0ae4 elementor-widget elementor-widget-spacer\" data-id=\"81b0ae4\" data-element_type=\"widget\" data-e-type=\"widget\" data-widget_type=\"spacer.default\">\n\t\t\t\t<div class=\"elementor-widget-container\">\n\t\t\t\t\t\t\t<div class=\"elementor-spacer\">\n\t\t\t<div class=\"elementor-spacer-inner\"><\/div>\n\t\t<\/div>\n\t\t\t\t\t\t<\/div>\n\t\t\t\t<\/div>\n\t\t\t\t<section class=\"elementor-section elementor-inner-section elementor-element elementor-element-3a76663 elementor-section-boxed elementor-section-height-default elementor-section-height-default\" data-id=\"3a76663\" data-element_type=\"section\" data-e-type=\"section\">\n\t\t\t\t\t\t<div class=\"elementor-container elementor-column-gap-default\">\n\t\t\t\t\t<div class=\"elementor-column elementor-col-50 elementor-inner-column elementor-element elementor-element-f454d5f\" data-id=\"f454d5f\" data-element_type=\"column\" data-e-type=\"column\">\n\t\t\t<div class=\"elementor-widget-wrap elementor-element-populated\">\n\t\t\t\t\t\t<div class=\"elementor-element elementor-element-26b07fd elementor-widget elementor-widget-text-editor\" data-id=\"26b07fd\" data-element_type=\"widget\" data-e-type=\"widget\" data-widget_type=\"text-editor.default\">\n\t\t\t\t<div class=\"elementor-widget-container\">\n\t\t\t\t\t\t\t\t\t<p><span style=\"font-weight: 400;\">El<\/span><b> Paquete \u00d3mnibu<\/b><span style=\"font-weight: 400;\"><strong>s<\/strong> est\u00e1 redefiniendo la legislaci\u00f3n de sostenibilidad en la UE\u2014\u00bfest\u00e1s preparado? Este paquete introduce modificaciones clave en la Directiva de Informes de Sostenibilidad Corporativa (CSRD), la Directiva de Diligencia Debida en Sostenibilidad Corporativa (CSDDD) y la Taxonom\u00eda de la UE.<\/span><\/p><p><span style=\"font-weight: 400;\">Nuevos umbrales de presentaci\u00f3n de informes, <\/span><b>plazos de cumplimiento y requisitos de diligencia debida en la cadena de suministro<\/b><span style=\"font-weight: 400;\">, impactando a miles de empresas en Europa y m\u00e1s all\u00e1.<\/span><\/p><p><span style=\"font-weight: 400;\">Nuestra gu\u00eda desglosa estos cambios en informaci\u00f3n clara y accionable, ayud\u00e1ndote a preparar tu estrategia ESG y mitigar riesgos de cumplimiento.<\/span><\/p><p><span style=\"font-weight: 400;\">\u00bfQu\u00e9 encontrar\u00e1s en esta gu\u00eda?<\/span><\/p><ul><li style=\"font-weight: 400;\" aria-level=\"1\"><b>Principales Cambios Regulatorios<\/b><span style=\"font-weight: 400;\"> \u2013 An\u00e1lisis detallado de las actualizaciones m\u00e1s importantes en <\/span><b>CSRD, CSDDD y la Taxonom\u00eda de la UE<\/b><span style=\"font-weight: 400;\">.<\/span><\/li><li style=\"font-weight: 400;\" aria-level=\"1\"><b>Gu\u00eda Paso a Paso para Cumplir con la Normativa<\/b><span style=\"font-weight: 400;\"> \u2013 C\u00f3mo adaptarte a los nuevos umbrales de reporte, plazos escalonados y reducci\u00f3n de cargas administrativas.<\/span><\/li><li style=\"font-weight: 400;\" aria-level=\"1\"><b>Impacto Empresarial<\/b><span style=\"font-weight: 400;\"> \u2013 C\u00f3mo los nuevos umbrales de reporte y las reglas revisadas de diligencia debida afectan a grandes empresas, PYMEs y compa\u00f1\u00edas no comunitarias.<\/span><\/li><li style=\"font-weight: 400;\" aria-level=\"1\"><b>Doble Materialidad y Reporte ESG<\/b><span style=\"font-weight: 400;\"> \u2013 Por qu\u00e9 el principio de doble materialidad sigue siendo obligatorio y c\u00f3mo afectar\u00e1 a tus informes de sostenibilidad.<\/span><\/li><li style=\"font-weight: 400;\" aria-level=\"1\"><b>VSME y Reporte Voluntario<\/b><span style=\"font-weight: 400;\"> \u2013 C\u00f3mo las PYMEs pueden beneficiarse de los nuevos marcos de reporte ESG voluntario y qu\u00e9 significa esto para las expectativas de proveedores.<\/span><\/li><li style=\"font-weight: 400;\" aria-level=\"1\"><b>Simplificaci\u00f3n de la Taxonom\u00eda de la UE<\/b><span style=\"font-weight: 400;\"> \u2013 C\u00f3mo el \u00d3mnibus reduce la complejidad del reporte eliminando puntos de datos innecesarios y permitiendo reportes parciales de alineaci\u00f3n con la Taxonom\u00eda.<\/span><\/li><\/ul><p>\u00bfQui\u00e9n deber\u00eda leer esta gu\u00eda?<\/p><ul><li style=\"font-weight: 400;\" aria-level=\"1\"><span style=\"font-weight: 400;\"><strong>Directivos, equipos de sostenibilidad y responsables de cumplimiento normativo<\/strong> que enfrentan cambios regulatorios complejos.<\/span><\/li><li style=\"font-weight: 400;\" aria-level=\"1\"><span style=\"font-weight: 400;\"><strong>Profesionales de ESG y finanzas<\/strong> que deben alinear los datos de sostenibilidad con los requisitos de inversi\u00f3n y reporte.<\/span><\/li><li style=\"font-weight: 400;\" aria-level=\"1\"><span style=\"font-weight: 400;\"><strong>Empresas sujetas a la CSRD, CSDDD y la Taxonom\u00eda de la UE<\/strong>, incluyendo grandes corporaciones, PYMEs y compa\u00f1\u00edas no comunitarias con operaciones en Europa.<\/span><\/li><\/ul><p dir=\"ltr\" style=\"line-height: 1.7999999999999998; background-color: #ffffff; margin-top: 0pt; margin-bottom: 15pt; padding: 3pt 0pt 0pt 0pt;\"><span style=\"font-weight: 400;\">No esperes a que las regulaciones te alcancen.<\/span><\/p><p dir=\"ltr\" style=\"line-height: 1.7999999999999998; background-color: #ffffff; margin-top: 0pt; margin-bottom: 15pt; padding: 3pt 0pt 0pt 0pt;\"><span style=\"font-weight: 400;\">\u00a1Descarga la Gu\u00eda GRATIS Ahora!<\/span><\/p><p dir=\"ltr\" style=\"line-height: 1.7999999999999998; background-color: #ffffff; margin-top: 0pt; margin-bottom: 15pt; padding: 3pt 0pt 0pt 0pt;\"><span style=\"background-color: transparent; font-family: Arial, sans-serif; font-size: 11pt; white-space-collapse: preserve;\">F<i>ormato: PDF<\/i><\/span><\/p>\t\t\t\t\t\t\t\t<\/div>\n\t\t\t\t<\/div>\n\t\t\t\t\t<\/div>\n\t\t<\/div>\n\t\t\t\t<div class=\"elementor-column elementor-col-50 elementor-inner-column elementor-element elementor-element-c7dac15\" data-id=\"c7dac15\" data-element_type=\"column\" data-e-type=\"column\">\n\t\t\t<div class=\"elementor-widget-wrap elementor-element-populated\">\n\t\t\t\t\t\t<div class=\"elementor-element elementor-element-145f5a8 elementor-widget elementor-widget-image\" data-id=\"145f5a8\" data-element_type=\"widget\" data-e-type=\"widget\" data-widget_type=\"image.default\">\n\t\t\t\t<div class=\"elementor-widget-container\">\n\t\t\t\t\t\t\t\t\t\t\t\t\t\t\t<img fetchpriority=\"high\" decoding=\"async\" width=\"1200\" height=\"1200\" src=\"https:\/\/aplanet.org\/campaign\/wp-content\/uploads\/2025\/03\/GUIA_Maturity_Mockup_Landing_1200x1200_ES-1.png\" class=\"attachment-full size-full wp-image-7990\" alt=\"\" srcset=\"https:\/\/aplanet.org\/campaign\/wp-content\/uploads\/2025\/03\/GUIA_Maturity_Mockup_Landing_1200x1200_ES-1.png 1200w, https:\/\/aplanet.org\/campaign\/wp-content\/uploads\/2025\/03\/GUIA_Maturity_Mockup_Landing_1200x1200_ES-1-300x300.png 300w, https:\/\/aplanet.org\/campaign\/wp-content\/uploads\/2025\/03\/GUIA_Maturity_Mockup_Landing_1200x1200_ES-1-1024x1024.png 1024w, https:\/\/aplanet.org\/campaign\/wp-content\/uploads\/2025\/03\/GUIA_Maturity_Mockup_Landing_1200x1200_ES-1-150x150.png 150w, https:\/\/aplanet.org\/campaign\/wp-content\/uploads\/2025\/03\/GUIA_Maturity_Mockup_Landing_1200x1200_ES-1-768x768.png 768w\" sizes=\"(max-width: 1200px) 100vw, 1200px\" \/>\t\t\t\t\t\t\t\t\t\t\t\t\t\t\t<\/div>\n\t\t\t\t<\/div>\n\t\t\t\t\t<\/div>\n\t\t<\/div>\n\t\t\t\t\t<\/div>\n\t\t<\/section>\n\t\t\t\t<div class=\"elementor-element elementor-element-c52dc92 elementor-widget-divider--view-line elementor-widget elementor-widget-divider\" data-id=\"c52dc92\" data-element_type=\"widget\" data-e-type=\"widget\" data-widget_type=\"divider.default\">\n\t\t\t\t<div class=\"elementor-widget-container\">\n\t\t\t\t\t\t\t<div class=\"elementor-divider\">\n\t\t\t<span class=\"elementor-divider-separator\">\n\t\t\t\t\t\t<\/span>\n\t\t<\/div>\n\t\t\t\t\t\t<\/div>\n\t\t\t\t<\/div>\n\t\t\t\t<div class=\"elementor-element elementor-element-b686d4c elementor-widget elementor-widget-html\" data-id=\"b686d4c\" data-element_type=\"widget\" data-e-type=\"widget\" data-widget_type=\"html.default\">\n\t\t\t\t<div class=\"elementor-widget-container\">\n\t\t\t\t\t<script charset=\"utf-8\" type=\"text\/javascript\" src=\"\/\/js.hsforms.net\/forms\/embed\/v2.js\"><\/script>\r\n<script>\r\n  hbspt.forms.create({\r\n    portalId: \"5618409\",\r\n    formId: \"984dc6e4-0000-40e1-9b7e-a664290ec686\",\r\n    region: \"na1\"\r\n  });\r\n<\/script>\t\t\t\t<\/div>\n\t\t\t\t<\/div>\n\t\t\t\t\t<\/div>\n\t\t<\/div>\n\t\t\t\t\t<\/div>\n\t\t<\/section>\n\t\t\t\t<section class=\"elementor-section elementor-top-section elementor-element elementor-element-5480cfb elementor-section-boxed elementor-section-height-default elementor-section-height-default\" data-id=\"5480cfb\" data-element_type=\"section\" data-e-type=\"section\">\n\t\t\t\t\t\t<div class=\"elementor-container elementor-column-gap-default\">\n\t\t\t\t\t<div class=\"elementor-column elementor-col-100 elementor-top-column elementor-element elementor-element-fd27a3c\" data-id=\"fd27a3c\" data-element_type=\"column\" data-e-type=\"column\">\n\t\t\t<div class=\"elementor-widget-wrap elementor-element-populated\">\n\t\t\t\t\t\t<div class=\"elementor-element elementor-element-89a555c elementor-widget-divider--view-line elementor-widget elementor-widget-divider\" data-id=\"89a555c\" data-element_type=\"widget\" data-e-type=\"widget\" data-widget_type=\"divider.default\">\n\t\t\t\t<div class=\"elementor-widget-container\">\n\t\t\t\t\t\t\t<div class=\"elementor-divider\">\n\t\t\t<span class=\"elementor-divider-separator\">\n\t\t\t\t\t\t<\/span>\n\t\t<\/div>\n\t\t\t\t\t\t<\/div>\n\t\t\t\t<\/div>\n\t\t\t\t\t<\/div>\n\t\t<\/div>\n\t\t\t\t\t<\/div>\n\t\t<\/section>\n\t\t\t\t<section class=\"elementor-section elementor-top-section elementor-element elementor-element-9c6ba9b elementor-section-boxed elementor-section-height-default elementor-section-height-default\" data-id=\"9c6ba9b\" data-element_type=\"section\" data-e-type=\"section\">\n\t\t\t\t\t\t<div class=\"elementor-container elementor-column-gap-default\">\n\t\t\t\t\t<div class=\"elementor-column elementor-col-50 elementor-top-column elementor-element elementor-element-72c7bec\" data-id=\"72c7bec\" data-element_type=\"column\" data-e-type=\"column\">\n\t\t\t<div class=\"elementor-widget-wrap elementor-element-populated\">\n\t\t\t\t\t\t<div class=\"elementor-element elementor-element-19115cf elementor-widget elementor-widget-text-editor\" data-id=\"19115cf\" data-element_type=\"widget\" data-e-type=\"widget\" data-widget_type=\"text-editor.default\">\n\t\t\t\t<div class=\"elementor-widget-container\">\n\t\t\t\t\t\t\t\t\t<p><span style=\"color: #000000;\"><a style=\"color: #000000;\" href=\"https:\/\/aplanet.org\/es\/terminos-y-condiciones\/\" target=\"_blank\" rel=\"noopener\">T\u00e9rminos y condiciones<\/a> &#8211; <a style=\"color: #000000;\" href=\"https:\/\/aplanet.org\/es\/politica-de-privacidad\/\" target=\"_blank\" rel=\"noopener\">Politicas y privacidad<\/a> &#8211; <a style=\"color: #000000;\" href=\"https:\/\/aplanet.org\/es\/politica-de-cookies\/\" target=\"_blank\" rel=\"noopener\">Pol\u00edtica de cookies<\/a><\/span><\/p><p>Copyright 2023 @APLANET<\/p>\t\t\t\t\t\t\t\t<\/div>\n\t\t\t\t<\/div>\n\t\t\t\t\t<\/div>\n\t\t<\/div>\n\t\t\t\t<div class=\"elementor-column elementor-col-50 elementor-top-column elementor-element elementor-element-15ade8e\" data-id=\"15ade8e\" data-element_type=\"column\" data-e-type=\"column\">\n\t\t\t<div class=\"elementor-widget-wrap elementor-element-populated\">\n\t\t\t\t\t\t<div class=\"elementor-element elementor-element-8ff2bc1 elementor-widget elementor-widget-image\" data-id=\"8ff2bc1\" data-element_type=\"widget\" data-e-type=\"widget\" data-widget_type=\"image.default\">\n\t\t\t\t<div class=\"elementor-widget-container\">\n\t\t\t\t\t\t\t\t\t\t\t\t\t\t\t<img decoding=\"async\" width=\"293\" height=\"92\" src=\"https:\/\/aplanet.org\/campaign\/wp-content\/uploads\/2023\/04\/footer_TaglineAPLANET.png\" class=\"attachment-large size-large wp-image-4405\" alt=\"\" \/>\t\t\t\t\t\t\t\t\t\t\t\t\t\t\t<\/div>\n\t\t\t\t<\/div>\n\t\t\t\t\t<\/div>\n\t\t<\/div>\n\t\t\t\t\t<\/div>\n\t\t<\/section>\n\t\t\t\t<\/div>\n\t\t","protected":false},"excerpt":{"rendered":"<p>Gu\u00eda Estrat\u00e9gica sobre el Paquete \u00d3mnibus Gu\u00eda Estrat\u00e9gica para Navegar el Paquete \u00d3mnibus de la UE El Paquete \u00d3mnibus est\u00e1 redefiniendo la legislaci\u00f3n de sostenibilidad en la UE\u2014\u00bfest\u00e1s preparado? Este paquete introduce modificaciones clave en la Directiva de Informes de Sostenibilidad Corporativa (CSRD), la Directiva de Diligencia Debida en Sostenibilidad Corporativa (CSDDD) y la Taxonom\u00eda &#8230; <a title=\"Omnibus Package &#8211; ES\" class=\"read-more\" href=\"https:\/\/aplanet.org\/campaign\/omnibus-package-es\/\" aria-label=\"Leer m\u00e1s sobre Omnibus Package &#8211; ES\">Leer m\u00e1s<\/a><\/p>\n","protected":false},"author":9,"featured_media":7990,"parent":0,"menu_order":0,"comment_status":"closed","ping_status":"closed","template":"elementor_canvas","meta":{"inline_featured_image":false,"footnotes":""},"categories":[],"tags":[6],"class_list":{"0":"post-7989","1":"page","2":"type-page","3":"status-publish","4":"has-post-thumbnail","6":"tag-es"},"_links":{"self":[{"href":"https:\/\/aplanet.org\/campaign\/wp-json\/wp\/v2\/pages\/7989","targetHints":{"allow":["GET"]}}],"collection":[{"href":"https:\/\/aplanet.org\/campaign\/wp-json\/wp\/v2\/pages"}],"about":[{"href":"https:\/\/aplanet.org\/campaign\/wp-json\/wp\/v2\/types\/page"}],"author":[{"embeddable":true,"href":"https:\/\/aplanet.org\/campaign\/wp-json\/wp\/v2\/users\/9"}],"replies":[{"embeddable":true,"href":"https:\/\/aplanet.org\/campaign\/wp-json\/wp\/v2\/comments?post=7989"}],"version-history":[{"count":3,"href":"https:\/\/aplanet.org\/campaign\/wp-json\/wp\/v2\/pages\/7989\/revisions"}],"predecessor-version":[{"id":7993,"href":"https:\/\/aplanet.org\/campaign\/wp-json\/wp\/v2\/pages\/7989\/revisions\/7993"}],"wp:featuredmedia":[{"embeddable":true,"href":"https:\/\/aplanet.org\/campaign\/wp-json\/wp\/v2\/media\/7990"}],"wp:attachment":[{"href":"https:\/\/aplanet.org\/campaign\/wp-json\/wp\/v2\/media?parent=7989"}],"wp:term":[{"taxonomy":"category","embeddable":true,"href":"https:\/\/aplanet.org\/campaign\/wp-json\/wp\/v2\/categories?post=7989"},{"taxonomy":"post_tag","embeddable":true,"href":"https:\/\/aplanet.org\/campaign\/wp-json\/wp\/v2\/tags?post=7989"}],"curies":[{"name":"wp","href":"https:\/\/api.w.org\/{rel}","templated":true}]}}