{"id":7998,"date":"2025-03-19T13:39:01","date_gmt":"2025-03-19T13:39:01","guid":{"rendered":"https:\/\/aplanet.org\/campaign\/?page_id=7998"},"modified":"2025-03-19T13:39:24","modified_gmt":"2025-03-19T13:39:24","slug":"normas-informacion-sostenibilidad-mexico-es","status":"publish","type":"page","link":"https:\/\/aplanet.org\/campaign\/normas-informacion-sostenibilidad-mexico-es\/","title":{"rendered":"Normas Informaci\u00f3n Sostenibilidad Mexico &#8211; ES"},"content":{"rendered":"\t\t<div data-elementor-type=\"wp-page\" data-elementor-id=\"7998\" class=\"elementor elementor-7998\">\n\t\t\t\t\t\t<section class=\"elementor-section elementor-top-section elementor-element elementor-element-6ac06f3 elementor-section-boxed elementor-section-height-default elementor-section-height-default\" data-id=\"6ac06f3\" data-element_type=\"section\" data-e-type=\"section\" data-settings=\"{&quot;background_background&quot;:&quot;classic&quot;}\">\n\t\t\t\t\t\t<div class=\"elementor-container elementor-column-gap-default\">\n\t\t\t\t\t<div class=\"elementor-column elementor-col-50 elementor-top-column elementor-element elementor-element-62e781c\" data-id=\"62e781c\" data-element_type=\"column\" data-e-type=\"column\">\n\t\t\t<div class=\"elementor-widget-wrap elementor-element-populated\">\n\t\t\t\t\t\t<div class=\"elementor-element elementor-element-c897eb3 elementor-widget elementor-widget-image\" data-id=\"c897eb3\" data-element_type=\"widget\" data-e-type=\"widget\" data-widget_type=\"image.default\">\n\t\t\t\t<div class=\"elementor-widget-container\">\n\t\t\t\t\t\t\t\t\t\t\t\t\t\t\t<img decoding=\"async\" width=\"300\" height=\"36\" src=\"https:\/\/aplanet.org\/campaign\/wp-content\/uploads\/2023\/03\/APLANET_logoN-1.png\" class=\"attachment-large size-large wp-image-4089\" alt=\"\" \/>\t\t\t\t\t\t\t\t\t\t\t\t\t\t\t<\/div>\n\t\t\t\t<\/div>\n\t\t\t\t\t<\/div>\n\t\t<\/div>\n\t\t\t\t<div class=\"elementor-column elementor-col-50 elementor-top-column elementor-element elementor-element-8a46480\" data-id=\"8a46480\" data-element_type=\"column\" data-e-type=\"column\">\n\t\t\t<div class=\"elementor-widget-wrap elementor-element-populated\">\n\t\t\t\t\t\t<div class=\"elementor-element elementor-element-e891c61 elementor-hidden-mobile elementor-widget elementor-widget-heading\" data-id=\"e891c61\" data-element_type=\"widget\" data-e-type=\"widget\" data-widget_type=\"heading.default\">\n\t\t\t\t<div class=\"elementor-widget-container\">\n\t\t\t\t\t<h4 class=\"elementor-heading-title elementor-size-default\">Normas de Informaci\u00f3n Sostenibilidad M\u00e9xico<\/h4>\t\t\t\t<\/div>\n\t\t\t\t<\/div>\n\t\t\t\t\t<\/div>\n\t\t<\/div>\n\t\t\t\t\t<\/div>\n\t\t<\/section>\n\t\t\t\t<section class=\"elementor-section elementor-top-section elementor-element elementor-element-e89fe8e elementor-section-boxed elementor-section-height-default elementor-section-height-default\" data-id=\"e89fe8e\" data-element_type=\"section\" data-e-type=\"section\" data-settings=\"{&quot;background_background&quot;:&quot;classic&quot;}\">\n\t\t\t\t\t\t<div class=\"elementor-container elementor-column-gap-default\">\n\t\t\t\t\t<div class=\"elementor-column elementor-col-100 elementor-top-column elementor-element elementor-element-fc92b44\" data-id=\"fc92b44\" data-element_type=\"column\" data-e-type=\"column\">\n\t\t\t<div class=\"elementor-widget-wrap elementor-element-populated\">\n\t\t\t\t\t\t<div class=\"elementor-element elementor-element-a9cd1da elementor-widget-divider--view-line elementor-widget elementor-widget-divider\" data-id=\"a9cd1da\" data-element_type=\"widget\" data-e-type=\"widget\" data-widget_type=\"divider.default\">\n\t\t\t\t<div class=\"elementor-widget-container\">\n\t\t\t\t\t\t\t<div class=\"elementor-divider\">\n\t\t\t<span class=\"elementor-divider-separator\">\n\t\t\t\t\t\t<\/span>\n\t\t<\/div>\n\t\t\t\t\t\t<\/div>\n\t\t\t\t<\/div>\n\t\t\t\t\t<\/div>\n\t\t<\/div>\n\t\t\t\t\t<\/div>\n\t\t<\/section>\n\t\t\t\t<section class=\"elementor-section elementor-top-section elementor-element elementor-element-3b3a028 elementor-section-boxed elementor-section-height-default elementor-section-height-default\" data-id=\"3b3a028\" data-element_type=\"section\" data-e-type=\"section\" data-settings=\"{&quot;background_background&quot;:&quot;classic&quot;}\">\n\t\t\t\t\t\t<div class=\"elementor-container elementor-column-gap-default\">\n\t\t\t\t\t<div class=\"elementor-column elementor-col-100 elementor-top-column elementor-element elementor-element-e1cdfcb\" data-id=\"e1cdfcb\" data-element_type=\"column\" data-e-type=\"column\">\n\t\t\t<div class=\"elementor-widget-wrap elementor-element-populated\">\n\t\t\t\t\t\t<div class=\"elementor-element elementor-element-f932dda elementor-widget elementor-widget-heading\" data-id=\"f932dda\" data-element_type=\"widget\" data-e-type=\"widget\" data-widget_type=\"heading.default\">\n\t\t\t\t<div class=\"elementor-widget-container\">\n\t\t\t\t\t<h2 class=\"elementor-heading-title elementor-size-default\">Gu\u00eda Estrat\u00e9gica para Cumplir con las Normas de Informaci\u00f3n de Sostenibilidad en M\u00e9xico<\/h2>\t\t\t\t<\/div>\n\t\t\t\t<\/div>\n\t\t\t\t<div class=\"elementor-element elementor-element-81b0ae4 elementor-widget elementor-widget-spacer\" data-id=\"81b0ae4\" data-element_type=\"widget\" data-e-type=\"widget\" data-widget_type=\"spacer.default\">\n\t\t\t\t<div class=\"elementor-widget-container\">\n\t\t\t\t\t\t\t<div class=\"elementor-spacer\">\n\t\t\t<div class=\"elementor-spacer-inner\"><\/div>\n\t\t<\/div>\n\t\t\t\t\t\t<\/div>\n\t\t\t\t<\/div>\n\t\t\t\t<section class=\"elementor-section elementor-inner-section elementor-element elementor-element-3a76663 elementor-section-boxed elementor-section-height-default elementor-section-height-default\" data-id=\"3a76663\" data-element_type=\"section\" data-e-type=\"section\">\n\t\t\t\t\t\t<div class=\"elementor-container elementor-column-gap-default\">\n\t\t\t\t\t<div class=\"elementor-column elementor-col-50 elementor-inner-column elementor-element elementor-element-f454d5f\" data-id=\"f454d5f\" data-element_type=\"column\" data-e-type=\"column\">\n\t\t\t<div class=\"elementor-widget-wrap elementor-element-populated\">\n\t\t\t\t\t\t<div class=\"elementor-element elementor-element-26b07fd elementor-widget elementor-widget-text-editor\" data-id=\"26b07fd\" data-element_type=\"widget\" data-e-type=\"widget\" data-widget_type=\"text-editor.default\">\n\t\t\t\t<div class=\"elementor-widget-container\">\n\t\t\t\t\t\t\t\t\t<p><span style=\"font-weight: 400;\">Las <\/span><b>Normas de Informaci\u00f3n de Sostenibilidad (NIS)<\/b><span style=\"font-weight: 400;\">, emitidas por el <\/span><b>CINIF<\/b><span style=\"font-weight: 400;\">, entrar\u00e1n en vigor en <\/span><b>2025<\/b><span style=\"font-weight: 400;\"> y afectar\u00e1n a todas las empresas que reportan bajo las <\/span><b>Normas de Informaci\u00f3n Financiera (NIF)<\/b><span style=\"font-weight: 400;\">. Estas normas establecen requisitos de divulgaci\u00f3n ESG alineados con est\u00e1ndares internacionales como IFRS Sustainability, impulsando la <\/span><b>transparencia, competitividad y acceso a financiamiento sostenible<\/b><span style=\"font-weight: 400;\">.<\/span><\/p><p><span style=\"font-weight: 400;\">Esta gu\u00eda te ayudar\u00e1 a entender los cambios clave y c\u00f3mo tu empresa puede prepararse para cumplir con los nuevos requisitos de reporte ESG.<\/span><\/p><p><span style=\"font-weight: 400;\">\u00bfQu\u00e9 encontrar\u00e1s en esta gu\u00eda?<\/span><\/p><ul><li style=\"font-weight: 400;\" aria-level=\"1\"><b>Principales Cambios Regulatorios<\/b><span style=\"font-weight: 400;\"> \u2013 Qu\u00e9 empresas est\u00e1n obligadas a reportar y qu\u00e9 implicaciones tienen las NIS.<\/span><\/li><li style=\"font-weight: 400;\" aria-level=\"1\"><b>Gu\u00eda Paso a Paso para el Cumplimiento<\/b><span style=\"font-weight: 400;\"> \u2013 C\u00f3mo estructurar y presentar la informaci\u00f3n ESG de acuerdo con las nuevas normas.<\/span><\/li><li style=\"font-weight: 400;\" aria-level=\"1\"><b>Beneficios del Cumplimiento<\/b><span style=\"font-weight: 400;\"> \u2013 Acceso a financiamiento sostenible, reducci\u00f3n de riesgos y mejora de la reputaci\u00f3n corporativa.<\/span><\/li><li style=\"font-weight: 400;\" aria-level=\"1\"><b>Automatizaci\u00f3n y Tecnolog\u00eda<\/b><span style=\"font-weight: 400;\"> \u2013 C\u00f3mo plataformas ESG como APLANET pueden facilitar la recopilaci\u00f3n, gesti\u00f3n y reporte de datos.<\/span><\/li><\/ul><p><span style=\"font-weight: 400;\">\u00bfQui\u00e9n deber\u00eda leer esta gu\u00eda?<\/span><\/p><ul><li style=\"font-weight: 400;\" aria-level=\"1\"><b>Directores Financieros y de Cumplimiento<\/b><span style=\"font-weight: 400;\"> que necesiten entender las nuevas obligaciones regulatorias.<\/span><\/li><li style=\"font-weight: 400;\" aria-level=\"1\"><b>Equipos de ESG y Sostenibilidad<\/b><span style=\"font-weight: 400;\"> encargados de preparar los informes de sostenibilidad.<\/span><\/li><li style=\"font-weight: 400;\" aria-level=\"1\"><b>Empresas sujetas a NIF<\/b><span style=\"font-weight: 400;\"> que buscan simplificar su proceso de cumplimiento normativo.<\/span><\/li><\/ul><p><span style=\"font-weight: 400;\">\u00a1Descarga la gu\u00eda ahora y prep\u00e1rate para las NIS!<\/span><\/p><p dir=\"ltr\" style=\"line-height: 1.7999999999999998; background-color: #ffffff; margin-top: 0pt; margin-bottom: 15pt; padding: 3pt 0pt 0pt 0pt;\"><span style=\"background-color: transparent; font-family: Arial, sans-serif; font-size: 11pt; white-space-collapse: preserve;\">F<i>ormato: PDF<\/i><\/span><\/p>\t\t\t\t\t\t\t\t<\/div>\n\t\t\t\t<\/div>\n\t\t\t\t\t<\/div>\n\t\t<\/div>\n\t\t\t\t<div class=\"elementor-column elementor-col-50 elementor-inner-column elementor-element elementor-element-c7dac15\" data-id=\"c7dac15\" data-element_type=\"column\" data-e-type=\"column\">\n\t\t\t<div class=\"elementor-widget-wrap elementor-element-populated\">\n\t\t\t\t\t\t<div class=\"elementor-element elementor-element-145f5a8 elementor-widget elementor-widget-image\" data-id=\"145f5a8\" data-element_type=\"widget\" data-e-type=\"widget\" data-widget_type=\"image.default\">\n\t\t\t\t<div class=\"elementor-widget-container\">\n\t\t\t\t\t\t\t\t\t\t\t\t\t\t\t<img fetchpriority=\"high\" decoding=\"async\" width=\"1200\" height=\"1200\" src=\"https:\/\/aplanet.org\/campaign\/wp-content\/uploads\/2025\/03\/Mockup_Landing_1200x1200.png\" class=\"attachment-full size-full wp-image-7999\" alt=\"\" srcset=\"https:\/\/aplanet.org\/campaign\/wp-content\/uploads\/2025\/03\/Mockup_Landing_1200x1200.png 1200w, https:\/\/aplanet.org\/campaign\/wp-content\/uploads\/2025\/03\/Mockup_Landing_1200x1200-300x300.png 300w, https:\/\/aplanet.org\/campaign\/wp-content\/uploads\/2025\/03\/Mockup_Landing_1200x1200-1024x1024.png 1024w, https:\/\/aplanet.org\/campaign\/wp-content\/uploads\/2025\/03\/Mockup_Landing_1200x1200-150x150.png 150w, https:\/\/aplanet.org\/campaign\/wp-content\/uploads\/2025\/03\/Mockup_Landing_1200x1200-768x768.png 768w\" sizes=\"(max-width: 1200px) 100vw, 1200px\" \/>\t\t\t\t\t\t\t\t\t\t\t\t\t\t\t<\/div>\n\t\t\t\t<\/div>\n\t\t\t\t\t<\/div>\n\t\t<\/div>\n\t\t\t\t\t<\/div>\n\t\t<\/section>\n\t\t\t\t<div class=\"elementor-element elementor-element-c52dc92 elementor-widget-divider--view-line elementor-widget elementor-widget-divider\" data-id=\"c52dc92\" data-element_type=\"widget\" data-e-type=\"widget\" data-widget_type=\"divider.default\">\n\t\t\t\t<div class=\"elementor-widget-container\">\n\t\t\t\t\t\t\t<div class=\"elementor-divider\">\n\t\t\t<span class=\"elementor-divider-separator\">\n\t\t\t\t\t\t<\/span>\n\t\t<\/div>\n\t\t\t\t\t\t<\/div>\n\t\t\t\t<\/div>\n\t\t\t\t<div class=\"elementor-element elementor-element-b686d4c elementor-widget elementor-widget-html\" data-id=\"b686d4c\" data-element_type=\"widget\" data-e-type=\"widget\" data-widget_type=\"html.default\">\n\t\t\t\t<div class=\"elementor-widget-container\">\n\t\t\t\t\t<script charset=\"utf-8\" type=\"text\/javascript\" src=\"\/\/js.hsforms.net\/forms\/embed\/v2.js\"><\/script>\n<script>\n  hbspt.forms.create({\n    portalId: \"5618409\",\n    formId: \"ef92eeae-ffcf-43d3-86d8-8591d2156d3f\",\n    region: \"na1\"\n  });\n<\/script>\t\t\t\t<\/div>\n\t\t\t\t<\/div>\n\t\t\t\t\t<\/div>\n\t\t<\/div>\n\t\t\t\t\t<\/div>\n\t\t<\/section>\n\t\t\t\t<section class=\"elementor-section elementor-top-section elementor-element elementor-element-5480cfb elementor-section-boxed elementor-section-height-default elementor-section-height-default\" data-id=\"5480cfb\" data-element_type=\"section\" data-e-type=\"section\">\n\t\t\t\t\t\t<div class=\"elementor-container elementor-column-gap-default\">\n\t\t\t\t\t<div class=\"elementor-column elementor-col-100 elementor-top-column elementor-element elementor-element-fd27a3c\" data-id=\"fd27a3c\" data-element_type=\"column\" data-e-type=\"column\">\n\t\t\t<div class=\"elementor-widget-wrap elementor-element-populated\">\n\t\t\t\t\t\t<div class=\"elementor-element elementor-element-89a555c elementor-widget-divider--view-line elementor-widget elementor-widget-divider\" data-id=\"89a555c\" data-element_type=\"widget\" data-e-type=\"widget\" data-widget_type=\"divider.default\">\n\t\t\t\t<div class=\"elementor-widget-container\">\n\t\t\t\t\t\t\t<div class=\"elementor-divider\">\n\t\t\t<span class=\"elementor-divider-separator\">\n\t\t\t\t\t\t<\/span>\n\t\t<\/div>\n\t\t\t\t\t\t<\/div>\n\t\t\t\t<\/div>\n\t\t\t\t\t<\/div>\n\t\t<\/div>\n\t\t\t\t\t<\/div>\n\t\t<\/section>\n\t\t\t\t<section class=\"elementor-section elementor-top-section elementor-element elementor-element-9c6ba9b elementor-section-boxed elementor-section-height-default elementor-section-height-default\" data-id=\"9c6ba9b\" data-element_type=\"section\" data-e-type=\"section\">\n\t\t\t\t\t\t<div class=\"elementor-container elementor-column-gap-default\">\n\t\t\t\t\t<div class=\"elementor-column elementor-col-50 elementor-top-column elementor-element elementor-element-72c7bec\" data-id=\"72c7bec\" data-element_type=\"column\" data-e-type=\"column\">\n\t\t\t<div class=\"elementor-widget-wrap elementor-element-populated\">\n\t\t\t\t\t\t<div class=\"elementor-element elementor-element-19115cf elementor-widget elementor-widget-text-editor\" data-id=\"19115cf\" data-element_type=\"widget\" data-e-type=\"widget\" data-widget_type=\"text-editor.default\">\n\t\t\t\t<div class=\"elementor-widget-container\">\n\t\t\t\t\t\t\t\t\t<p><span style=\"color: #000000;\"><a style=\"color: #000000;\" href=\"https:\/\/aplanet.org\/es\/terminos-y-condiciones\/\" target=\"_blank\" rel=\"noopener\">T\u00e9rminos y condiciones<\/a> &#8211; <a style=\"color: #000000;\" href=\"https:\/\/aplanet.org\/es\/politica-de-privacidad\/\" target=\"_blank\" rel=\"noopener\">Politicas y privacidad<\/a> &#8211; <a style=\"color: #000000;\" href=\"https:\/\/aplanet.org\/es\/politica-de-cookies\/\" target=\"_blank\" rel=\"noopener\">Pol\u00edtica de cookies<\/a><\/span><\/p><p>Copyright 2023 @APLANET<\/p>\t\t\t\t\t\t\t\t<\/div>\n\t\t\t\t<\/div>\n\t\t\t\t\t<\/div>\n\t\t<\/div>\n\t\t\t\t<div class=\"elementor-column elementor-col-50 elementor-top-column elementor-element elementor-element-15ade8e\" data-id=\"15ade8e\" data-element_type=\"column\" data-e-type=\"column\">\n\t\t\t<div class=\"elementor-widget-wrap elementor-element-populated\">\n\t\t\t\t\t\t<div class=\"elementor-element elementor-element-8ff2bc1 elementor-widget elementor-widget-image\" data-id=\"8ff2bc1\" data-element_type=\"widget\" data-e-type=\"widget\" data-widget_type=\"image.default\">\n\t\t\t\t<div class=\"elementor-widget-container\">\n\t\t\t\t\t\t\t\t\t\t\t\t\t\t\t<img decoding=\"async\" width=\"293\" height=\"92\" src=\"https:\/\/aplanet.org\/campaign\/wp-content\/uploads\/2023\/04\/footer_TaglineAPLANET.png\" class=\"attachment-large size-large wp-image-4405\" alt=\"\" \/>\t\t\t\t\t\t\t\t\t\t\t\t\t\t\t<\/div>\n\t\t\t\t<\/div>\n\t\t\t\t\t<\/div>\n\t\t<\/div>\n\t\t\t\t\t<\/div>\n\t\t<\/section>\n\t\t\t\t<\/div>\n\t\t","protected":false},"excerpt":{"rendered":"<p>Normas de Informaci\u00f3n Sostenibilidad M\u00e9xico Gu\u00eda Estrat\u00e9gica para Cumplir con las Normas de Informaci\u00f3n de Sostenibilidad en M\u00e9xico Las Normas de Informaci\u00f3n de Sostenibilidad (NIS), emitidas por el CINIF, entrar\u00e1n en vigor en 2025 y afectar\u00e1n a todas las empresas que reportan bajo las Normas de Informaci\u00f3n Financiera (NIF). Estas normas establecen requisitos de divulgaci\u00f3n &#8230; <a title=\"Normas Informaci\u00f3n Sostenibilidad Mexico &#8211; ES\" class=\"read-more\" href=\"https:\/\/aplanet.org\/campaign\/normas-informacion-sostenibilidad-mexico-es\/\" aria-label=\"Leer m\u00e1s sobre Normas Informaci\u00f3n Sostenibilidad Mexico &#8211; ES\">Leer m\u00e1s<\/a><\/p>\n","protected":false},"author":9,"featured_media":7999,"parent":0,"menu_order":0,"comment_status":"closed","ping_status":"closed","template":"elementor_canvas","meta":{"inline_featured_image":false,"footnotes":""},"categories":[],"tags":[6],"class_list":{"0":"post-7998","1":"page","2":"type-page","3":"status-publish","4":"has-post-thumbnail","6":"tag-es"},"_links":{"self":[{"href":"https:\/\/aplanet.org\/campaign\/wp-json\/wp\/v2\/pages\/7998","targetHints":{"allow":["GET"]}}],"collection":[{"href":"https:\/\/aplanet.org\/campaign\/wp-json\/wp\/v2\/pages"}],"about":[{"href":"https:\/\/aplanet.org\/campaign\/wp-json\/wp\/v2\/types\/page"}],"author":[{"embeddable":true,"href":"https:\/\/aplanet.org\/campaign\/wp-json\/wp\/v2\/users\/9"}],"replies":[{"embeddable":true,"href":"https:\/\/aplanet.org\/campaign\/wp-json\/wp\/v2\/comments?post=7998"}],"version-history":[{"count":3,"href":"https:\/\/aplanet.org\/campaign\/wp-json\/wp\/v2\/pages\/7998\/revisions"}],"predecessor-version":[{"id":8002,"href":"https:\/\/aplanet.org\/campaign\/wp-json\/wp\/v2\/pages\/7998\/revisions\/8002"}],"wp:featuredmedia":[{"embeddable":true,"href":"https:\/\/aplanet.org\/campaign\/wp-json\/wp\/v2\/media\/7999"}],"wp:attachment":[{"href":"https:\/\/aplanet.org\/campaign\/wp-json\/wp\/v2\/media?parent=7998"}],"wp:term":[{"taxonomy":"category","embeddable":true,"href":"https:\/\/aplanet.org\/campaign\/wp-json\/wp\/v2\/categories?post=7998"},{"taxonomy":"post_tag","embeddable":true,"href":"https:\/\/aplanet.org\/campaign\/wp-json\/wp\/v2\/tags?post=7998"}],"curies":[{"name":"wp","href":"https:\/\/api.w.org\/{rel}","templated":true}]}}