{"id":8098,"date":"2025-03-25T15:19:46","date_gmt":"2025-03-25T15:19:46","guid":{"rendered":"https:\/\/aplanet.org\/campaign\/?page_id=8098"},"modified":"2025-03-25T15:21:18","modified_gmt":"2025-03-25T15:21:18","slug":"omnibus-package-fr","status":"publish","type":"page","link":"https:\/\/aplanet.org\/campaign\/omnibus-package-fr\/","title":{"rendered":"Omnibus Package &#8211; FR"},"content":{"rendered":"\t\t<div data-elementor-type=\"wp-page\" data-elementor-id=\"8098\" class=\"elementor elementor-8098\">\n\t\t\t\t\t\t<section class=\"elementor-section elementor-top-section elementor-element elementor-element-6ac06f3 elementor-section-boxed elementor-section-height-default elementor-section-height-default\" data-id=\"6ac06f3\" data-element_type=\"section\" data-e-type=\"section\" data-settings=\"{&quot;background_background&quot;:&quot;classic&quot;}\">\n\t\t\t\t\t\t<div class=\"elementor-container elementor-column-gap-default\">\n\t\t\t\t\t<div class=\"elementor-column elementor-col-50 elementor-top-column elementor-element elementor-element-62e781c\" data-id=\"62e781c\" data-element_type=\"column\" data-e-type=\"column\">\n\t\t\t<div class=\"elementor-widget-wrap elementor-element-populated\">\n\t\t\t\t\t\t<div class=\"elementor-element elementor-element-c897eb3 elementor-widget elementor-widget-image\" data-id=\"c897eb3\" data-element_type=\"widget\" data-e-type=\"widget\" data-widget_type=\"image.default\">\n\t\t\t\t<div class=\"elementor-widget-container\">\n\t\t\t\t\t\t\t\t\t\t\t\t\t\t\t<img decoding=\"async\" width=\"300\" height=\"36\" src=\"https:\/\/aplanet.org\/campaign\/wp-content\/uploads\/2023\/03\/APLANET_logoN-1.png\" class=\"attachment-large size-large wp-image-4089\" alt=\"\" \/>\t\t\t\t\t\t\t\t\t\t\t\t\t\t\t<\/div>\n\t\t\t\t<\/div>\n\t\t\t\t\t<\/div>\n\t\t<\/div>\n\t\t\t\t<div class=\"elementor-column elementor-col-50 elementor-top-column elementor-element elementor-element-8a46480\" data-id=\"8a46480\" data-element_type=\"column\" data-e-type=\"column\">\n\t\t\t<div class=\"elementor-widget-wrap elementor-element-populated\">\n\t\t\t\t\t\t<div class=\"elementor-element elementor-element-e891c61 elementor-hidden-mobile elementor-widget elementor-widget-heading\" data-id=\"e891c61\" data-element_type=\"widget\" data-e-type=\"widget\" data-widget_type=\"heading.default\">\n\t\t\t\t<div class=\"elementor-widget-container\">\n\t\t\t\t\t<h4 class=\"elementor-heading-title elementor-size-default\">Guide Pratique sur l'Omnibus de l'UE\n<\/h4>\t\t\t\t<\/div>\n\t\t\t\t<\/div>\n\t\t\t\t\t<\/div>\n\t\t<\/div>\n\t\t\t\t\t<\/div>\n\t\t<\/section>\n\t\t\t\t<section class=\"elementor-section elementor-top-section elementor-element elementor-element-e89fe8e elementor-section-boxed elementor-section-height-default elementor-section-height-default\" data-id=\"e89fe8e\" data-element_type=\"section\" data-e-type=\"section\" data-settings=\"{&quot;background_background&quot;:&quot;classic&quot;}\">\n\t\t\t\t\t\t<div class=\"elementor-container elementor-column-gap-default\">\n\t\t\t\t\t<div class=\"elementor-column elementor-col-100 elementor-top-column elementor-element elementor-element-fc92b44\" data-id=\"fc92b44\" data-element_type=\"column\" data-e-type=\"column\">\n\t\t\t<div class=\"elementor-widget-wrap elementor-element-populated\">\n\t\t\t\t\t\t<div class=\"elementor-element elementor-element-a9cd1da elementor-widget-divider--view-line elementor-widget elementor-widget-divider\" data-id=\"a9cd1da\" data-element_type=\"widget\" data-e-type=\"widget\" data-widget_type=\"divider.default\">\n\t\t\t\t<div class=\"elementor-widget-container\">\n\t\t\t\t\t\t\t<div class=\"elementor-divider\">\n\t\t\t<span class=\"elementor-divider-separator\">\n\t\t\t\t\t\t<\/span>\n\t\t<\/div>\n\t\t\t\t\t\t<\/div>\n\t\t\t\t<\/div>\n\t\t\t\t\t<\/div>\n\t\t<\/div>\n\t\t\t\t\t<\/div>\n\t\t<\/section>\n\t\t\t\t<section class=\"elementor-section elementor-top-section elementor-element elementor-element-3b3a028 elementor-section-boxed elementor-section-height-default elementor-section-height-default\" data-id=\"3b3a028\" data-element_type=\"section\" data-e-type=\"section\" data-settings=\"{&quot;background_background&quot;:&quot;classic&quot;}\">\n\t\t\t\t\t\t<div class=\"elementor-container elementor-column-gap-default\">\n\t\t\t\t\t<div class=\"elementor-column elementor-col-100 elementor-top-column elementor-element elementor-element-e1cdfcb\" data-id=\"e1cdfcb\" data-element_type=\"column\" data-e-type=\"column\">\n\t\t\t<div class=\"elementor-widget-wrap elementor-element-populated\">\n\t\t\t\t\t\t<div class=\"elementor-element elementor-element-5303d31 elementor-widget elementor-widget-heading\" data-id=\"5303d31\" data-element_type=\"widget\" data-e-type=\"widget\" data-widget_type=\"heading.default\">\n\t\t\t\t<div class=\"elementor-widget-container\">\n\t\t\t\t\t<h2 class=\"elementor-heading-title elementor-size-default\">Un guide strat\u00e9gique pour naviguer l\u2019Omnibus de la Commission Europ\u00e9enne<\/h2>\t\t\t\t<\/div>\n\t\t\t\t<\/div>\n\t\t\t\t<div class=\"elementor-element elementor-element-81b0ae4 elementor-widget elementor-widget-spacer\" data-id=\"81b0ae4\" data-element_type=\"widget\" data-e-type=\"widget\" data-widget_type=\"spacer.default\">\n\t\t\t\t<div class=\"elementor-widget-container\">\n\t\t\t\t\t\t\t<div class=\"elementor-spacer\">\n\t\t\t<div class=\"elementor-spacer-inner\"><\/div>\n\t\t<\/div>\n\t\t\t\t\t\t<\/div>\n\t\t\t\t<\/div>\n\t\t\t\t<section class=\"elementor-section elementor-inner-section elementor-element elementor-element-3a76663 elementor-section-boxed elementor-section-height-default elementor-section-height-default\" data-id=\"3a76663\" data-element_type=\"section\" data-e-type=\"section\">\n\t\t\t\t\t\t<div class=\"elementor-container elementor-column-gap-default\">\n\t\t\t\t\t<div class=\"elementor-column elementor-col-50 elementor-inner-column elementor-element elementor-element-f454d5f\" data-id=\"f454d5f\" data-element_type=\"column\" data-e-type=\"column\">\n\t\t\t<div class=\"elementor-widget-wrap elementor-element-populated\">\n\t\t\t\t\t\t<div class=\"elementor-element elementor-element-0e50d41 elementor-widget elementor-widget-text-editor\" data-id=\"0e50d41\" data-element_type=\"widget\" data-e-type=\"widget\" data-widget_type=\"text-editor.default\">\n\t\t\t\t<div class=\"elementor-widget-container\">\n\t\t\t\t\t\t\t\t\t<p><b>L\u2019Omnibus <\/b><span style=\"font-weight: 400;\">est en train de red\u00e9finir les lois europ\u00e9ennes sur la durabilit\u00e9. \u00cates-vous pr\u00eat ?<\/span><\/p><p><span style=\"font-weight: 400;\">Il apporte des r\u00e9visions majeures \u00e0 la Directive sur les rapports de durabilit\u00e9 des entreprises (<strong>CSRD<\/strong>), \u00e0 la Directive sur la diligence raisonnable en mati\u00e8re de durabilit\u00e9 des entreprises (<strong>CSDDD<\/strong>), ainsi qu\u2019\u00e0 la <strong>Taxonomie Verte<\/strong>.<\/span><\/p><p><span style=\"font-weight: 400;\">Ces changements touchent aux <strong>seuils de reporting, aux calendriers de mise en conformit\u00e9 et aux exigences de diligence raisonnable<\/strong> dans la cha\u00eene d&#8217;approvisionnement \u2014 impactant des milliers d\u2019entreprises en Europe et au-del\u00e0.<\/span><\/p><p><span style=\"font-weight: 400;\">Notre guide traduit ces r\u00e9glementations complexes en informations claires et actionnables pour vous aider \u00e0 adapter votre strat\u00e9gie ESG et r\u00e9duire vos risques de non-conformit\u00e9.<\/span><\/p><p><span style=\"font-weight: 400;\">Ce que vous d\u00e9couvrirez dans ce guide :<\/span><\/p><ul><li style=\"font-weight: 400;\" aria-level=\"1\"><b>Les principaux changements r\u00e9glementaires: <\/b><span style=\"font-weight: 400;\">Analyse d\u00e9taill\u00e9e des mises \u00e0 jour les plus importantes de la CSRD, de la CSDDD et de la Taxonomie Verte.<\/span><\/li><li style=\"font-weight: 400;\" aria-level=\"1\"><b>Feuille de route pour la conformit\u00e9<\/b><span style=\"font-weight: 400;\">: Comment vous adapter aux nouveaux seuils de reporting, aux calendriers progressifs et \u00e0 la r\u00e9duction des charges administratives.<\/span><\/li><li style=\"font-weight: 400;\" aria-level=\"1\"><b>Impact pour les entreprises<\/b><span style=\"font-weight: 400;\">: Ce que les seuils relev\u00e9s et les r\u00e8gles de diligence raisonnable r\u00e9vis\u00e9es impliquent pour les grandes entreprises, les PME et les soci\u00e9t\u00e9s non europ\u00e9ennes.<\/span><\/li><li style=\"font-weight: 400;\" aria-level=\"1\"><b>Double mat\u00e9rialit\u00e9 et reporting ESG<\/b><span style=\"font-weight: 400;\">: Pourquoi le principe de double mat\u00e9rialit\u00e9 reste obligatoire et son impact sur vos d\u00e9clarations de durabilit\u00e9.<\/span><\/li><li style=\"font-weight: 400;\" aria-level=\"1\"><b>VSME et reporting volontaire<\/b><span style=\"font-weight: 400;\">: Comment les PME peuvent tirer parti des nouveaux cadres de reporting ESG volontaire, et ce que cela implique pour les attentes des donneurs d&#8217;ordre.<\/span><\/li><li style=\"font-weight: 400;\" aria-level=\"1\"><b>Simplification de la Taxonomie Verte:<\/b><span style=\"font-weight: 400;\"> Comment l\u2019Omnibus r\u00e9duit la complexit\u00e9 du reporting en \u00e9liminant les points de donn\u00e9es non essentiels et en autorisant des d\u00e9clarations partielles d\u2019alignement.<\/span><\/li><\/ul><p><span style=\"font-weight: 400;\">Ce guide s\u2019adresse \u00e0 :<\/span><\/p><ul><li style=\"font-weight: 400;\" aria-level=\"1\"><span style=\"font-weight: 400;\">Dirigeants, \u00e9quipes RSE et responsables conformit\u00e9 confront\u00e9s \u00e0 un environnement r\u00e9glementaire en pleine \u00e9volution<\/span><\/li><li style=\"font-weight: 400;\" aria-level=\"1\"><span style=\"font-weight: 400;\">Professionnels ESG et financiers devant aligner les donn\u00e9es extra-financi\u00e8res sur les exigences d\u2019investissement et de reporting<\/span><\/li><li style=\"font-weight: 400;\" aria-level=\"1\"><span style=\"font-weight: 400;\">Entreprises concern\u00e9es par la CSRD, la CSDDD ou la Taxonomie Verte: grandes entreprises, PME, ou soci\u00e9t\u00e9s non europ\u00e9ennes op\u00e9rant en Europe<\/span><\/li><\/ul><p><span style=\"font-weight: 400;\">N\u2019attendez pas que la r\u00e9glementation vous rattrape.<\/span><\/p><p><b>T\u00e9l\u00e9chargez gratuitement notre guide<\/b><span style=\"font-weight: 400;\"> pour anticiper les changements et pr\u00e9parer l\u2019avenir du reporting ESG.<\/span><\/p><p><em><span style=\"font-weight: 400;\">Format : PDF\u00a0<\/span><\/em><span style=\"font-weight: 400;\"><br \/><\/span><\/p>\t\t\t\t\t\t\t\t<\/div>\n\t\t\t\t<\/div>\n\t\t\t\t\t<\/div>\n\t\t<\/div>\n\t\t\t\t<div class=\"elementor-column elementor-col-50 elementor-inner-column elementor-element elementor-element-c7dac15\" data-id=\"c7dac15\" data-element_type=\"column\" data-e-type=\"column\">\n\t\t\t<div class=\"elementor-widget-wrap elementor-element-populated\">\n\t\t\t\t\t\t<div class=\"elementor-element elementor-element-145f5a8 elementor-widget elementor-widget-image\" data-id=\"145f5a8\" data-element_type=\"widget\" data-e-type=\"widget\" data-widget_type=\"image.default\">\n\t\t\t\t<div class=\"elementor-widget-container\">\n\t\t\t\t\t\t\t\t\t\t\t\t\t\t\t<img fetchpriority=\"high\" decoding=\"async\" width=\"1200\" height=\"1200\" src=\"https:\/\/aplanet.org\/campaign\/wp-content\/uploads\/2025\/03\/GUIA_Maturity_Mockup_Landing_1200x1200_FR-2.png\" class=\"attachment-full size-full wp-image-8099\" alt=\"\" srcset=\"https:\/\/aplanet.org\/campaign\/wp-content\/uploads\/2025\/03\/GUIA_Maturity_Mockup_Landing_1200x1200_FR-2.png 1200w, https:\/\/aplanet.org\/campaign\/wp-content\/uploads\/2025\/03\/GUIA_Maturity_Mockup_Landing_1200x1200_FR-2-300x300.png 300w, https:\/\/aplanet.org\/campaign\/wp-content\/uploads\/2025\/03\/GUIA_Maturity_Mockup_Landing_1200x1200_FR-2-1024x1024.png 1024w, https:\/\/aplanet.org\/campaign\/wp-content\/uploads\/2025\/03\/GUIA_Maturity_Mockup_Landing_1200x1200_FR-2-150x150.png 150w, https:\/\/aplanet.org\/campaign\/wp-content\/uploads\/2025\/03\/GUIA_Maturity_Mockup_Landing_1200x1200_FR-2-768x768.png 768w\" sizes=\"(max-width: 1200px) 100vw, 1200px\" \/>\t\t\t\t\t\t\t\t\t\t\t\t\t\t\t<\/div>\n\t\t\t\t<\/div>\n\t\t\t\t\t<\/div>\n\t\t<\/div>\n\t\t\t\t\t<\/div>\n\t\t<\/section>\n\t\t\t\t<section class=\"elementor-section elementor-inner-section elementor-element elementor-element-32b75b6 elementor-section-boxed elementor-section-height-default elementor-section-height-default\" data-id=\"32b75b6\" data-element_type=\"section\" data-e-type=\"section\">\n\t\t\t\t\t\t<div class=\"elementor-container elementor-column-gap-default\">\n\t\t\t\t\t<div class=\"elementor-column elementor-col-100 elementor-inner-column elementor-element elementor-element-60db943\" data-id=\"60db943\" data-element_type=\"column\" data-e-type=\"column\">\n\t\t\t<div class=\"elementor-widget-wrap elementor-element-populated\">\n\t\t\t\t\t\t<div class=\"elementor-element elementor-element-9fb2f98 elementor-widget-divider--view-line elementor-widget elementor-widget-divider\" data-id=\"9fb2f98\" data-element_type=\"widget\" data-e-type=\"widget\" data-widget_type=\"divider.default\">\n\t\t\t\t<div class=\"elementor-widget-container\">\n\t\t\t\t\t\t\t<div class=\"elementor-divider\">\n\t\t\t<span class=\"elementor-divider-separator\">\n\t\t\t\t\t\t<\/span>\n\t\t<\/div>\n\t\t\t\t\t\t<\/div>\n\t\t\t\t<\/div>\n\t\t\t\t\t<\/div>\n\t\t<\/div>\n\t\t\t\t\t<\/div>\n\t\t<\/section>\n\t\t\t\t<div class=\"elementor-element elementor-element-b686d4c elementor-widget elementor-widget-html\" data-id=\"b686d4c\" data-element_type=\"widget\" data-e-type=\"widget\" data-widget_type=\"html.default\">\n\t\t\t\t<div class=\"elementor-widget-container\">\n\t\t\t\t\t<script charset=\"utf-8\" type=\"text\/javascript\" src=\"\/\/js.hsforms.net\/forms\/embed\/v2.js\"><\/script>\r\n<script>\r\n  hbspt.forms.create({\r\n    portalId: \"5618409\",\r\n    formId: \"fcd5ae61-960e-4064-9fd1-762dd462cb6f\",\r\n    region: \"na1\"\r\n  });\r\n<\/script>\t\t\t\t<\/div>\n\t\t\t\t<\/div>\n\t\t\t\t\t<\/div>\n\t\t<\/div>\n\t\t\t\t\t<\/div>\n\t\t<\/section>\n\t\t\t\t<section class=\"elementor-section elementor-top-section elementor-element elementor-element-5480cfb elementor-section-boxed elementor-section-height-default elementor-section-height-default\" data-id=\"5480cfb\" data-element_type=\"section\" data-e-type=\"section\">\n\t\t\t\t\t\t<div class=\"elementor-container elementor-column-gap-default\">\n\t\t\t\t\t<div class=\"elementor-column elementor-col-100 elementor-top-column elementor-element elementor-element-fd27a3c\" data-id=\"fd27a3c\" data-element_type=\"column\" data-e-type=\"column\">\n\t\t\t<div class=\"elementor-widget-wrap elementor-element-populated\">\n\t\t\t\t\t\t<div class=\"elementor-element elementor-element-89a555c elementor-widget-divider--view-line elementor-widget elementor-widget-divider\" data-id=\"89a555c\" data-element_type=\"widget\" data-e-type=\"widget\" data-widget_type=\"divider.default\">\n\t\t\t\t<div class=\"elementor-widget-container\">\n\t\t\t\t\t\t\t<div class=\"elementor-divider\">\n\t\t\t<span class=\"elementor-divider-separator\">\n\t\t\t\t\t\t<\/span>\n\t\t<\/div>\n\t\t\t\t\t\t<\/div>\n\t\t\t\t<\/div>\n\t\t\t\t\t<\/div>\n\t\t<\/div>\n\t\t\t\t\t<\/div>\n\t\t<\/section>\n\t\t\t\t<section class=\"elementor-section elementor-top-section elementor-element elementor-element-76061ab elementor-section-boxed elementor-section-height-default elementor-section-height-default\" data-id=\"76061ab\" data-element_type=\"section\" data-e-type=\"section\">\n\t\t\t\t\t\t<div class=\"elementor-container elementor-column-gap-default\">\n\t\t\t\t\t<div class=\"elementor-column elementor-col-50 elementor-top-column elementor-element elementor-element-2dab870\" data-id=\"2dab870\" data-element_type=\"column\" data-e-type=\"column\">\n\t\t\t<div class=\"elementor-widget-wrap elementor-element-populated\">\n\t\t\t\t\t\t<div class=\"elementor-element elementor-element-6661587 elementor-widget elementor-widget-text-editor\" data-id=\"6661587\" data-element_type=\"widget\" data-e-type=\"widget\" data-widget_type=\"text-editor.default\">\n\t\t\t\t<div class=\"elementor-widget-container\">\n\t\t\t\t\t\t\t\t\t<p style=\"text-align: left;\"><span style=\"color: #000000;\"><a style=\"color: #000000;\" href=\"https:\/\/aplanet.org\/fr\/termes-et-les-conditions\/\" target=\"_blank\" rel=\"noopener\">Termes et les conditions<\/a> &#8211;\u00a0<\/span><span style=\"color: #000000;\"><a style=\"color: #000000;\" href=\"https:\/\/aplanet.org\/fr\/politique-de-confidentialite\/\" target=\"_blank\" rel=\"noopener\">Politique de Confidentialite<\/a> &#8211;\u00a0<\/span><span style=\"color: #000000;\"><a style=\"color: #000000;\" href=\"https:\/\/aplanet.org\/fr\/politique-de-cookies\/\" target=\"_blank\" rel=\"noopener\">Politique de Cookies<\/a><\/span><\/p><p>Copyright 2023 @APLANET<\/p>\t\t\t\t\t\t\t\t<\/div>\n\t\t\t\t<\/div>\n\t\t\t\t\t<\/div>\n\t\t<\/div>\n\t\t\t\t<div class=\"elementor-column elementor-col-50 elementor-top-column elementor-element elementor-element-a7e893d\" data-id=\"a7e893d\" data-element_type=\"column\" data-e-type=\"column\">\n\t\t\t<div class=\"elementor-widget-wrap elementor-element-populated\">\n\t\t\t\t\t\t<div class=\"elementor-element elementor-element-202fabc elementor-widget elementor-widget-image\" data-id=\"202fabc\" data-element_type=\"widget\" data-e-type=\"widget\" data-widget_type=\"image.default\">\n\t\t\t\t<div class=\"elementor-widget-container\">\n\t\t\t\t\t\t\t\t\t\t\t\t\t\t\t<img decoding=\"async\" width=\"293\" height=\"92\" src=\"https:\/\/aplanet.org\/campaign\/wp-content\/uploads\/2023\/04\/footer_TaglineAPLANET.png\" class=\"attachment-large size-large wp-image-4405\" alt=\"\" \/>\t\t\t\t\t\t\t\t\t\t\t\t\t\t\t<\/div>\n\t\t\t\t<\/div>\n\t\t\t\t\t<\/div>\n\t\t<\/div>\n\t\t\t\t\t<\/div>\n\t\t<\/section>\n\t\t\t\t<\/div>\n\t\t","protected":false},"excerpt":{"rendered":"<p>Guide Pratique sur l&#8217;Omnibus de l&#8217;UE Un guide strat\u00e9gique pour naviguer l\u2019Omnibus de la Commission Europ\u00e9enne L\u2019Omnibus est en train de red\u00e9finir les lois europ\u00e9ennes sur la durabilit\u00e9. \u00cates-vous pr\u00eat ? Il apporte des r\u00e9visions majeures \u00e0 la Directive sur les rapports de durabilit\u00e9 des entreprises (CSRD), \u00e0 la Directive sur la diligence raisonnable en &#8230; <a title=\"Omnibus Package &#8211; FR\" class=\"read-more\" href=\"https:\/\/aplanet.org\/campaign\/omnibus-package-fr\/\" aria-label=\"Leer m\u00e1s sobre Omnibus Package &#8211; FR\">Leer m\u00e1s<\/a><\/p>\n","protected":false},"author":9,"featured_media":8099,"parent":0,"menu_order":0,"comment_status":"closed","ping_status":"closed","template":"elementor_canvas","meta":{"inline_featured_image":false,"footnotes":""},"categories":[],"tags":[11],"class_list":{"0":"post-8098","1":"page","2":"type-page","3":"status-publish","4":"has-post-thumbnail","6":"tag-fr"},"_links":{"self":[{"href":"https:\/\/aplanet.org\/campaign\/wp-json\/wp\/v2\/pages\/8098","targetHints":{"allow":["GET"]}}],"collection":[{"href":"https:\/\/aplanet.org\/campaign\/wp-json\/wp\/v2\/pages"}],"about":[{"href":"https:\/\/aplanet.org\/campaign\/wp-json\/wp\/v2\/types\/page"}],"author":[{"embeddable":true,"href":"https:\/\/aplanet.org\/campaign\/wp-json\/wp\/v2\/users\/9"}],"replies":[{"embeddable":true,"href":"https:\/\/aplanet.org\/campaign\/wp-json\/wp\/v2\/comments?post=8098"}],"version-history":[{"count":6,"href":"https:\/\/aplanet.org\/campaign\/wp-json\/wp\/v2\/pages\/8098\/revisions"}],"predecessor-version":[{"id":8105,"href":"https:\/\/aplanet.org\/campaign\/wp-json\/wp\/v2\/pages\/8098\/revisions\/8105"}],"wp:featuredmedia":[{"embeddable":true,"href":"https:\/\/aplanet.org\/campaign\/wp-json\/wp\/v2\/media\/8099"}],"wp:attachment":[{"href":"https:\/\/aplanet.org\/campaign\/wp-json\/wp\/v2\/media?parent=8098"}],"wp:term":[{"taxonomy":"category","embeddable":true,"href":"https:\/\/aplanet.org\/campaign\/wp-json\/wp\/v2\/categories?post=8098"},{"taxonomy":"post_tag","embeddable":true,"href":"https:\/\/aplanet.org\/campaign\/wp-json\/wp\/v2\/tags?post=8098"}],"curies":[{"name":"wp","href":"https:\/\/api.w.org\/{rel}","templated":true}]}}