{"id":8111,"date":"2025-04-03T12:26:10","date_gmt":"2025-04-03T12:26:10","guid":{"rendered":"https:\/\/aplanet.org\/campaign\/?page_id=8111"},"modified":"2025-04-03T12:26:23","modified_gmt":"2025-04-03T12:26:23","slug":"omnibus-package-it","status":"publish","type":"page","link":"https:\/\/aplanet.org\/campaign\/omnibus-package-it\/","title":{"rendered":"Omnibus Package &#8211; IT"},"content":{"rendered":"\t\t<div data-elementor-type=\"wp-page\" data-elementor-id=\"8111\" class=\"elementor elementor-8111\">\n\t\t\t\t\t\t<section class=\"elementor-section elementor-top-section elementor-element elementor-element-6ac06f3 elementor-section-boxed elementor-section-height-default elementor-section-height-default\" data-id=\"6ac06f3\" data-element_type=\"section\" data-e-type=\"section\" data-settings=\"{&quot;background_background&quot;:&quot;classic&quot;}\">\n\t\t\t\t\t\t<div class=\"elementor-container elementor-column-gap-default\">\n\t\t\t\t\t<div class=\"elementor-column elementor-col-50 elementor-top-column elementor-element elementor-element-62e781c\" data-id=\"62e781c\" data-element_type=\"column\" data-e-type=\"column\">\n\t\t\t<div class=\"elementor-widget-wrap elementor-element-populated\">\n\t\t\t\t\t\t<div class=\"elementor-element elementor-element-c897eb3 elementor-widget elementor-widget-image\" data-id=\"c897eb3\" data-element_type=\"widget\" data-e-type=\"widget\" data-widget_type=\"image.default\">\n\t\t\t\t<div class=\"elementor-widget-container\">\n\t\t\t\t\t\t\t\t\t\t\t\t\t\t\t<img decoding=\"async\" width=\"300\" height=\"36\" src=\"https:\/\/aplanet.org\/campaign\/wp-content\/uploads\/2023\/03\/APLANET_logoN-1.png\" class=\"attachment-large size-large wp-image-4089\" alt=\"\" \/>\t\t\t\t\t\t\t\t\t\t\t\t\t\t\t<\/div>\n\t\t\t\t<\/div>\n\t\t\t\t\t<\/div>\n\t\t<\/div>\n\t\t\t\t<div class=\"elementor-column elementor-col-50 elementor-top-column elementor-element elementor-element-8a46480\" data-id=\"8a46480\" data-element_type=\"column\" data-e-type=\"column\">\n\t\t\t<div class=\"elementor-widget-wrap elementor-element-populated\">\n\t\t\t\t\t\t<div class=\"elementor-element elementor-element-e891c61 elementor-hidden-mobile elementor-widget elementor-widget-heading\" data-id=\"e891c61\" data-element_type=\"widget\" data-e-type=\"widget\" data-widget_type=\"heading.default\">\n\t\t\t\t<div class=\"elementor-widget-container\">\n\t\t\t\t\t<h4 class=\"elementor-heading-title elementor-size-default\">Guida Strategica sul Pacchetto Omnibus<\/h4>\t\t\t\t<\/div>\n\t\t\t\t<\/div>\n\t\t\t\t\t<\/div>\n\t\t<\/div>\n\t\t\t\t\t<\/div>\n\t\t<\/section>\n\t\t\t\t<section class=\"elementor-section elementor-top-section elementor-element elementor-element-e89fe8e elementor-section-boxed elementor-section-height-default elementor-section-height-default\" data-id=\"e89fe8e\" data-element_type=\"section\" data-e-type=\"section\" data-settings=\"{&quot;background_background&quot;:&quot;classic&quot;}\">\n\t\t\t\t\t\t<div class=\"elementor-container elementor-column-gap-default\">\n\t\t\t\t\t<div class=\"elementor-column elementor-col-100 elementor-top-column elementor-element elementor-element-fc92b44\" data-id=\"fc92b44\" data-element_type=\"column\" data-e-type=\"column\">\n\t\t\t<div class=\"elementor-widget-wrap elementor-element-populated\">\n\t\t\t\t\t\t<div class=\"elementor-element elementor-element-a9cd1da elementor-widget-divider--view-line elementor-widget elementor-widget-divider\" data-id=\"a9cd1da\" data-element_type=\"widget\" data-e-type=\"widget\" data-widget_type=\"divider.default\">\n\t\t\t\t<div class=\"elementor-widget-container\">\n\t\t\t\t\t\t\t<div class=\"elementor-divider\">\n\t\t\t<span class=\"elementor-divider-separator\">\n\t\t\t\t\t\t<\/span>\n\t\t<\/div>\n\t\t\t\t\t\t<\/div>\n\t\t\t\t<\/div>\n\t\t\t\t\t<\/div>\n\t\t<\/div>\n\t\t\t\t\t<\/div>\n\t\t<\/section>\n\t\t\t\t<section class=\"elementor-section elementor-top-section elementor-element elementor-element-3b3a028 elementor-section-boxed elementor-section-height-default elementor-section-height-default\" data-id=\"3b3a028\" data-element_type=\"section\" data-e-type=\"section\" data-settings=\"{&quot;background_background&quot;:&quot;classic&quot;}\">\n\t\t\t\t\t\t<div class=\"elementor-container elementor-column-gap-default\">\n\t\t\t\t\t<div class=\"elementor-column elementor-col-100 elementor-top-column elementor-element elementor-element-e1cdfcb\" data-id=\"e1cdfcb\" data-element_type=\"column\" data-e-type=\"column\">\n\t\t\t<div class=\"elementor-widget-wrap elementor-element-populated\">\n\t\t\t\t\t\t<div class=\"elementor-element elementor-element-d5362d7 elementor-widget elementor-widget-heading\" data-id=\"d5362d7\" data-element_type=\"widget\" data-e-type=\"widget\" data-widget_type=\"heading.default\">\n\t\t\t\t<div class=\"elementor-widget-container\">\n\t\t\t\t\t<h2 class=\"elementor-heading-title elementor-size-default\">Pacchetto Omnibus: che impatto avr\u00e0 sulla vostra attivit\u00e0? <\/h2>\t\t\t\t<\/div>\n\t\t\t\t<\/div>\n\t\t\t\t<div class=\"elementor-element elementor-element-81b0ae4 elementor-widget elementor-widget-spacer\" data-id=\"81b0ae4\" data-element_type=\"widget\" data-e-type=\"widget\" data-widget_type=\"spacer.default\">\n\t\t\t\t<div class=\"elementor-widget-container\">\n\t\t\t\t\t\t\t<div class=\"elementor-spacer\">\n\t\t\t<div class=\"elementor-spacer-inner\"><\/div>\n\t\t<\/div>\n\t\t\t\t\t\t<\/div>\n\t\t\t\t<\/div>\n\t\t\t\t<section class=\"elementor-section elementor-inner-section elementor-element elementor-element-3a76663 elementor-section-boxed elementor-section-height-default elementor-section-height-default\" data-id=\"3a76663\" data-element_type=\"section\" data-e-type=\"section\">\n\t\t\t\t\t\t<div class=\"elementor-container elementor-column-gap-default\">\n\t\t\t\t\t<div class=\"elementor-column elementor-col-50 elementor-inner-column elementor-element elementor-element-f454d5f\" data-id=\"f454d5f\" data-element_type=\"column\" data-e-type=\"column\">\n\t\t\t<div class=\"elementor-widget-wrap elementor-element-populated\">\n\t\t\t\t\t\t<div class=\"elementor-element elementor-element-151a1ce elementor-widget elementor-widget-text-editor\" data-id=\"151a1ce\" data-element_type=\"widget\" data-e-type=\"widget\" data-widget_type=\"text-editor.default\">\n\t\t\t\t<div class=\"elementor-widget-container\">\n\t\t\t\t\t\t\t\t\t<p><span style=\"font-weight: 400;\">Il <\/span><b>Pacchetto Omnibus<\/b><span style=\"font-weight: 400;\"> sta ridefinendo la legislazione sulla sostenibilit\u00e0 nell&#8217;UE: siete pronti? Il pacchetto introduce modifiche fondamentali alla direttiva sulla rendicontazione della sostenibilit\u00e0 delle imprese (CSRD), alla direttiva sulla due diligence della sostenibilit\u00e0 corporativa (CSDD) e alla tassonomia dell&#8217;UE.<\/span><\/p><p><span style=\"font-weight: 400;\">Nuove soglie di rendicontazione, <\/span><b>scadenze di conformit\u00e0 e requisiti di due diligence della supply chain<\/b><span style=\"font-weight: 400;\">, che hanno un impatto su migliaia di aziende in Europa e non solo.<\/span><\/p><p><span style=\"font-weight: 400;\">La nostra guida traduce questi cambiamenti in informazioni chiare e praticabili, per aiutarvi a preparare la vostra strategia ESG e a mitigare i rischi di conformit\u00e0.<\/span><\/p><p><span style=\"font-weight: 400;\">Cosa troverete in questa guida?<\/span><\/p><ul><li style=\"font-weight: 400;\" aria-level=\"1\"><b>Principali modifiche normative &#8211; <\/b><span style=\"font-weight: 400;\">Analisi dettagliata degli aggiornamenti pi\u00f9 importanti della<\/span><b> CSRDD, CSDD e della Tassonomia UE.<\/b><\/li><li style=\"font-weight: 400;\" aria-level=\"1\"><b>Guida step by step alla conformit\u00e0 &#8211;<\/b><span style=\"font-weight: 400;\"> Come adattarsi alle nuove soglie di rendicontazione, alle scadenze scaglionate e alla riduzione degli oneri amministrativi.<\/span><\/li><li style=\"font-weight: 400;\" aria-level=\"1\"><b>Impatto sulle imprese &#8211; <\/b><span style=\"font-weight: 400;\">Come le nuove soglie di rendicontazione e le nuove regole di Due Diligence influiscono sulle grandi imprese, sulle PMI e sulle imprese non UE.<\/span><\/li><li style=\"font-weight: 400;\" aria-level=\"1\"><b>Doppia materialit\u00e0 e reporting ESG <\/b><span style=\"font-weight: 400;\">&#8211; Perch\u00e9 il principio della doppia materialit\u00e0 \u00e8 ancora obbligatorio e come influenzer\u00e0 il vostro report di sostenibilit\u00e0.<\/span><\/li><li style=\"font-weight: 400;\" aria-level=\"1\"><b>VSME e rendicontazione volontaria <\/b><span style=\"font-weight: 400;\">&#8211; Come le PMI possono beneficiare dei nuovi quadri di rendicontazione volontaria ESG e cosa significa per le aspettative dei fornitori.<\/span><\/li><li style=\"font-weight: 400;\" aria-level=\"1\"><b>Semplificazione della Tassonomia UE <\/b><span style=\"font-weight: 400;\">&#8211; In che modo l&#8217;Omnibus riduce la complessit\u00e0 dei report eliminando i punti di dati non necessari e consentendo reportdi allineamento parziale alla Tassonomia.<\/span><\/li><\/ul><p><span style=\"font-weight: 400;\">Chi dovrebbe leggere questa guida?<\/span><\/p><ul><li style=\"font-weight: 400;\" aria-level=\"1\"><span style=\"font-weight: 400;\"><strong>Manager, team di sostenibilit\u00e0<\/strong> e responsabili della conformit\u00e0 che devono affrontare complessi cambiamenti normativi.<\/span><\/li><li style=\"font-weight: 400;\" aria-level=\"1\"><span style=\"font-weight: 400;\"><strong>Professionisti ESG e finanziari<\/strong> che devono allineare i dati di sostenibilit\u00e0 con i requisiti di investimento e di rendicontazione.<\/span><\/li><li style=\"font-weight: 400;\" aria-level=\"1\"><span style=\"font-weight: 400;\">Aziende soggette alle normative <strong>CSRDD, CSDD e alla tassonomia UE<\/strong>, comprese le grandi imprese, le PMI e le aziende non UE con attivit\u00e0 in Europa.<\/span><\/li><\/ul><p><span style=\"font-weight: 400;\">Non aspettate che le normative si aggiornino: scaricate subito la Guida GRATUITA!<\/span><\/p><p><em><span style=\"font-weight: 400;\">Formato: PDF<\/span><\/em><\/p>\t\t\t\t\t\t\t\t<\/div>\n\t\t\t\t<\/div>\n\t\t\t\t\t<\/div>\n\t\t<\/div>\n\t\t\t\t<div class=\"elementor-column elementor-col-50 elementor-inner-column elementor-element elementor-element-c7dac15\" data-id=\"c7dac15\" data-element_type=\"column\" data-e-type=\"column\">\n\t\t\t<div class=\"elementor-widget-wrap elementor-element-populated\">\n\t\t\t\t\t\t<div class=\"elementor-element elementor-element-145f5a8 elementor-widget elementor-widget-image\" data-id=\"145f5a8\" data-element_type=\"widget\" data-e-type=\"widget\" data-widget_type=\"image.default\">\n\t\t\t\t<div class=\"elementor-widget-container\">\n\t\t\t\t\t\t\t\t\t\t\t\t\t\t\t<img fetchpriority=\"high\" decoding=\"async\" width=\"1200\" height=\"1200\" src=\"https:\/\/aplanet.org\/campaign\/wp-content\/uploads\/2025\/04\/GUIA_Maturity_Mockup_Landing_1200x1200_IT-2.png\" class=\"attachment-full size-full wp-image-8112\" alt=\"\" srcset=\"https:\/\/aplanet.org\/campaign\/wp-content\/uploads\/2025\/04\/GUIA_Maturity_Mockup_Landing_1200x1200_IT-2.png 1200w, https:\/\/aplanet.org\/campaign\/wp-content\/uploads\/2025\/04\/GUIA_Maturity_Mockup_Landing_1200x1200_IT-2-300x300.png 300w, https:\/\/aplanet.org\/campaign\/wp-content\/uploads\/2025\/04\/GUIA_Maturity_Mockup_Landing_1200x1200_IT-2-1024x1024.png 1024w, https:\/\/aplanet.org\/campaign\/wp-content\/uploads\/2025\/04\/GUIA_Maturity_Mockup_Landing_1200x1200_IT-2-150x150.png 150w, https:\/\/aplanet.org\/campaign\/wp-content\/uploads\/2025\/04\/GUIA_Maturity_Mockup_Landing_1200x1200_IT-2-768x768.png 768w\" sizes=\"(max-width: 1200px) 100vw, 1200px\" \/>\t\t\t\t\t\t\t\t\t\t\t\t\t\t\t<\/div>\n\t\t\t\t<\/div>\n\t\t\t\t\t<\/div>\n\t\t<\/div>\n\t\t\t\t\t<\/div>\n\t\t<\/section>\n\t\t\t\t<div class=\"elementor-element elementor-element-527bf1f elementor-widget-divider--view-line elementor-widget elementor-widget-divider\" data-id=\"527bf1f\" data-element_type=\"widget\" data-e-type=\"widget\" data-widget_type=\"divider.default\">\n\t\t\t\t<div class=\"elementor-widget-container\">\n\t\t\t\t\t\t\t<div class=\"elementor-divider\">\n\t\t\t<span class=\"elementor-divider-separator\">\n\t\t\t\t\t\t<\/span>\n\t\t<\/div>\n\t\t\t\t\t\t<\/div>\n\t\t\t\t<\/div>\n\t\t\t\t<div class=\"elementor-element elementor-element-b686d4c elementor-widget elementor-widget-html\" data-id=\"b686d4c\" data-element_type=\"widget\" data-e-type=\"widget\" data-widget_type=\"html.default\">\n\t\t\t\t<div class=\"elementor-widget-container\">\n\t\t\t\t\t<script charset=\"utf-8\" type=\"text\/javascript\" src=\"\/\/js.hsforms.net\/forms\/embed\/v2.js\"><\/script>\n<script>\n  hbspt.forms.create({\n    portalId: \"5618409\",\n    formId: \"a8a21c54-219a-4db3-9218-5535f5dcfe70\",\n    region: \"na1\"\n  });\n<\/script>\t\t\t\t<\/div>\n\t\t\t\t<\/div>\n\t\t\t\t\t<\/div>\n\t\t<\/div>\n\t\t\t\t\t<\/div>\n\t\t<\/section>\n\t\t\t\t<section class=\"elementor-section elementor-top-section elementor-element elementor-element-5480cfb elementor-section-boxed elementor-section-height-default elementor-section-height-default\" data-id=\"5480cfb\" data-element_type=\"section\" data-e-type=\"section\">\n\t\t\t\t\t\t<div class=\"elementor-container elementor-column-gap-default\">\n\t\t\t\t\t<div class=\"elementor-column elementor-col-100 elementor-top-column elementor-element elementor-element-fd27a3c\" data-id=\"fd27a3c\" data-element_type=\"column\" data-e-type=\"column\">\n\t\t\t<div class=\"elementor-widget-wrap elementor-element-populated\">\n\t\t\t\t\t\t<div class=\"elementor-element elementor-element-89a555c elementor-widget-divider--view-line elementor-widget elementor-widget-divider\" data-id=\"89a555c\" data-element_type=\"widget\" data-e-type=\"widget\" data-widget_type=\"divider.default\">\n\t\t\t\t<div class=\"elementor-widget-container\">\n\t\t\t\t\t\t\t<div class=\"elementor-divider\">\n\t\t\t<span class=\"elementor-divider-separator\">\n\t\t\t\t\t\t<\/span>\n\t\t<\/div>\n\t\t\t\t\t\t<\/div>\n\t\t\t\t<\/div>\n\t\t\t\t\t<\/div>\n\t\t<\/div>\n\t\t\t\t\t<\/div>\n\t\t<\/section>\n\t\t\t\t<section class=\"elementor-section elementor-top-section elementor-element elementor-element-446112a elementor-section-boxed elementor-section-height-default elementor-section-height-default\" data-id=\"446112a\" data-element_type=\"section\" data-e-type=\"section\">\n\t\t\t\t\t\t<div class=\"elementor-container elementor-column-gap-default\">\n\t\t\t\t\t<div class=\"elementor-column elementor-col-50 elementor-top-column elementor-element elementor-element-f88c368\" data-id=\"f88c368\" data-element_type=\"column\" data-e-type=\"column\">\n\t\t\t<div class=\"elementor-widget-wrap elementor-element-populated\">\n\t\t\t\t\t\t<div class=\"elementor-element elementor-element-81b5167 elementor-widget elementor-widget-text-editor\" data-id=\"81b5167\" data-element_type=\"widget\" data-e-type=\"widget\" data-widget_type=\"text-editor.default\">\n\t\t\t\t<div class=\"elementor-widget-container\">\n\t\t\t\t\t\t\t\t\t<span style=\"color: #000000;\"><a style=\"color: #000000;\" href=\"https:\/\/aplanet.org\/it\/termini-e-condizioni\/\" target=\"_blank\" rel=\"noopener\">Termini e condizioni &#8211;\u00a0<\/a><\/span><span style=\"color: #000000;\"><a style=\"color: #000000;\" href=\"https:\/\/aplanet.org\/it\/politica-sulla-privacy\/\" target=\"_blank\" rel=\"noopener\">Politica sulla privacy &#8211;\u00a0<\/a><\/span><span style=\"color: #000000;\"><a style=\"color: #000000;\" href=\"https:\/\/aplanet.org\/it\/politica-dei-cookie\/\" target=\"_blank\" rel=\"noopener\">Politica dei cookie<\/a><\/span>\n\nCopyright 2023 @APLANET\t\t\t\t\t\t\t\t<\/div>\n\t\t\t\t<\/div>\n\t\t\t\t\t<\/div>\n\t\t<\/div>\n\t\t\t\t<div class=\"elementor-column elementor-col-50 elementor-top-column elementor-element elementor-element-346e749\" data-id=\"346e749\" data-element_type=\"column\" data-e-type=\"column\">\n\t\t\t<div class=\"elementor-widget-wrap elementor-element-populated\">\n\t\t\t\t\t\t<div class=\"elementor-element elementor-element-8e63f27 elementor-widget elementor-widget-image\" data-id=\"8e63f27\" data-element_type=\"widget\" data-e-type=\"widget\" data-widget_type=\"image.default\">\n\t\t\t\t<div class=\"elementor-widget-container\">\n\t\t\t\t\t\t\t\t\t\t\t\t\t\t\t<img decoding=\"async\" width=\"293\" height=\"92\" src=\"https:\/\/aplanet.org\/campaign\/wp-content\/uploads\/2023\/04\/footer_TaglineAPLANET.png\" class=\"attachment-large size-large wp-image-4405\" alt=\"\" \/>\t\t\t\t\t\t\t\t\t\t\t\t\t\t\t<\/div>\n\t\t\t\t<\/div>\n\t\t\t\t\t<\/div>\n\t\t<\/div>\n\t\t\t\t\t<\/div>\n\t\t<\/section>\n\t\t\t\t<\/div>\n\t\t","protected":false},"excerpt":{"rendered":"<p>Guida Strategica sul Pacchetto Omnibus Pacchetto Omnibus: che impatto avr\u00e0 sulla vostra attivit\u00e0? Il Pacchetto Omnibus sta ridefinendo la legislazione sulla sostenibilit\u00e0 nell&#8217;UE: siete pronti? Il pacchetto introduce modifiche fondamentali alla direttiva sulla rendicontazione della sostenibilit\u00e0 delle imprese (CSRD), alla direttiva sulla due diligence della sostenibilit\u00e0 corporativa (CSDD) e alla tassonomia dell&#8217;UE. Nuove soglie di &#8230; <a title=\"Omnibus Package &#8211; IT\" class=\"read-more\" href=\"https:\/\/aplanet.org\/campaign\/omnibus-package-it\/\" aria-label=\"Leer m\u00e1s sobre Omnibus Package &#8211; IT\">Leer m\u00e1s<\/a><\/p>\n","protected":false},"author":9,"featured_media":8112,"parent":0,"menu_order":0,"comment_status":"closed","ping_status":"closed","template":"elementor_canvas","meta":{"inline_featured_image":false,"footnotes":""},"categories":[],"tags":[10],"class_list":{"0":"post-8111","1":"page","2":"type-page","3":"status-publish","4":"has-post-thumbnail","6":"tag-it"},"_links":{"self":[{"href":"https:\/\/aplanet.org\/campaign\/wp-json\/wp\/v2\/pages\/8111","targetHints":{"allow":["GET"]}}],"collection":[{"href":"https:\/\/aplanet.org\/campaign\/wp-json\/wp\/v2\/pages"}],"about":[{"href":"https:\/\/aplanet.org\/campaign\/wp-json\/wp\/v2\/types\/page"}],"author":[{"embeddable":true,"href":"https:\/\/aplanet.org\/campaign\/wp-json\/wp\/v2\/users\/9"}],"replies":[{"embeddable":true,"href":"https:\/\/aplanet.org\/campaign\/wp-json\/wp\/v2\/comments?post=8111"}],"version-history":[{"count":3,"href":"https:\/\/aplanet.org\/campaign\/wp-json\/wp\/v2\/pages\/8111\/revisions"}],"predecessor-version":[{"id":8115,"href":"https:\/\/aplanet.org\/campaign\/wp-json\/wp\/v2\/pages\/8111\/revisions\/8115"}],"wp:featuredmedia":[{"embeddable":true,"href":"https:\/\/aplanet.org\/campaign\/wp-json\/wp\/v2\/media\/8112"}],"wp:attachment":[{"href":"https:\/\/aplanet.org\/campaign\/wp-json\/wp\/v2\/media?parent=8111"}],"wp:term":[{"taxonomy":"category","embeddable":true,"href":"https:\/\/aplanet.org\/campaign\/wp-json\/wp\/v2\/categories?post=8111"},{"taxonomy":"post_tag","embeddable":true,"href":"https:\/\/aplanet.org\/campaign\/wp-json\/wp\/v2\/tags?post=8111"}],"curies":[{"name":"wp","href":"https:\/\/api.w.org\/{rel}","templated":true}]}}